{"id":82,"date":"2018-12-11T02:39:53","date_gmt":"2018-12-11T00:39:53","guid":{"rendered":"http:\/\/dinamitzacio-social-digital-test.recursos.uoc.edu\/contextos-exclusio\/?page_id=82"},"modified":"2019-01-09T10:24:21","modified_gmt":"2019-01-09T08:24:21","slug":"2-4-1-introduccio","status":"publish","type":"page","link":"http:\/\/dinamitzacio-social-digital-test.recursos.uoc.edu\/contextos-exclusio\/2-4-1-introduccio\/","title":{"rendered":"2.4.1. Introducci\u00f3"},"content":{"rendered":"<p>En aquest apartat ens centrarem en una societat amb usos d\u2019internet ben consolidats i en evoluci\u00f3 digital cont\u00ednua (com ara la catalana, l\u2019espanyola o l\u2019europea en general) i no tant en zones del planeta on s\u2019estan comen\u00e7ant a desenvolupar. Veurem els grups socials que, per les seves caracter\u00edstiques, s\u00f3n especialment vulnerables enfront de l\u2019exclusi\u00f3 digital i, per tant, grups potencials per a la nostra acci\u00f3 professional. Tot i aix\u00f2, cal tenir en compte que qualsevol persona \u00e9s susceptible de caure en l\u2019exclusi\u00f3 digital, especialment si passa temps sense tenir contacte amb la tecnologia, ja que aquesta avan\u00e7a a una velocitat tan gran que fins i tot \u00e9s dif\u00edcil determinar de manera estable quins s\u00f3n els coneixements b\u00e0sics m\u00ednims.<\/p>\n","protected":false},"excerpt":{"rendered":"<p>En aquest apartat ens centrarem en una societat amb usos d\u2019internet ben consolidats i en evoluci\u00f3 digital cont\u00ednua (com ara la catalana, l\u2019espanyola o l\u2019europea en general) i no tant en zones del planeta on s\u2019estan comen\u00e7ant a desenvolupar. Veurem els grups socials que, per les seves caracter\u00edstiques, s\u00f3n especialment vulnerables enfront de l\u2019exclusi\u00f3 digital [&hellip;]<\/p>\n","protected":false},"author":1,"featured_media":0,"parent":0,"menu_order":0,"comment_status":"closed","ping_status":"closed","template":"","meta":[],"_links":{"self":[{"href":"http:\/\/dinamitzacio-social-digital-test.recursos.uoc.edu\/contextos-exclusio\/wp-json\/wp\/v2\/pages\/82"}],"collection":[{"href":"http:\/\/dinamitzacio-social-digital-test.recursos.uoc.edu\/contextos-exclusio\/wp-json\/wp\/v2\/pages"}],"about":[{"href":"http:\/\/dinamitzacio-social-digital-test.recursos.uoc.edu\/contextos-exclusio\/wp-json\/wp\/v2\/types\/page"}],"author":[{"embeddable":true,"href":"http:\/\/dinamitzacio-social-digital-test.recursos.uoc.edu\/contextos-exclusio\/wp-json\/wp\/v2\/users\/1"}],"replies":[{"embeddable":true,"href":"http:\/\/dinamitzacio-social-digital-test.recursos.uoc.edu\/contextos-exclusio\/wp-json\/wp\/v2\/comments?post=82"}],"version-history":[{"count":2,"href":"http:\/\/dinamitzacio-social-digital-test.recursos.uoc.edu\/contextos-exclusio\/wp-json\/wp\/v2\/pages\/82\/revisions"}],"predecessor-version":[{"id":525,"href":"http:\/\/dinamitzacio-social-digital-test.recursos.uoc.edu\/contextos-exclusio\/wp-json\/wp\/v2\/pages\/82\/revisions\/525"}],"wp:attachment":[{"href":"http:\/\/dinamitzacio-social-digital-test.recursos.uoc.edu\/contextos-exclusio\/wp-json\/wp\/v2\/media?parent=82"}],"curies":[{"name":"wp","href":"https:\/\/api.w.org\/{rel}","templated":true}]}}