{"id":84,"date":"2018-12-11T02:42:25","date_gmt":"2018-12-11T00:42:25","guid":{"rendered":"http:\/\/dinamitzacio-social-digital-test.recursos.uoc.edu\/contextos-exclusio\/?page_id=84"},"modified":"2021-01-29T10:28:16","modified_gmt":"2021-01-29T08:28:16","slug":"2-4-2-persones-amb-diversitat-funcional","status":"publish","type":"page","link":"http:\/\/dinamitzacio-social-digital-test.recursos.uoc.edu\/contextos-exclusio\/2-4-2-persones-amb-diversitat-funcional\/","title":{"rendered":"2.4.2. Persones amb diversitat funcional"},"content":{"rendered":"<blockquote><p>\u00ab(&#8230;) la discapacitat \u00e9s una restricci\u00f3 o mancan\u00e7a \u2014causada per una defici\u00e8ncia\u2014 de la capacitat per a fer una activitat de la manera que es considera normal per a qualsevol altre \u00e9sser hum\u00e0.\u00bb<\/p>\n<p>OMS<\/p><\/blockquote>\n<p>Contextualitzant la definici\u00f3 en l\u2019entorn que ens interessa, hem d\u2019entendre com a diversa funcionalment una persona amb dificultats per a utilitzar les TIC a causa de determinats problemes relacionats amb el seu cos (auditives, intel\u00b7lectuals, motores, visuals, ps\u00edquiques, etc.). En qualsevol pa\u00eds desenvolupat, es calcula que les persones amb diversitat funcional representen entre un 10 % i un 20 % de la poblaci\u00f3.<\/p>\n<p>No obstant aix\u00f2, sota la denominaci\u00f3 de <strong>persona amb diversitat funcional<\/strong> trobem realitats molt diferents. No t\u00e9 el mateix tipus de barreres una persona cega que una altra amb discapacitat mental lleugera.<br \/>\nEn qualsevol cas, aquestes barreres poden desembocar en exclusi\u00f3 social, a la qual se suma la que li pot ocasionar la diversitat funcional. Segons <a href=\"https:\/\/www.discapnet.es\/\" target=\"_blank\" rel=\"noopener\">Discapnet<\/a>:<\/p>\n<blockquote><p>\u00abPara algunas personas con discapacidad, las barreras pueden significar:<\/p>\n<ul>\n<li>La falta de acceso a informaci\u00f3n precisa para programas educativos.<\/li>\n<li>La falta de acceso a informaci\u00f3n relacionada con el empleo o en las intranets del puesto de trabajo.<\/li>\n<li>La falta de acceso a informaci\u00f3n sobre actividades o programas c\u00edvicos.<\/li>\n<li>La incapacidad para participar en el comercio en la red.<\/li>\n<li>La falta de acceso a la informaci\u00f3n general de la web.<\/li>\n<\/ul>\n<p>[&#8230;]<\/p>\n<p>Lo m\u00e1s importante para hacer un sitio accesible es comprender que la gente utiliza la web de modos muy diferentes. Por tanto, un sitio deber\u00e1 presentar la informaci\u00f3n de tal manera que la gente pueda acceder a ella independientemente del equipo (\u00abhardware\u00bb) y los programas (\u00absoftware\u00bb) que use, e independientemente de c\u00f3mo navegue un sitio.<\/p>\n<p>[&#8230;]<\/p>\n<p>Los problemas habituales de accesibilidad a los sitios web incluyen:<\/p>\n<ul>\n<li>im\u00e1genes sin texto alternativo;<\/li>\n<li>ausencia de texto alternativo para los puntos sensibles de los mapas de imagen;<\/li>\n<li>el uso incorrecto de los elementos estructurales en las p\u00e1ginas;<\/li>\n<li>los sonidos no subtitulados o las im\u00e1genes no descritas;<\/li>\n<li>la ausencia de informaci\u00f3n alternativa para los usuarios que no pueden acceder a los marcos (<em>frames<\/em>) o a los programas incrustados (<em>scripts<\/em>);<\/li>\n<li>las tablas dif\u00edciles de interpretar cuando se alinean;<\/li>\n<li>los sitios con un contraste de colores pobre.\u00bb<\/li>\n<\/ul>\n<p>Discapnet. Extret de <a href=\"https:\/\/www.discapnet.es\/areas-tematicas\/accesibilidad\/accesibilidad-web\/discapnet-web-accesible\" target=\"_blank\" rel=\"noopener\">https:\/\/www.discapnet.es\/areas-tematicas\/accesibilidad\/accesibilidad-web\/discapnet-web-accesible<\/a><\/p><\/blockquote>\n<p>Tenint en compte aix\u00f2, el disseny d\u2019una possible acci\u00f3 e-inclusiva amb aquest col\u00b7lectiu hauria d\u2019incloure el seg\u00fcent:<\/p>\n<ul>\n<li>Identificar quin tipus de diversitat funcional i con\u00e8ixer-ne les caracter\u00edstiques i les peculiaritats.<\/li>\n<li>Veure qu\u00e8 els pot aportar l\u2019\u00fas de les TIC i tamb\u00e9 quins riscos pot comportar.<\/li>\n<li>Valorar quines adaptacions de maquinari (lupes, teclats Braille, amplificadors de so, ratolins i teclats especials), programari (webs accessibles, lectors de pantalla&#8230;) o continguts s\u00f3n necess\u00e0ries.<\/li>\n<li>Valorar si la capacitaci\u00f3 digital es pot produir en un entorn normalitzat (amb o sense suport) o en grups espec\u00edfics, o fins i tot si cal fer-ho de manera individualitzada.<\/li>\n<\/ul>\n","protected":false},"excerpt":{"rendered":"<p>\u00ab(&#8230;) la discapacitat \u00e9s una restricci\u00f3 o mancan\u00e7a \u2014causada per una defici\u00e8ncia\u2014 de la capacitat per a fer una activitat de la manera que es considera normal per a qualsevol altre \u00e9sser hum\u00e0.\u00bb OMS Contextualitzant la definici\u00f3 en l\u2019entorn que ens interessa, hem d\u2019entendre com a diversa funcionalment una persona amb dificultats per a utilitzar [&hellip;]<\/p>\n","protected":false},"author":1,"featured_media":0,"parent":0,"menu_order":0,"comment_status":"closed","ping_status":"closed","template":"","meta":[],"_links":{"self":[{"href":"http:\/\/dinamitzacio-social-digital-test.recursos.uoc.edu\/contextos-exclusio\/wp-json\/wp\/v2\/pages\/84"}],"collection":[{"href":"http:\/\/dinamitzacio-social-digital-test.recursos.uoc.edu\/contextos-exclusio\/wp-json\/wp\/v2\/pages"}],"about":[{"href":"http:\/\/dinamitzacio-social-digital-test.recursos.uoc.edu\/contextos-exclusio\/wp-json\/wp\/v2\/types\/page"}],"author":[{"embeddable":true,"href":"http:\/\/dinamitzacio-social-digital-test.recursos.uoc.edu\/contextos-exclusio\/wp-json\/wp\/v2\/users\/1"}],"replies":[{"embeddable":true,"href":"http:\/\/dinamitzacio-social-digital-test.recursos.uoc.edu\/contextos-exclusio\/wp-json\/wp\/v2\/comments?post=84"}],"version-history":[{"count":5,"href":"http:\/\/dinamitzacio-social-digital-test.recursos.uoc.edu\/contextos-exclusio\/wp-json\/wp\/v2\/pages\/84\/revisions"}],"predecessor-version":[{"id":859,"href":"http:\/\/dinamitzacio-social-digital-test.recursos.uoc.edu\/contextos-exclusio\/wp-json\/wp\/v2\/pages\/84\/revisions\/859"}],"wp:attachment":[{"href":"http:\/\/dinamitzacio-social-digital-test.recursos.uoc.edu\/contextos-exclusio\/wp-json\/wp\/v2\/media?parent=84"}],"curies":[{"name":"wp","href":"https:\/\/api.w.org\/{rel}","templated":true}]}}