{"id":107,"date":"2019-01-15T15:33:35","date_gmt":"2019-01-15T13:33:35","guid":{"rendered":"http:\/\/dinamitzacio-social-digital-test.recursos.uoc.edu\/orientacions\/?page_id=107"},"modified":"2019-02-04T12:31:51","modified_gmt":"2019-02-04T10:31:51","slug":"1-1-introduccion-2","status":"publish","type":"page","link":"http:\/\/dinamitzacio-social-digital-test.recursos.uoc.edu\/orientacions\/es\/1-1-introduccion-2\/","title":{"rendered":"1.1. Introducci\u00f3n"},"content":{"rendered":"<p>En el dise\u00f1o de cualquier propuesta en capacitaci\u00f3n digital, se deber\u00edan tener en cuenta los principales elementos comunes que constituyen el dise\u00f1o de cualquier acci\u00f3n formativa, sea cual sea el \u00e1mbito de conocimiento donde se quiera aplicar.<\/p>\n<p>De este modo, se pretende conseguir que la experiencia que queremos poner en pr\u00e1ctica est\u00e9 debidamente pensada, justificada y planificada, y sea un todo coherente, tratando as\u00ed de minimizar, en la medida que podamos, posibles riesgos derivados de un mal planteamiento. Esto no quiere decir que este dise\u00f1o tenga que ser inamovible, puesto que, una vez que se lleve a la pr\u00e1ctica, podremos hacer todos aquellos ajustes que estimemos necesarios en funci\u00f3n de c\u00f3mo se vaya desarrollando la experiencia.<\/p>\n<p>A pesar de que hay diferentes modelos para poder trabajarlo, los principales elementos comunes a todos ellos, y que se deber\u00edan tener en cuenta en el dise\u00f1o de cualquier acci\u00f3n formativa, son los siguientes:<\/p>\n<ul>\n<li>An\u00e1lisis de contexto<\/li>\n<li>Objetivos y competencias<\/li>\n<li>Metodolog\u00eda<\/li>\n<li>Recursos y herramientas<\/li>\n<li>Evaluaci\u00f3n<\/li>\n<\/ul>\n<div class=\"featured featured-grey\"><\/p>\n<p><strong>Para saber m\u00e1s<\/strong><\/p>\n<p>Pod\u00e9is ampliar informaci\u00f3n sobre el dise\u00f1o aplicado en la educaci\u00f3n en el enlace siguiente de Wikipedia: <u><a href=\"https:\/\/es.wikipedia.org\/wiki\/Dise%C3%B1o_instruccional\" target=\"_blank\" rel=\"noopener\">https:\/\/es.wikipedia.org\/wiki\/dise%C3%B1o_instruccional<\/a>.<\/u><\/p>\n<p>\n<\/div>\n","protected":false},"excerpt":{"rendered":"<p>En el dise\u00f1o de cualquier propuesta en capacitaci\u00f3n digital, se deber\u00edan tener en cuenta los principales elementos comunes que constituyen el dise\u00f1o de cualquier acci\u00f3n formativa, sea cual sea el \u00e1mbito de conocimiento donde se quiera aplicar. De este modo, se pretende conseguir que la experiencia que queremos poner en pr\u00e1ctica est\u00e9 debidamente pensada, justificada [&hellip;]<\/p>\n","protected":false},"author":1,"featured_media":0,"parent":0,"menu_order":0,"comment_status":"closed","ping_status":"closed","template":"","meta":[],"_links":{"self":[{"href":"http:\/\/dinamitzacio-social-digital-test.recursos.uoc.edu\/orientacions\/es\/wp-json\/wp\/v2\/pages\/107"}],"collection":[{"href":"http:\/\/dinamitzacio-social-digital-test.recursos.uoc.edu\/orientacions\/es\/wp-json\/wp\/v2\/pages"}],"about":[{"href":"http:\/\/dinamitzacio-social-digital-test.recursos.uoc.edu\/orientacions\/es\/wp-json\/wp\/v2\/types\/page"}],"author":[{"embeddable":true,"href":"http:\/\/dinamitzacio-social-digital-test.recursos.uoc.edu\/orientacions\/es\/wp-json\/wp\/v2\/users\/1"}],"replies":[{"embeddable":true,"href":"http:\/\/dinamitzacio-social-digital-test.recursos.uoc.edu\/orientacions\/es\/wp-json\/wp\/v2\/comments?post=107"}],"version-history":[{"count":2,"href":"http:\/\/dinamitzacio-social-digital-test.recursos.uoc.edu\/orientacions\/es\/wp-json\/wp\/v2\/pages\/107\/revisions"}],"predecessor-version":[{"id":189,"href":"http:\/\/dinamitzacio-social-digital-test.recursos.uoc.edu\/orientacions\/es\/wp-json\/wp\/v2\/pages\/107\/revisions\/189"}],"wp:attachment":[{"href":"http:\/\/dinamitzacio-social-digital-test.recursos.uoc.edu\/orientacions\/es\/wp-json\/wp\/v2\/media?parent=107"}],"curies":[{"name":"wp","href":"https:\/\/api.w.org\/{rel}","templated":true}]}}