{"id":124,"date":"2019-01-15T16:07:23","date_gmt":"2019-01-15T14:07:23","guid":{"rendered":"http:\/\/dinamitzacio-social-digital-test.recursos.uoc.edu\/orientacions\/?page_id=124"},"modified":"2019-01-15T16:10:25","modified_gmt":"2019-01-15T14:10:25","slug":"1-6-evaluacion","status":"publish","type":"page","link":"http:\/\/dinamitzacio-social-digital-test.recursos.uoc.edu\/orientacions\/es\/1-6-evaluacion\/","title":{"rendered":"1.6. Evaluaci\u00f3n"},"content":{"rendered":"<p>La evaluaci\u00f3n, tal y como viene definida en el diccionario TERMCAT, es el\u2026<\/p>\n<blockquote><p>\u00abProceso sistem\u00e1tico, planificado y riguroso de recogida de informaci\u00f3n que permite emitir un juicio de valor y tomar decisiones para la mejora de un proceso, un programa, una organizaci\u00f3n, etc.\u00bb<\/p>\n<p>TERMCAT<\/p><\/blockquote>\n<p>Tal y como lo expresa <a href=\"javascript:void(0);\" class=\"tooltip\" data-toggle=\"popover\" data-placement=\"bottom\" data-content=\"\u00c1lvarez, J. A. (2012). \u00abPensar la evaluaci\u00f3n como recurso de aprendizaje\u00bb. Disponible en: <a href='https:\/\/www.uned.ac.cr\/academica\/images\/Lectura_1_juan_manuel_alvarez.pdf' target='_blank'> https:\/\/www.uned.ac.cr\/academica\/images\/Lectura_1_juan_manuel_alvarez.pdf<\/a>.\" data-placement=\"top\" data-html=\"true\" >\u00c1lvarez M\u00e9ndez (2012:149)<\/a>, y aplicado al \u00e1mbito de la formaci\u00f3n, este proceso tendr\u00eda que ayudar a las personas a aprender mejor, de manera reflexiva, ofreciendo una informaci\u00f3n adecuada de los contenidos que se est\u00e9n trabajando. Del mismo modo, la evaluaci\u00f3n tambi\u00e9n tendr\u00eda que ayudar a los docentes a mejorar su tarea, teniendo en cuenta los obst\u00e1culos y\/o posibles barreras que se tendr\u00e1n que superar, estimulando, acompa\u00f1ando y guiando.<\/p>\n<p>En nuestro caso, el tipo de acci\u00f3n formativa que llevaremos a cabo seguramente se enmarcar\u00e1 dentro del \u00e1mbito educativo no formal o informal (es decir, fuera del \u00e1mbito formal), y, en este sentido, no hay la obligatoriedad de poner una nota de car\u00e1cter oficial a los participantes, ni tampoco la consecuci\u00f3n de un t\u00edtulo o diploma. En la educaci\u00f3n no formal s\u00ed se puede dar a los participantes alg\u00fan certificado de asistencia o de finalizaci\u00f3n, pero en la mayor\u00eda de los casos no se incluye ninguna nota, y en el supuesto de que se ofrezca es m\u00e1s bien a t\u00edtulo informativo, porque oficialmente no se incluye ning\u00fan expediente acad\u00e9mico. Esto no quiere decir que no podamos establecer mecanismos para poder valorar el proceso de aprendizaje y aportar <em>feedback<\/em> de los avances de los participantes para que puedan mejorar y encontrar sentido a su proceso de aprendizaje. En el supuesto de que decidamos hacerlo, se recomienda prepararlo con antelaci\u00f3n.<\/p>\n<p>Una estrategia interesante puede ser proponer a los participantes hacer un ejercicio de autoevaluaci\u00f3n. Esto les permitir\u00e1 ir analizando y reflexionar en torno a su proceso de aprendizaje y tomar conciencia del mismo. En este caso, se podr\u00eda preparar un peque\u00f1o formulario con preguntas concretas que estimulen esta reflexi\u00f3n. Dependiendo de la duraci\u00f3n de la formaci\u00f3n, pod\u00e9is decidir si lo pasar\u00e9is semanalmente, y\/o bien a mediados de la formaci\u00f3n y\/o al final.<\/p>\n<p>Otras estrategias pueden ser trabajar la evaluaci\u00f3n entre iguales y la coevaluaci\u00f3n. En este sentido, estos procesos devienen una manera de aprendizaje colaborativo en el que los participantes valoran el proceso y\/o producto llevado a cabo por otros compa\u00f1eros. De este modo, se fomenta el di\u00e1logo, el intercambio de conocimientos y la creaci\u00f3n compartida de significados tanto entre compa\u00f1eros como con la persona formadora, y se implica a los participantes en su proceso de aprendizaje. De hecho, son estrategias que provienen del \u00e1mbito no formal e informal, y que cada vez est\u00e1n teniendo m\u00e1s impacto y aplicaci\u00f3n en \u00e1mbitos formales como las universidades.<\/p>\n<div class=\"featured featured-grey\"><\/p>\n<h3>Para saber m\u00e1s<\/h3>\n<p>Rodr\u00edguez G\u00f3mez, G., Ibarra Sa\u00edz, M., Garc\u00eda Gim\u00e9nez, E. M. (2016). Autoevaluaci\u00f3n, evaluaci\u00f3n entre iguales y coevaluaci\u00f3n: conceptualizaci\u00f3n y pr\u00e1ctica en las universidades espa\u00f1olas<em>. Revista de Investigaci\u00f3n en Educaci\u00f3n<\/em>, 2 (11), 198-210. Universidad de Sevilla. Departamento de M\u00e9todos de Investigaci\u00f3n y Diagn\u00f3stico en Educaci\u00f3n. Disponible en:<u><a href=\"https:\/\/idus.us.es\/xmlui\/bitstream\/handle\/11441\/68957\/708-1788-1-pb.pdf?sequence=1&amp;isAllowed=y\" target=\"_blank\" rel=\"noopener\"> https:\/\/idus.us.es\/xmlui\/bitstream\/handle\/11441\/68957\/708-1788-1-pb.pdf?sequence=1&amp;isAllowed=y<\/a>.<\/u><\/p>\n<p>Rodr\u00edguez G\u00f3mez, G. (2012). <em>Introducci\u00f3n a la e-evaluaci\u00f3n. <\/em>Materiales UOC. Disponible en:\u00a0<a href=\"http:\/\/openaccess.uoc.edu\/webapps\/o2\/bitstream\/10609\/57144\/2\/Introducci%C3%B3%20a%20l%27e-avaluaci%C3%B3_M%C3%B2dul1.pdf\" target=\"_blank\" rel=\"noopener\">http:\/\/openaccess.uoc.edu\/webapps\/o2\/bitstream\/10609\/57144\/2\/Introducci%C3%B3%20a%20l%27e-avaluaci%C3%B3_M%C3%B2dul1.pdf<\/a><\/p>\n<p>\n<\/div>\n<p>Lo que s\u00ed se suele hacer siempre en este tipo de acciones formativas es evaluar el grado de satisfacci\u00f3n con la experiencia. Este \u00faltimo aspecto normalmente est\u00e1 incluido en buena parte de este tipo de acciones, en las que seguramente, si se trata de un proyecto subvencionado o similar, ser\u00e1 necesario que los participantes respondan un cuestionario, que se suele pasar al final de la experiencia. Es muy recomendable tener siempre en cuenta sus respuestas, puesto que nos dar\u00e1n pistas sobre determinados aspectos susceptibles de mejoras y\/o reajustes para posteriores ediciones.<\/p>\n<p>Aun as\u00ed, es importante hacer un ejercicio de evaluaci\u00f3n continuado de la propia formaci\u00f3n, es decir, durante el mismo desarrollo de la experiencia formativa, que nos ayude a valorar como docentes de manera continuada aquello que estamos haciendo, sin necesidad de esperar a la finalizaci\u00f3n de la acci\u00f3n. Si podemos preparar esta evaluaci\u00f3n con antelaci\u00f3n durante el dise\u00f1o, mucho mejor, puesto que esto nos ayudar\u00e1 a ir introduciendo las mejoras y\/o ajustes necesarios cuando implementamos la formaci\u00f3n.<\/p>\n","protected":false},"excerpt":{"rendered":"<p>La evaluaci\u00f3n, tal y como viene definida en el diccionario TERMCAT, es el\u2026 \u00abProceso sistem\u00e1tico, planificado y riguroso de recogida de informaci\u00f3n que permite emitir un juicio de valor y tomar decisiones para la mejora de un proceso, un programa, una organizaci\u00f3n, etc.\u00bb TERMCAT Tal y como lo expresa , y aplicado al \u00e1mbito de [&hellip;]<\/p>\n","protected":false},"author":1,"featured_media":0,"parent":0,"menu_order":0,"comment_status":"closed","ping_status":"closed","template":"","meta":[],"_links":{"self":[{"href":"http:\/\/dinamitzacio-social-digital-test.recursos.uoc.edu\/orientacions\/es\/wp-json\/wp\/v2\/pages\/124"}],"collection":[{"href":"http:\/\/dinamitzacio-social-digital-test.recursos.uoc.edu\/orientacions\/es\/wp-json\/wp\/v2\/pages"}],"about":[{"href":"http:\/\/dinamitzacio-social-digital-test.recursos.uoc.edu\/orientacions\/es\/wp-json\/wp\/v2\/types\/page"}],"author":[{"embeddable":true,"href":"http:\/\/dinamitzacio-social-digital-test.recursos.uoc.edu\/orientacions\/es\/wp-json\/wp\/v2\/users\/1"}],"replies":[{"embeddable":true,"href":"http:\/\/dinamitzacio-social-digital-test.recursos.uoc.edu\/orientacions\/es\/wp-json\/wp\/v2\/comments?post=124"}],"version-history":[{"count":3,"href":"http:\/\/dinamitzacio-social-digital-test.recursos.uoc.edu\/orientacions\/es\/wp-json\/wp\/v2\/pages\/124\/revisions"}],"predecessor-version":[{"id":127,"href":"http:\/\/dinamitzacio-social-digital-test.recursos.uoc.edu\/orientacions\/es\/wp-json\/wp\/v2\/pages\/124\/revisions\/127"}],"wp:attachment":[{"href":"http:\/\/dinamitzacio-social-digital-test.recursos.uoc.edu\/orientacions\/es\/wp-json\/wp\/v2\/media?parent=124"}],"curies":[{"name":"wp","href":"https:\/\/api.w.org\/{rel}","templated":true}]}}