{"id":131,"date":"2019-01-15T16:14:04","date_gmt":"2019-01-15T14:14:04","guid":{"rendered":"http:\/\/dinamitzacio-social-digital-test.recursos.uoc.edu\/orientacions\/?page_id=131"},"modified":"2019-02-04T12:49:10","modified_gmt":"2019-02-04T10:49:10","slug":"2-1-introduccion","status":"publish","type":"page","link":"http:\/\/dinamitzacio-social-digital-test.recursos.uoc.edu\/orientacions\/es\/2-1-introduccion\/","title":{"rendered":"2.1. Introducci\u00f3n"},"content":{"rendered":"<div class=\"featured featured-blue\"><p>La <strong>implementaci\u00f3n<\/strong> se refiere a la puesta en pr\u00e1ctica de la acci\u00f3n formativa, a partir del dise\u00f1o que se haya trabajado. Es decir, la tarea docente dentro del espacio de la formaci\u00f3n.<\/p>\n<\/div>\n<p>Antes de empezar, es importante tenerlo todo lo m\u00e1s preparado y atado que sea posible, concretamente en lo que respecta a aspectos organizativos como espacios, materiales y herramientas para que est\u00e9n a punto, las infraestructuras preparadas, formadores y formadoras necesarios, etc.; y que ya se tendr\u00edan que haber contemplado en el an\u00e1lisis, para tener claro con qu\u00e9 se pod\u00eda contar para desplegar el dise\u00f1o de manera adecuada.<\/p>\n<p>Es cierto que en algunas ocasiones pueden fallar cosas y que se sufran determinados imprevistos. En estos casos, tendremos que adaptarnos y hacer los cambios y\/o ajustes que estimemos necesarios.<\/p>\n<p>Aun as\u00ed, durante la ejecuci\u00f3n de la formaci\u00f3n, conviene poder disponer de diferentes orientaciones y estrategias, teniendo en cuenta algunas de las especificidades que implican este tipo de formaciones. Esto es de capital importancia para las personas formadoras. Ve\u00e1moslo a continuaci\u00f3n.<\/p>\n","protected":false},"excerpt":{"rendered":"<p>Antes de empezar, es importante tenerlo todo lo m\u00e1s preparado y atado que sea posible, concretamente en lo que respecta a aspectos organizativos como espacios, materiales y herramientas para que est\u00e9n a punto, las infraestructuras preparadas, formadores y formadoras necesarios, etc.; y que ya se tendr\u00edan que haber contemplado en el an\u00e1lisis, para tener claro [&hellip;]<\/p>\n","protected":false},"author":1,"featured_media":0,"parent":0,"menu_order":0,"comment_status":"closed","ping_status":"closed","template":"","meta":[],"_links":{"self":[{"href":"http:\/\/dinamitzacio-social-digital-test.recursos.uoc.edu\/orientacions\/es\/wp-json\/wp\/v2\/pages\/131"}],"collection":[{"href":"http:\/\/dinamitzacio-social-digital-test.recursos.uoc.edu\/orientacions\/es\/wp-json\/wp\/v2\/pages"}],"about":[{"href":"http:\/\/dinamitzacio-social-digital-test.recursos.uoc.edu\/orientacions\/es\/wp-json\/wp\/v2\/types\/page"}],"author":[{"embeddable":true,"href":"http:\/\/dinamitzacio-social-digital-test.recursos.uoc.edu\/orientacions\/es\/wp-json\/wp\/v2\/users\/1"}],"replies":[{"embeddable":true,"href":"http:\/\/dinamitzacio-social-digital-test.recursos.uoc.edu\/orientacions\/es\/wp-json\/wp\/v2\/comments?post=131"}],"version-history":[{"count":2,"href":"http:\/\/dinamitzacio-social-digital-test.recursos.uoc.edu\/orientacions\/es\/wp-json\/wp\/v2\/pages\/131\/revisions"}],"predecessor-version":[{"id":197,"href":"http:\/\/dinamitzacio-social-digital-test.recursos.uoc.edu\/orientacions\/es\/wp-json\/wp\/v2\/pages\/131\/revisions\/197"}],"wp:attachment":[{"href":"http:\/\/dinamitzacio-social-digital-test.recursos.uoc.edu\/orientacions\/es\/wp-json\/wp\/v2\/media?parent=131"}],"curies":[{"name":"wp","href":"https:\/\/api.w.org\/{rel}","templated":true}]}}