{"id":133,"date":"2019-01-15T16:15:16","date_gmt":"2019-01-15T14:15:16","guid":{"rendered":"http:\/\/dinamitzacio-social-digital-test.recursos.uoc.edu\/orientacions\/?page_id=133"},"modified":"2019-01-15T16:15:16","modified_gmt":"2019-01-15T14:15:16","slug":"2-2-todo-a-punto","status":"publish","type":"page","link":"http:\/\/dinamitzacio-social-digital-test.recursos.uoc.edu\/orientacions\/es\/2-2-todo-a-punto\/","title":{"rendered":"2.2. \u00a1Todo a punto!"},"content":{"rendered":"<p>Antes de poner en marcha la formaci\u00f3n, tendremos que revisar y asegurar que est\u00e1 a punto todo aquello que se necesita. En este sentido, hay que asegurar que se dispone de los dispositivos electr\u00f3nicos necesarios para la formaci\u00f3n como ordenadores, tabletas o m\u00f3viles, as\u00ed como verificar una correcta conexi\u00f3n a internet a una velocidad adecuada, especialmente si se ha pensado que las personas participantes puedan llevar sus propios dispositivos.<\/p>\n<p>Tambi\u00e9n hay que revisar y asegurar que se hagan las actualizaciones pertinentes en los dispositivos, y que tengan instalado y actualizado todo aquello que se necesite para hacer la formaci\u00f3n, y que posibilite hacer las operaciones y\/o actividades que se hayan planteado. Esto es de especial importancia cuando se tienen que utilizar dispositivos de centros p\u00fablicos, puesto que en muchas ocasiones podemos encontrar que tienen limitadas algunas funciones.<\/p>\n<p>Si hemos pensado guiar las sesiones con una presentaci\u00f3n o similar, o bien queremos ir mostrando lo que hacemos desde nuestro dispositivo a todos los participantes, necesitaremos un proyector de v\u00eddeo, una pantalla y los complementos y conexiones pertinentes.<\/p>\n<p>Aun as\u00ed, tendremos que asegurarnos de que el mobiliario de la sala permita a los asistentes estar de cara a la pantalla para facilitar de manera c\u00f3moda el seguimiento de las sesiones, y si este mobiliario se puede mover, mucho mejor, as\u00ed ser\u00e1 m\u00e1s f\u00e1cil fomentar din\u00e1micas de trabajo colaborativo.<\/p>\n<div class=\"featured featured-grey\"><\/p>\n<h3>Reflexi\u00f3n<\/h3>\n<p>\u00bfPod\u00e9is pensar en formas alternativas de disponer a las personas en el aula? \u00bfPor ejemplo, en c\u00edrculo? Cambiar la ubicaci\u00f3n de las clases de vez en cuando, llevar a los alumnos (en alg\u00fan momento del curso) a lugares f\u00edsicos que no sean el aula, etc.<\/p>\n<p>\n<\/div>\n<p>Tambi\u00e9n es muy importante, en el supuesto de que se espere la asistencia de personas con movilidad reducida u otros tipos de diversidad funcional, haber pedido con antelaci\u00f3n los complementos necesarios y tenerlos a punto, tanto en un \u00e1mbito de hardware y software como de mobiliario, para asegurar su confortabilidad durante las sesiones, as\u00ed como su seguimiento.<\/p>\n","protected":false},"excerpt":{"rendered":"<p>Antes de poner en marcha la formaci\u00f3n, tendremos que revisar y asegurar que est\u00e1 a punto todo aquello que se necesita. En este sentido, hay que asegurar que se dispone de los dispositivos electr\u00f3nicos necesarios para la formaci\u00f3n como ordenadores, tabletas o m\u00f3viles, as\u00ed como verificar una correcta conexi\u00f3n a internet a una velocidad adecuada, [&hellip;]<\/p>\n","protected":false},"author":1,"featured_media":0,"parent":0,"menu_order":0,"comment_status":"closed","ping_status":"closed","template":"","meta":[],"_links":{"self":[{"href":"http:\/\/dinamitzacio-social-digital-test.recursos.uoc.edu\/orientacions\/es\/wp-json\/wp\/v2\/pages\/133"}],"collection":[{"href":"http:\/\/dinamitzacio-social-digital-test.recursos.uoc.edu\/orientacions\/es\/wp-json\/wp\/v2\/pages"}],"about":[{"href":"http:\/\/dinamitzacio-social-digital-test.recursos.uoc.edu\/orientacions\/es\/wp-json\/wp\/v2\/types\/page"}],"author":[{"embeddable":true,"href":"http:\/\/dinamitzacio-social-digital-test.recursos.uoc.edu\/orientacions\/es\/wp-json\/wp\/v2\/users\/1"}],"replies":[{"embeddable":true,"href":"http:\/\/dinamitzacio-social-digital-test.recursos.uoc.edu\/orientacions\/es\/wp-json\/wp\/v2\/comments?post=133"}],"version-history":[{"count":1,"href":"http:\/\/dinamitzacio-social-digital-test.recursos.uoc.edu\/orientacions\/es\/wp-json\/wp\/v2\/pages\/133\/revisions"}],"predecessor-version":[{"id":134,"href":"http:\/\/dinamitzacio-social-digital-test.recursos.uoc.edu\/orientacions\/es\/wp-json\/wp\/v2\/pages\/133\/revisions\/134"}],"wp:attachment":[{"href":"http:\/\/dinamitzacio-social-digital-test.recursos.uoc.edu\/orientacions\/es\/wp-json\/wp\/v2\/media?parent=133"}],"curies":[{"name":"wp","href":"https:\/\/api.w.org\/{rel}","templated":true}]}}