{"id":146,"date":"2019-01-15T16:26:44","date_gmt":"2019-01-15T14:26:44","guid":{"rendered":"http:\/\/dinamitzacio-social-digital-test.recursos.uoc.edu\/orientacions\/?page_id=146"},"modified":"2019-02-04T12:53:12","modified_gmt":"2019-02-04T10:53:12","slug":"2-3-5-atencion-a-posibles-barreras-y-o-resistencias","status":"publish","type":"page","link":"http:\/\/dinamitzacio-social-digital-test.recursos.uoc.edu\/orientacions\/es\/2-3-5-atencion-a-posibles-barreras-y-o-resistencias\/","title":{"rendered":"2.3.5. Atenci\u00f3n a posibles barreras y\/o resistencias"},"content":{"rendered":"<p>Tal y como se comenta en el m\u00f3dulo \u00abContextos de exclusi\u00f3n digital y agentes de e-inclusi\u00f3n\u00bb, en este tipo de formaciones nos podemos encontrar con participantes que presentan algunas barreras psicol\u00f3gicas, especialmente en niveles iniciales. Ve\u00e1moslas.<\/p>\n<p><strong>1. Miedo y desconfianza<\/strong><\/p>\n<p>Se trata de una actitud bastante habitual en personas que se inician, el miedo y la desconfianza hacia lo que no se conoce, y que en muchos casos se interpreta como una imposici\u00f3n que les viene desde fuera, provocando un rechazo hacia la tecnolog\u00eda. En estos casos, es muy importante que la persona formadora genere confianza a los participantes, estimulando una actitud positiva, destacando las ventajas y\/o beneficios que les puede aportar la tecnolog\u00eda en su vida, con ejemplos concretos. En cualquier caso, tambi\u00e9n es capital ser realista y explicar los riesgos. Por ejemplo, es posible que el miedo y la desconfianza vengan por cuestiones relacionadas con la privacidad y la seguridad, por ejemplo porque han le\u00eddo una noticia relacionada con este peligro en alg\u00fan medio de comunicaci\u00f3n. No es extra\u00f1o que nos puedan hacer preguntas como: \u00abA m\u00ed me han dicho que si tienes el ordenador puesto en marcha, pueden espiar todo lo que haces, y pueden entrar dentro de tu ordenador para borrarte todo lo que tienes, o cotillear tus cosas\u00bb; \u00abTe pueden robar el dinero de tu cuenta bancaria si utilizas el banco o haces compras por internet\u00bb, u otras cuestiones similares. En estos casos, va bien hacer comparativas o analog\u00edas con la vida cotidiana, para que la gente pueda entender, por ejemplo en estos casos en particular, que la seguridad total no existe, ni en la vida ni tampoco en internet, y que normalmente intentamos cuidarnos para evitar riesgos: por ejemplo, no vamos por la calle con el dinero en la solapa, o no solemos dejar la puerta de casa abierta, o que no usamos una misma llave para abrir el buz\u00f3n y la casa, o bien que no damos nuestro c\u00f3digo secreto del banco a cualquier persona de la calle que nos lo pida. Es muy importante hacer lo posibles para intentar paliar estos miedos y desconfianza de una manera realista, con paciencia, honestidad y despacio, con ejemplos que las personas puedan comprender e identificarse, para que puedan hacer un uso lo m\u00e1s seguro posible de la tecnolog\u00eda, y conocer sus derechos en la Red.<\/p>\n<p><strong>2. Tecnoestr\u00e9s<\/strong><\/p>\n<p>Salanova define el tecnoestr\u00e9s como:<\/p>\n<blockquote><p>\u00ab[&#8230;] un estado psicol\u00f3gico negativo relacionado con el uso de TIC o amenaza de su uso en un futuro. Ese estado viene condicionado por la percepci\u00f3n de un desajuste entre las demandas y los recursos relacionados con el uso de las TIC que lleva a un alto nivel de activaci\u00f3n psicofisiol\u00f3gica no placentera y al desarrollo de actitudes negativas hacia las TIC.\u00bb<\/p>\n<p>Salanova (2003)<\/p><\/blockquote>\n<div class=\"featured featured-grey\"><\/p>\n<h3>Para saber m\u00e1s<\/h3>\n<p>En el enlace siguiente, pod\u00e9is ampliar informaci\u00f3n sobre el tecnoestr\u00e9s: <u><a href=\"http:\/\/www.insht.es\/inshtweb\/contenidos\/documentacion\/fichastecnicas\/ntp\/ficheros\/701a750\/ntp_730.pdf\" target=\"_blank\" rel=\"noopener\">http:\/\/www.insht.es\/inshtweb\/contenidos\/documentacion\/fichastecnicas\/ntp\/ficheros\/701a750\/ntp_730.pdf<\/a>.<\/u><\/p>\n<p>\n<\/div>\n<p>Algunas personas quiz\u00e1 no hab\u00edan todav\u00eda tenido la necesidad o el inter\u00e9s de capacitarse digitalmente, y ahora lo necesitan de manera urgente. Un ejemplo de esto pueden ser personas de m\u00e1s de 40 a\u00f1os en procesos de b\u00fasqueda de trabajo, con responsabilidades, que necesitan actualizarse de manera urgente, y que por las razones que sea han estado muy desconectadas del mundo tecnol\u00f3gico. Estas personas se angustian y perciben que tienen que aprender muchas cosas de golpe y en poco tiempo: muchas novedades, muchas competencias que les dicen lo que tienen que lograr y, en general, mucha informaci\u00f3n a la vez. Esto podr\u00eda derivar hacia el denominado <strong>tecnoestr\u00e9s<\/strong>, y conducir posteriormente al rechazo. Para evitarlo, tal y como se nos explica en el m\u00f3dulo \u00abContextos de exclusi\u00f3n digital y agentes de e-inclusi\u00f3n\u00bb, es capital orientar a estas personas para que puedan diferenciar lo necesario de lo accesorio atendiendo a su situaci\u00f3n, y conocer cu\u00e1l es el nivel de partida de cada cual, cu\u00e1nto tiempo se puede dedicar a ello, d\u00f3nde y c\u00f3mo se puede aconseguir una formaci\u00f3n eficiente, para que pueda establecer su ritmo, reforzando el hecho de que el aprendizaje es un proceso y siempre requiere una inversi\u00f3n de tiempo.<\/p>\n<p><strong>3. Carencias en alfabetizaci\u00f3n funcional<\/strong><\/p>\n<p>Como ya se ha comentado en el m\u00f3dulo \u00abConceptos clave en inclusi\u00f3n, exclusi\u00f3n y capacitaci\u00f3n digital\u00bb y en el de \u00abContextos de exclusi\u00f3n digital y agentes de e-inclusi\u00f3n\u00bb, las competencias digitales abarcan habilidades muy importantes para el desarrollo de las personas, como la comunicaci\u00f3n, tanto oral como escrita, o la b\u00fasqueda y selecci\u00f3n de informaci\u00f3n y su organizaci\u00f3n para posibilitar su recuperaci\u00f3n cuando se necesita. Por ejemplo, dependiendo de las experiencias previas de los participantes, o bien si presentan carencias en cuanto a alfabetizaci\u00f3n funcional, nos podemos encontrar con personas que tienen dificultades para expresarse correctamente de manera escrita y\/u oral, o bien con poca pr\u00e1ctica en cuanto a manejar informaci\u00f3n, problemas de comprensi\u00f3n lectora, dificultades para navegar por una web, personas que hace m\u00e1s de 20 de a\u00f1os que no han tenido ninguna experiencia de estudio, etc. Dependiente de cu\u00e1l sea el punto de partida de cada cual, tenemos que estar atentos a estas necesidades para poder ofrecer herramientas o recursos que permitan a aquellos usuarios con unas dificultades concretas irlas superando para poder participar de manera adecuada y con seguridad en la Red. Y, sobre todo, no presionar, no hacer ning\u00fan juicio de valor y ofrecer todo lo que podamos aportar. Por ejemplo, recomendar alg\u00fan otro curso que pensamos que le puede ser \u00fatil para reforzar determinadas competencias, ir a la escuela de adultos o proporcionar recursos de refuerzo con los que puede ir trabajando a su ritmo, etc. Sobre todo, tendr\u00edamos que hacer lo posible para evitar frustraciones y animar a seguir aprendiendo.<\/p>\n","protected":false},"excerpt":{"rendered":"<p>Tal y como se comenta en el m\u00f3dulo \u00abContextos de exclusi\u00f3n digital y agentes de e-inclusi\u00f3n\u00bb, en este tipo de formaciones nos podemos encontrar con participantes que presentan algunas barreras psicol\u00f3gicas, especialmente en niveles iniciales. Ve\u00e1moslas. 1. Miedo y desconfianza Se trata de una actitud bastante habitual en personas que se inician, el miedo y [&hellip;]<\/p>\n","protected":false},"author":1,"featured_media":0,"parent":0,"menu_order":0,"comment_status":"closed","ping_status":"closed","template":"","meta":[],"_links":{"self":[{"href":"http:\/\/dinamitzacio-social-digital-test.recursos.uoc.edu\/orientacions\/es\/wp-json\/wp\/v2\/pages\/146"}],"collection":[{"href":"http:\/\/dinamitzacio-social-digital-test.recursos.uoc.edu\/orientacions\/es\/wp-json\/wp\/v2\/pages"}],"about":[{"href":"http:\/\/dinamitzacio-social-digital-test.recursos.uoc.edu\/orientacions\/es\/wp-json\/wp\/v2\/types\/page"}],"author":[{"embeddable":true,"href":"http:\/\/dinamitzacio-social-digital-test.recursos.uoc.edu\/orientacions\/es\/wp-json\/wp\/v2\/users\/1"}],"replies":[{"embeddable":true,"href":"http:\/\/dinamitzacio-social-digital-test.recursos.uoc.edu\/orientacions\/es\/wp-json\/wp\/v2\/comments?post=146"}],"version-history":[{"count":3,"href":"http:\/\/dinamitzacio-social-digital-test.recursos.uoc.edu\/orientacions\/es\/wp-json\/wp\/v2\/pages\/146\/revisions"}],"predecessor-version":[{"id":201,"href":"http:\/\/dinamitzacio-social-digital-test.recursos.uoc.edu\/orientacions\/es\/wp-json\/wp\/v2\/pages\/146\/revisions\/201"}],"wp:attachment":[{"href":"http:\/\/dinamitzacio-social-digital-test.recursos.uoc.edu\/orientacions\/es\/wp-json\/wp\/v2\/media?parent=146"}],"curies":[{"name":"wp","href":"https:\/\/api.w.org\/{rel}","templated":true}]}}