{"id":97,"date":"2019-01-15T15:26:36","date_gmt":"2019-01-15T13:26:36","guid":{"rendered":"http:\/\/dinamitzacio-social-digital-test.recursos.uoc.edu\/orientacions\/?page_id=97"},"modified":"2019-01-15T15:26:36","modified_gmt":"2019-01-15T13:26:36","slug":"introduccion","status":"publish","type":"page","link":"http:\/\/dinamitzacio-social-digital-test.recursos.uoc.edu\/orientacions\/es\/","title":{"rendered":"Introducci\u00f3n"},"content":{"rendered":"<p>Este m\u00f3dulo tiene como objetivo que os introduzc\u00e1is en el dise\u00f1o y la implementaci\u00f3n de acciones formativas de capacitaci\u00f3n digital, con una orientaci\u00f3n pr\u00e1ctica.<\/p>\n<p>En cada apartado se ofrecen varias posibilidades en cuanto a herramientas, procedimientos y ejemplos para poder afrontar el dise\u00f1o y la implementaci\u00f3n de cualquier acci\u00f3n formativa de capacitaci\u00f3n digital, ya sea un curso, un proyecto o cualquier tipo de experiencia que implique el desarrollo de competencias digitales, para que pod\u00e1is elegir todo aquello que mejor se adapte al contexto de aplicaci\u00f3n, y que tambi\u00e9n os pueden ser \u00fatiles para analizar cualquier iniciativa en este \u00e1mbito.<\/p>\n<p><strong>Objetivos<\/strong><\/p>\n<ul>\n<li>Saber aplicar los principales elementos del dise\u00f1o de cualquier acci\u00f3n formativa en cuanto a contexto, objetivos y competencias, metodolog\u00eda, recursos y herramientas y evaluaci\u00f3n, a una propuesta de capacitaci\u00f3n digital.<\/li>\n<li>Conocer las especificidades que rodean cualquier acci\u00f3n educativa de capacitaci\u00f3n digital, para tenerlas en cuenta en su dise\u00f1o e implementaci\u00f3n.<\/li>\n<li>Ser conscientes de la naturaleza cambiante de las competencias digitales, en funci\u00f3n de la propia evoluci\u00f3n de la tecnolog\u00eda y de los usos sociales.<\/li>\n<li>Ser capaces de aplicar y adaptar los marcos referenciales europeos en materia de competencias digitales (<em>DigComp<\/em>), en funci\u00f3n de las necesidades a las que se quiere dar respuesta.<\/li>\n<li>Entender el car\u00e1cter gradual y transversal de las competencias digitales, para aplicarlo al dise\u00f1o de estas propuestas formativas.<\/li>\n<\/ul>\n","protected":false},"excerpt":{"rendered":"<p>Este m\u00f3dulo tiene como objetivo que os introduzc\u00e1is en el dise\u00f1o y la implementaci\u00f3n de acciones formativas de capacitaci\u00f3n digital, con una orientaci\u00f3n pr\u00e1ctica. En cada apartado se ofrecen varias posibilidades en cuanto a herramientas, procedimientos y ejemplos para poder afrontar el dise\u00f1o y la implementaci\u00f3n de cualquier acci\u00f3n formativa de capacitaci\u00f3n digital, ya sea [&hellip;]<\/p>\n","protected":false},"author":1,"featured_media":0,"parent":0,"menu_order":0,"comment_status":"closed","ping_status":"closed","template":"","meta":[],"_links":{"self":[{"href":"http:\/\/dinamitzacio-social-digital-test.recursos.uoc.edu\/orientacions\/es\/wp-json\/wp\/v2\/pages\/97"}],"collection":[{"href":"http:\/\/dinamitzacio-social-digital-test.recursos.uoc.edu\/orientacions\/es\/wp-json\/wp\/v2\/pages"}],"about":[{"href":"http:\/\/dinamitzacio-social-digital-test.recursos.uoc.edu\/orientacions\/es\/wp-json\/wp\/v2\/types\/page"}],"author":[{"embeddable":true,"href":"http:\/\/dinamitzacio-social-digital-test.recursos.uoc.edu\/orientacions\/es\/wp-json\/wp\/v2\/users\/1"}],"replies":[{"embeddable":true,"href":"http:\/\/dinamitzacio-social-digital-test.recursos.uoc.edu\/orientacions\/es\/wp-json\/wp\/v2\/comments?post=97"}],"version-history":[{"count":1,"href":"http:\/\/dinamitzacio-social-digital-test.recursos.uoc.edu\/orientacions\/es\/wp-json\/wp\/v2\/pages\/97\/revisions"}],"predecessor-version":[{"id":99,"href":"http:\/\/dinamitzacio-social-digital-test.recursos.uoc.edu\/orientacions\/es\/wp-json\/wp\/v2\/pages\/97\/revisions\/99"}],"wp:attachment":[{"href":"http:\/\/dinamitzacio-social-digital-test.recursos.uoc.edu\/orientacions\/es\/wp-json\/wp\/v2\/media?parent=97"}],"curies":[{"name":"wp","href":"https:\/\/api.w.org\/{rel}","templated":true}]}}