{"id":23,"date":"2019-01-11T11:30:08","date_gmt":"2019-01-11T09:30:08","guid":{"rendered":"http:\/\/dinamitzacio-social-digital-test.recursos.uoc.edu\/orientacions\/?page_id=23"},"modified":"2019-02-01T12:38:34","modified_gmt":"2019-02-01T10:38:34","slug":"introduccio","status":"publish","type":"page","link":"http:\/\/dinamitzacio-social-digital-test.recursos.uoc.edu\/orientacions\/","title":{"rendered":"Introducci\u00f3"},"content":{"rendered":"<p>Aquest m\u00f2dul t\u00e9 com a objectiu introduir-vos en el disseny i la implantaci\u00f3 d\u2019accions formatives de capacitaci\u00f3 digital, amb una orientaci\u00f3 pr\u00e0ctica.<\/p>\n<p>En cada apartat s\u2019ofereixen diverses possibilitats pel que fa a eines, procediments i exemples per a poder encarar el disseny i la implantaci\u00f3 de qualsevol acci\u00f3 formativa de capacitaci\u00f3 digital, sigui un curs, un projecte o qualsevol tipus d\u2019experi\u00e8ncia que impliqui el desenvolupament de compet\u00e8ncies digitals per tal que pugueu triar el que s\u2019adapti millor al context d\u2019aplicaci\u00f3, i que tamb\u00e9 us pot ser \u00fatil per a analitzar qualsevol iniciativa en aquest \u00e0mbit.<\/p>\n<p><strong>Objectius<\/strong><\/p>\n<ul>\n<li>Saber aplicar a una proposta de capacitaci\u00f3 digital els principals elements del disseny de qualsevol acci\u00f3 formativa quant a context, objectius i compet\u00e8ncies, metodologia, recursos i eines, i avaluaci\u00f3.<\/li>\n<li>Con\u00e8ixer les especificitats que envolten qualsevol acci\u00f3 educativa de capacitaci\u00f3 digital, per tal de tenir-les en compte en el disseny i la implementaci\u00f3.<\/li>\n<li>Ser conscient de la naturalesa canviant de les compet\u00e8ncies digitals d\u2019acord amb l\u2019evoluci\u00f3 de la tecnologia i els usos socials.<\/li>\n<li>Ser capa\u00e7 d\u2019aplicar i adaptar els marcs referencials europeus en mat\u00e8ria de compet\u00e8ncies digitals (DigComp), segons les necessitats a les quals es vol donar resposta.<\/li>\n<li>Entendre el car\u00e0cter gradual i transversal de les compet\u00e8ncies digitals, per aplicar-lo al disseny d\u2019aquestes propostes formatives.<\/li>\n<\/ul>\n","protected":false},"excerpt":{"rendered":"<p>Aquest m\u00f2dul t\u00e9 com a objectiu introduir-vos en el disseny i la implantaci\u00f3 d\u2019accions formatives de capacitaci\u00f3 digital, amb una orientaci\u00f3 pr\u00e0ctica. En cada apartat s\u2019ofereixen diverses possibilitats pel que fa a eines, procediments i exemples per a poder encarar el disseny i la implantaci\u00f3 de qualsevol acci\u00f3 formativa de capacitaci\u00f3 digital, sigui un curs, [&hellip;]<\/p>\n","protected":false},"author":1,"featured_media":0,"parent":0,"menu_order":0,"comment_status":"closed","ping_status":"closed","template":"","meta":[],"_links":{"self":[{"href":"http:\/\/dinamitzacio-social-digital-test.recursos.uoc.edu\/orientacions\/wp-json\/wp\/v2\/pages\/23"}],"collection":[{"href":"http:\/\/dinamitzacio-social-digital-test.recursos.uoc.edu\/orientacions\/wp-json\/wp\/v2\/pages"}],"about":[{"href":"http:\/\/dinamitzacio-social-digital-test.recursos.uoc.edu\/orientacions\/wp-json\/wp\/v2\/types\/page"}],"author":[{"embeddable":true,"href":"http:\/\/dinamitzacio-social-digital-test.recursos.uoc.edu\/orientacions\/wp-json\/wp\/v2\/users\/1"}],"replies":[{"embeddable":true,"href":"http:\/\/dinamitzacio-social-digital-test.recursos.uoc.edu\/orientacions\/wp-json\/wp\/v2\/comments?post=23"}],"version-history":[{"count":3,"href":"http:\/\/dinamitzacio-social-digital-test.recursos.uoc.edu\/orientacions\/wp-json\/wp\/v2\/pages\/23\/revisions"}],"predecessor-version":[{"id":173,"href":"http:\/\/dinamitzacio-social-digital-test.recursos.uoc.edu\/orientacions\/wp-json\/wp\/v2\/pages\/23\/revisions\/173"}],"wp:attachment":[{"href":"http:\/\/dinamitzacio-social-digital-test.recursos.uoc.edu\/orientacions\/wp-json\/wp\/v2\/media?parent=23"}],"curies":[{"name":"wp","href":"https:\/\/api.w.org\/{rel}","templated":true}]}}