{"id":25,"date":"2019-01-11T11:31:32","date_gmt":"2019-01-11T09:31:32","guid":{"rendered":"http:\/\/dinamitzacio-social-digital-test.recursos.uoc.edu\/orientacions\/?page_id=25"},"modified":"2019-01-11T11:33:03","modified_gmt":"2019-01-11T09:33:03","slug":"1-1-introduccio","status":"publish","type":"page","link":"http:\/\/dinamitzacio-social-digital-test.recursos.uoc.edu\/orientacions\/1-1-introduccio\/","title":{"rendered":"1.1. Introducci\u00f3"},"content":{"rendered":"<p>En el disseny de qualsevol proposta de capacitaci\u00f3 digital s\u2019haurien de tenir en compte els principals elements comuns que constitueixen el disseny de qualsevol acci\u00f3 formativa, sigui quin sigui l\u2019\u00e0mbit de coneixement on es vulgui aplicar.<\/p>\n<p>D\u2019aquesta manera es pret\u00e9n aconseguir que l\u2019experi\u00e8ncia que volem posar en pr\u00e0ctica estigui degudament pensada, justificada i planificada, i sigui un tot coherent, mirant aix\u00ed de minimitzar, en la mesura que puguem, possibles riscos derivats d\u2019un mal plantejament. Aix\u00f2 no vol dir que aquest disseny hagi de ser inamovible, ja que, una vegada es porti a la pr\u00e0ctica, podrem fer tots aquells ajustaments que estimem necessaris segons com es vagi desenvolupant l\u2019experi\u00e8ncia.<\/p>\n<p>Tot i que hi ha diferents models, els principals elements comuns i que s\u2019haurien de tenir en compte en el disseny de qualsevol acci\u00f3 formativa s\u00f3n els seg\u00fcents:<\/p>\n<ul>\n<li>An\u00e0lisi de context<\/li>\n<li>Objectius i compet\u00e8ncies<\/li>\n<li>Metodologia<\/li>\n<li>Recursos i eines<\/li>\n<li>Avaluaci\u00f3<\/li>\n<\/ul>\n<div class=\"featured featured-grey\"><\/p>\n<h3>Per a saber-ne m\u00e9s<\/h3>\n<p>Podeu ampliar informaci\u00f3 sobre el disseny aplicat a l\u2019educaci\u00f3 en el enlla\u00e7 seg\u00fcent de la Wikipedia: <u><a href=\"https:\/\/es.wikipedia.org\/wiki\/Dise%C3%B1o_instruccional\" target=\"_blank\" rel=\"noopener\">https:\/\/es.wikipedia.org\/wiki\/Dise%C3%B1o_instruccional<\/a>.<\/u><\/p>\n<p>\n<\/div>\n","protected":false},"excerpt":{"rendered":"<p>En el disseny de qualsevol proposta de capacitaci\u00f3 digital s\u2019haurien de tenir en compte els principals elements comuns que constitueixen el disseny de qualsevol acci\u00f3 formativa, sigui quin sigui l\u2019\u00e0mbit de coneixement on es vulgui aplicar. D\u2019aquesta manera es pret\u00e9n aconseguir que l\u2019experi\u00e8ncia que volem posar en pr\u00e0ctica estigui degudament pensada, justificada i planificada, i [&hellip;]<\/p>\n","protected":false},"author":1,"featured_media":0,"parent":0,"menu_order":0,"comment_status":"closed","ping_status":"closed","template":"","meta":[],"_links":{"self":[{"href":"http:\/\/dinamitzacio-social-digital-test.recursos.uoc.edu\/orientacions\/wp-json\/wp\/v2\/pages\/25"}],"collection":[{"href":"http:\/\/dinamitzacio-social-digital-test.recursos.uoc.edu\/orientacions\/wp-json\/wp\/v2\/pages"}],"about":[{"href":"http:\/\/dinamitzacio-social-digital-test.recursos.uoc.edu\/orientacions\/wp-json\/wp\/v2\/types\/page"}],"author":[{"embeddable":true,"href":"http:\/\/dinamitzacio-social-digital-test.recursos.uoc.edu\/orientacions\/wp-json\/wp\/v2\/users\/1"}],"replies":[{"embeddable":true,"href":"http:\/\/dinamitzacio-social-digital-test.recursos.uoc.edu\/orientacions\/wp-json\/wp\/v2\/comments?post=25"}],"version-history":[{"count":4,"href":"http:\/\/dinamitzacio-social-digital-test.recursos.uoc.edu\/orientacions\/wp-json\/wp\/v2\/pages\/25\/revisions"}],"predecessor-version":[{"id":29,"href":"http:\/\/dinamitzacio-social-digital-test.recursos.uoc.edu\/orientacions\/wp-json\/wp\/v2\/pages\/25\/revisions\/29"}],"wp:attachment":[{"href":"http:\/\/dinamitzacio-social-digital-test.recursos.uoc.edu\/orientacions\/wp-json\/wp\/v2\/media?parent=25"}],"curies":[{"name":"wp","href":"https:\/\/api.w.org\/{rel}","templated":true}]}}