{"id":37,"date":"2019-01-11T12:59:59","date_gmt":"2019-01-11T10:59:59","guid":{"rendered":"http:\/\/dinamitzacio-social-digital-test.recursos.uoc.edu\/orientacions\/?page_id=37"},"modified":"2022-01-03T13:40:22","modified_gmt":"2022-01-03T11:40:22","slug":"1-4-la-metodologia","status":"publish","type":"page","link":"http:\/\/dinamitzacio-social-digital-test.recursos.uoc.edu\/orientacions\/1-4-la-metodologia\/","title":{"rendered":"1.4. La metodologia"},"content":{"rendered":"<div class=\"featured featured-blue\"><p>La metodologia, aplicada a una acci\u00f3 formativa, engloba l\u2019enfocament pedag\u00f2gic de la formaci\u00f3 quant als processos a l\u2019hora de desplegar l\u2019aprenentatge dels continguts segons els objectius i les compet\u00e8ncies, tenint en compte el context i les caracter\u00edstiques de les persones que hi participen.<\/p>\n<\/div>\n<p>\u00c9s a dir, es refereix a com ho farem. S\u2019acostuma a fonamentar en les diferents teories de l\u2019aprenentatge, provinents del camp de la psicologia: conductisme, cognitivisme, constructivisme (alguns parlen de connectivisme, tot i que no s\u2019ha pogut provar que sigui una teoria, sin\u00f3 m\u00e9s aviat un enfocament pedag\u00f2gic).<\/p>\n<div class=\"featured featured-grey\"><\/p>\n<h3>Per a saber-ne m\u00e9s<\/h3>\n<p>Podeu consultar l\u2019article seg\u00fcent de la Wikipedia sobre teories de l\u2019aprenentatge: <a href=\"https:\/\/ca.wikipedia.org\/wiki\/Teories_de_l%27aprenentatge\" target=\"_blank\" rel=\"noopener\"><u>https:\/\/ca.wikipedia.org\/wiki\/Teories_de_l%27aprenentatge<\/u><\/a>.<\/p>\n<p>Sobre el connectivisme, podeu accedir a la teoria exposada per George Siemens en el treball seg\u00fcent: \u00ab<a href=\"https:\/\/s3.amazonaws.com\/academia.edu.documents\/38778149\/13_conectivismo_era_digital.pdf?AWSAccessKeyId=AKIAIWOWYYGZ2Y53UL3A&amp;Expires=1549534528&amp;Signature=jJWtqvYcNX25iNeDZ5E4qDEaIrQ%3D&amp;response-content-disposition=inline%3B%20filename%3DEste_trabajo_esta_publicado_bajo_una_Lic.pdf\" target=\"_blank\" rel=\"noopener\">Conectivismo, una teor\u00eda del aprendizaje para la era digital<\/a>\u00bb.<\/p>\n<p>\n<\/div>\n<p>Aix\u00ed, la metodologia que dissenyem pr\u00e8viament determinar\u00e0 el model o els models pedag\u00f2gics que s\u2019aplicaran quan s\u2019implanti la formaci\u00f3, tant si la projectem en un entorn <strong>presencial<\/strong> (aula o espais presencials que no siguin pr\u00f2piament aules; \u00e9s el m\u00e9s habitual en formacions de capacitaci\u00f3 digital, especialment en nivells inicials), <strong>virtual<\/strong> (plataformes virtuals d\u2019aprenentatge, una modalitat a l\u2019al\u00e7a, per\u00f2 que requereix algunes nocions b\u00e0siques en TIC per a poder utilitzar-les adequadament, o b\u00e9 una important tasca de guiatge en nivell inicials) o <strong><em>blended<\/em><\/strong> (combinaci\u00f3 de l\u2019entorn presencial amb el virtual).<\/p>\n<p>Val a dir que no hi ha una teoria ni un model millor que un altre, sin\u00f3 que a l\u2019hora de triar tot dependr\u00e0 del context i dels participants, com tamb\u00e9 dels objectius i les compet\u00e8ncies que es pretenen assolir. No obstant aix\u00f2, com veurem m\u00e9s endavant, en els processos d\u2019aprenentatge en qu\u00e8 est\u00e0 implicada la tecnologia es recomanen models m\u00e9s actius i col\u00b7laboratius.<\/p>\n<p>Per tal de fer-nos una idea b\u00e0sica, entre els principals models pedag\u00f2gics hi ha els seg\u00fcents:<\/p>\n<ul>\n<li>Models de caire m\u00e9s <strong>expositiu o de transmissi\u00f3<\/strong>, en els quals s\u2019ha basat tradicionalment l\u2019aprenentatge, que opten per oferir el coneixement a partir de m\u00e8todes discursius, en qu\u00e8 l\u2019estudiant t\u00e9 un paper m\u00e9s aviat passiu, \u00e9s a dir, com a receptor de coneixements.<\/li>\n<li>Models m\u00e9s <strong>basats en la pr\u00e0ctica<\/strong>, que posen la persona que apr\u00e8n al centre del proc\u00e9s, no tant com a receptor sin\u00f3 amb un paper actiu com a constructor de coneixement. Perqu\u00e8 aix\u00f2 sigui possible, m\u00e9s enll\u00e0 del model discursiu, es proposen aquests models basats en la pr\u00e0ctica, com l\u2019anomenat <em>learning by doing<\/em> (aprendre fent), que permeten que la persona experimenti i aprengui a partir de la realitzaci\u00f3 de diferents activitats que puguin esdevenir significatives en relaci\u00f3 amb el que apr\u00e8n. Dins d\u2019aquests models m\u00e9s actius tamb\u00e9 hi ha els <strong>col\u00b7laboratius<\/strong>, els quals destaquen la import\u00e0ncia de compartir coneixement entre iguals, i en els quals el que aporta cada membre esdev\u00e9 significatiu per al coneixement col\u00b7lectiu des de l\u2019experi\u00e8ncia i els coneixements previs de cadasc\u00fa.<\/li>\n<\/ul>\n<p>En els processos d\u2019aprenentatge de compet\u00e8ncies digitals i en qualsevol altre que impliqui l\u2019\u00fas de tecnologia, s\u2019acostumen a recomanar aquests models m\u00e9s actius, pr\u00e0ctics i col\u00b7laboratius per mitj\u00e0 de metodologies m\u00e9s innovadores que permetin que les persones aprenguin des d\u2019una perspectiva m\u00e9s experiencial i significativa, amb situacions reals que tamb\u00e9 potenci\u00efn la seva creativitat.<\/p>\n<p>Tanmateix, tenint en compte el valor que pot aportar la diversitat, i agafant com a refer\u00e8ncia el car\u00e0cter social de l\u2019aprenentatge, provinent de les seves teories constructivistes, la <strong>col\u00b7laboraci\u00f3<\/strong> pot esdevenir un eix important en tots aquests processos, si es dinamitza de manera adequada.<\/p>\n<p>En aquest sentit, tamb\u00e9 pot resultar \u00fatil fomentar el que es coneix com a <strong>comunitats d\u2019aprenentatge<\/strong>, estimulant que les persones participants puguin continuar col\u00b7laborant i aprenent una vegada acabi l\u2019acci\u00f3 formativa. Aix\u00f2 no \u00e9s una tasca f\u00e0cil i requereix un treball continuat i un molt bon guiatge i una dinamitzaci\u00f3 per a aconseguir-ho, especialment entre persones poc acostumades a fer-ho.<\/p>\n<div class=\"featured featured-grey\"><\/p>\n<h3>Per a saber-ne m\u00e9s<\/h3>\n<p>La teoria constructivista de l\u2019aprenentatge mant\u00e9, entre altres q\u00fcestions, que l\u2019aprenentatge \u00e9s un proc\u00e9s social, en qu\u00e8 es negocien els significats. Podeu ampliar informaci\u00f3 en l\u2019enlla\u00e7 seg\u00fcent:<\/p>\n<p><a href=\"https:\/\/web.archive.org\/web\/20091212053824\/http:\/www.cop.es\/colegiados\/M-00407\/CONSTRUCTIVISMO.HTM\" target=\"_blank\" rel=\"noopener\">https:\/\/web.archive.org\/web\/20091212053824\/http:\/\/www.cop.es\/colegiados\/M-00407\/CONSTRUCTIVISMO.HTM<\/a>.<\/p>\n<p>\n<\/div>\n<p>Tamb\u00e9 cal destacar metodologies que aporten un important valor social afegit, com \u00e9s el cas de l\u2019<strong>aprenentatge servei (APS)<\/strong>. Tal com el defineixen des de XTEC- Xarxa Telem\u00e0tica Educativa de Catalunya:<\/p>\n<blockquote><p>[&#8230;] es tracta d\u2019una proposta educativa que combina processos d\u2019aprenentatge i de servei a la comunitat en un sol projecte ben articulat. Un projecte en el qual els participants es formen treballant sobre necessitats reals del seu entorn amb l\u2019objectiu de millorar-lo [&#8230;]<\/p>\n<p>XTEC- Xarxa Telem\u00e0tica Educativa de Catalunya<\/p><\/blockquote>\n<p>Acostumen a ser iniciatives m\u00e9s orientades al territori, de car\u00e0cter m\u00e9s aviat local, i en qu\u00e8 la col\u00b7laboraci\u00f3 i la implicaci\u00f3 de les persones que hi participen s\u00f3n elements clau. Podem trobar diferents exemples d\u2019experi\u00e8ncies de capacitaci\u00f3 digital que han emprat aquesta metodologia:<\/p>\n<ul>\n<li><a href=\"https:\/\/fundacionesplai.org\/socioeducativa\/conecta-joven\/\" target=\"_blank\" rel=\"noopener\"><u>Conectajoven<\/u><\/a>, (Fundaci\u00f3 Esplai)<\/li>\n<li>les <a href=\"http:\/\/colectic.coop\/accio-educativa-i-comunitaria\" target=\"_blank\" rel=\"noopener\"><u>diferents experi\u00e8ncies d\u2019acci\u00f3 educativa i comunit\u00e0ria de la cooperativa Colectic<\/u><\/a>.<\/li>\n<\/ul>\n<p>Aix\u00ed, gr\u00e0cies a la interactivitat i la participaci\u00f3 que permeten avui dia les tecnologies digitals, i a la facilitat per a poder compartir tot tipus de coneixements i experi\u00e8ncies a la xarxa, la col\u00b7laboraci\u00f3 agafa encara m\u00e9s rellev\u00e0ncia i esdev\u00e9 un element important que cal potenciar en el context actual. De fet, la col\u00b7laboraci\u00f3 es considera una compet\u00e8ncia digital dins el DigComp2.1.<\/p>\n<p>En diferents iniciatives es volen potenciar totes aquestes metodologies. Per exemple, des la Uni\u00f3 Europea es volen fomentar les din\u00e0miques m\u00e9s actives, a partir de l\u2019experimentaci\u00f3, la innovaci\u00f3, la creativitat i la col\u00b7laboraci\u00f3, com es pot veure, per exemple, en el projecte <u><a href=\"https:\/\/ec.europa.eu\/digital-single-market\/en\/collective-awareness\" target=\"_blank\" rel=\"noopener\">CAPS<\/a>.<\/u><\/p>\n<p>En aquesta mateixa l\u00ednia, trobem altres propostes territorials destacables, com el projecte <a href=\"https:\/\/www.diba.cat\/es\/web\/biblioteques\/bibliolab\" target=\"_blank\" rel=\"noopener\"><u>Bibliolab<\/u><\/a>, una iniciativa de la Xarxa de Biblioteques de la Diputaci\u00f3 de Barcelona que engloba un conjunt d\u2019iniciatives i accions obertes a la ciutadania que possibiliten l\u2019acc\u00e9s al coneixement per mitj\u00e0 de l\u2019experimentaci\u00f3 amb metodologies innovadores, creatives i col\u00b7laboratives, per tal de donar resposta al desenvolupament tecnol\u00f2gic actual, en les quals les dones tenen un paper protagonista com a agents de canvi en aquest proc\u00e9s.<\/p>\n<p>Una altra iniciativa rellevant, m\u00e9s orientada als joves, \u00e9s el <u><a href=\"https:\/\/www.peretarres.org\/arxius\/artistem\/index.html\" target=\"_blank\" rel=\"noopener\">projecte Artistem<\/a>,<\/u> en qu\u00e8 a partir de l\u2019art, la creativitat i l\u2019experimentaci\u00f3 es pret\u00e9n introduir els m\u00e9s joves en l\u2019educaci\u00f3 STEM (aprenentatge de la ci\u00e8ncia, la tecnologia, l\u2019enginyeria i les matem\u00e0tiques de manera integrada).<\/p>\n<p>En una altra l\u00ednia, i per a un p\u00fablic for\u00e7a diferent, molt m\u00e9s heterogeni, hi ha els <em>serious games<\/em> que les Biblioteques de Barcelona ofereixen dins de la programaci\u00f3 de les <a href=\"http:\/\/ajuntament.barcelona.cat\/biblioteques\/ca\/canal\/antenes-cibern%C3%A0rium\" target=\"_blank\" rel=\"noopener\"><u>Antenes Cibern\u00e0rium<\/u><\/a>, en qu\u00e8, a partir de situacions reals, es posen en pr\u00e0ctica els continguts treballats en els diferents itineraris formatius en capacitaci\u00f3 digital mitjan\u00e7ant la <a class=\"tooltip\"  href=\"javascript:void(0);\" data-toggle=\"popover\" data-placement=\"bottom\" data-content=\"Teniu informaci\u00f3 sobre aquest concepte en els materials \u00abContextos d\u2019exclusi\u00f3 i agents d\u2019e-inclusi\u00f3\u00bb, i tamb\u00e9 a \u00abPraxis i pol\u00edtiques de capacitaci\u00f3 digital\u00bb.\">gamificaci\u00f3<\/a><em>.<\/em><\/p>\n<p>En nivells inicials, l\u2019experimentaci\u00f3 en col\u00b7laboraci\u00f3 tamb\u00e9 pot esdevenir una estrat\u00e8gia adequada per a descobrir i con\u00e8ixer, per exemple, les diferents parts dels dispositius i la seva utilitat.<\/p>\n<p>Per a veure com adaptar l\u2019acci\u00f3 formativa a diferents col\u00b7lectius o situacions us pot ser \u00fatil consultar la Guiadel DigComp en el cap\u00edtol 2.3. \u00abSteps in DigComp Implementation\u00bb, on es posen exemples diversos d\u2019aplicaci\u00f3 i implantaci\u00f3 de les compet\u00e8ncies de la Guia.<\/p>\n<div class=\"featured featured-blue\"><\/p>\n<h3>Exemple<\/h3>\n<p>En qualsevol cas, per a poder-se decantar per una o altra metodologia, cal tenir sempre en compte el context en el qual s\u2019emmarca l\u2019experi\u00e8ncia, com tamb\u00e9 el col\u00b7lectiu al quals ens adrecem (especialment segons els nivells de partida en l\u2019\u00fas de les TIC, nivell educatiu) per tal de poder-nos orientar i decidir el model o els models m\u00e9s adequats i ser m\u00e9s realistes.<\/p>\n<p>Tot i que en un nivell formatiu una mica diferent, \u00e9s interessant veure la proposta de l\u2019acci\u00f3 formativa <em>Educaci\u00f3n digital cr\u00edtica<\/em>. Podeu manllevar alguna idea per a la vostra acci\u00f3 formativa?<\/p>\n<p><iframe loading=\"lazy\" title=\"Educaci&amp;oacute;n Digital Cri\u0301tica\" src=\"https:\/\/player.vimeo.com\/video\/162725543?h=92699dc6d9&amp;dnt=1&amp;app_id=122963\" width=\"640\" height=\"360\" frameborder=\"0\" allow=\"autoplay; fullscreen; picture-in-picture\" allowfullscreen><\/iframe><\/p>\n<p>\n<\/div>\n<p>Com s\u2019ha comentat en la introducci\u00f3, no hi ha cap f\u00f3rmula infal\u00b7lible, i el que ha funcionat en un grup pot perfectament no funcionar en un altre.<\/p>\n","protected":false},"excerpt":{"rendered":"<p>\u00c9s a dir, es refereix a com ho farem. S\u2019acostuma a fonamentar en les diferents teories de l\u2019aprenentatge, provinents del camp de la psicologia: conductisme, cognitivisme, constructivisme (alguns parlen de connectivisme, tot i que no s\u2019ha pogut provar que sigui una teoria, sin\u00f3 m\u00e9s aviat un enfocament pedag\u00f2gic). Aix\u00ed, la metodologia que dissenyem pr\u00e8viament determinar\u00e0 [&hellip;]<\/p>\n","protected":false},"author":1,"featured_media":0,"parent":0,"menu_order":0,"comment_status":"closed","ping_status":"closed","template":"","meta":[],"_links":{"self":[{"href":"http:\/\/dinamitzacio-social-digital-test.recursos.uoc.edu\/orientacions\/wp-json\/wp\/v2\/pages\/37"}],"collection":[{"href":"http:\/\/dinamitzacio-social-digital-test.recursos.uoc.edu\/orientacions\/wp-json\/wp\/v2\/pages"}],"about":[{"href":"http:\/\/dinamitzacio-social-digital-test.recursos.uoc.edu\/orientacions\/wp-json\/wp\/v2\/types\/page"}],"author":[{"embeddable":true,"href":"http:\/\/dinamitzacio-social-digital-test.recursos.uoc.edu\/orientacions\/wp-json\/wp\/v2\/users\/1"}],"replies":[{"embeddable":true,"href":"http:\/\/dinamitzacio-social-digital-test.recursos.uoc.edu\/orientacions\/wp-json\/wp\/v2\/comments?post=37"}],"version-history":[{"count":8,"href":"http:\/\/dinamitzacio-social-digital-test.recursos.uoc.edu\/orientacions\/wp-json\/wp\/v2\/pages\/37\/revisions"}],"predecessor-version":[{"id":213,"href":"http:\/\/dinamitzacio-social-digital-test.recursos.uoc.edu\/orientacions\/wp-json\/wp\/v2\/pages\/37\/revisions\/213"}],"wp:attachment":[{"href":"http:\/\/dinamitzacio-social-digital-test.recursos.uoc.edu\/orientacions\/wp-json\/wp\/v2\/media?parent=37"}],"curies":[{"name":"wp","href":"https:\/\/api.w.org\/{rel}","templated":true}]}}