{"id":50,"date":"2019-01-11T13:23:20","date_gmt":"2019-01-11T11:23:20","guid":{"rendered":"http:\/\/dinamitzacio-social-digital-test.recursos.uoc.edu\/orientacions\/?page_id=50"},"modified":"2019-02-01T13:02:35","modified_gmt":"2019-02-01T11:02:35","slug":"1-7-acabar-el-disseny","status":"publish","type":"page","link":"http:\/\/dinamitzacio-social-digital-test.recursos.uoc.edu\/orientacions\/1-7-acabar-el-disseny\/","title":{"rendered":"1.7. Acabar el disseny"},"content":{"rendered":"<p>Una vegada ja ho tinguem tot dissenyat i planificat, si no ho hem fet abans, caldr\u00e0 posar un <strong>t\u00edtol<\/strong> a l\u2019experi\u00e8ncia. \u00c9s un aspecte que en no poques ocasions s\u2019acostuma a descuidar una mica, i \u00e9s important triar-ne un que sigui prou atractiu o motivador per al col\u00b7lectiu al qual ens adrecem i que sigui capa\u00e7 de resumir i transmetre el tarann\u00e0 de l\u2019acci\u00f3. En aquest sentit, potser cal ser una mica imaginatius i defugir dels t\u00edtols m\u00e9s cl\u00e0ssics.<\/p>\n<p>A partir d\u2019aqu\u00ed, caldr\u00e0 fer la feina de <strong>difusi\u00f3<\/strong> per mitj\u00e0 dels canals que hi hagi disponibles i iniciar tot el proc\u00e9s administratiu de recollida d\u2019inscripcions, a m\u00e9s de triar uns horaris adients al col\u00b7lectiu al qual ens adrecem.<\/p>\n<p>Tanmateix, un cop acabat el disseny i definits els continguts i la metodologia de l\u2019acci\u00f3 formativa, caldr\u00e0 triar les <strong>persones formadores<\/strong>. Per a fer-ho, s\u2019han de tenir clars els seus <a href=\"javascript:void(0);\" class=\"tooltip\" data-toggle=\"popover\" data-placement=\"bottom\" data-content=\"En el material \u00abContextos d\u2019exclusi\u00f3 digital i agents d\u2019e-inclusi\u00f3\u00bb trobareu una definici\u00f3 for\u00e7a \u00e0mplia d\u2019aquest perfil en l\u2019actualitat, sota el nom de <em>professional de la dinamitzaci\u00f3 social digital<\/em>.\" data-placement=\"top\" data-html=\"true\" >perfils<\/a>: \u00e9s a dir, els coneixements requerits i les capacitats pedag\u00f2giques, socials i de dinamitzaci\u00f3, segons la proposta.<\/p>\n<p>Tamb\u00e9 \u00e9s recomanable avan\u00e7ar-se a possibles imprevistos o conting\u00e8ncies en el cas que puguin fallar coses que tenim projectades, siguin possibles problemes relacionats amb les eines o altres q\u00fcestions. En aquest cas, pot anar b\u00e9 disposar d\u2019un <strong>\u00abpla B\u00bb o \u00abpla de crisi\u00bb<\/strong> preparat amb antelaci\u00f3, per si de cas.<\/p>\n","protected":false},"excerpt":{"rendered":"<p>Una vegada ja ho tinguem tot dissenyat i planificat, si no ho hem fet abans, caldr\u00e0 posar un t\u00edtol a l\u2019experi\u00e8ncia. \u00c9s un aspecte que en no poques ocasions s\u2019acostuma a descuidar una mica, i \u00e9s important triar-ne un que sigui prou atractiu o motivador per al col\u00b7lectiu al qual ens adrecem i que sigui [&hellip;]<\/p>\n","protected":false},"author":1,"featured_media":0,"parent":0,"menu_order":0,"comment_status":"closed","ping_status":"closed","template":"","meta":[],"_links":{"self":[{"href":"http:\/\/dinamitzacio-social-digital-test.recursos.uoc.edu\/orientacions\/wp-json\/wp\/v2\/pages\/50"}],"collection":[{"href":"http:\/\/dinamitzacio-social-digital-test.recursos.uoc.edu\/orientacions\/wp-json\/wp\/v2\/pages"}],"about":[{"href":"http:\/\/dinamitzacio-social-digital-test.recursos.uoc.edu\/orientacions\/wp-json\/wp\/v2\/types\/page"}],"author":[{"embeddable":true,"href":"http:\/\/dinamitzacio-social-digital-test.recursos.uoc.edu\/orientacions\/wp-json\/wp\/v2\/users\/1"}],"replies":[{"embeddable":true,"href":"http:\/\/dinamitzacio-social-digital-test.recursos.uoc.edu\/orientacions\/wp-json\/wp\/v2\/comments?post=50"}],"version-history":[{"count":2,"href":"http:\/\/dinamitzacio-social-digital-test.recursos.uoc.edu\/orientacions\/wp-json\/wp\/v2\/pages\/50\/revisions"}],"predecessor-version":[{"id":52,"href":"http:\/\/dinamitzacio-social-digital-test.recursos.uoc.edu\/orientacions\/wp-json\/wp\/v2\/pages\/50\/revisions\/52"}],"wp:attachment":[{"href":"http:\/\/dinamitzacio-social-digital-test.recursos.uoc.edu\/orientacions\/wp-json\/wp\/v2\/media?parent=50"}],"curies":[{"name":"wp","href":"https:\/\/api.w.org\/{rel}","templated":true}]}}