{"id":53,"date":"2019-01-11T13:24:34","date_gmt":"2019-01-11T11:24:34","guid":{"rendered":"http:\/\/dinamitzacio-social-digital-test.recursos.uoc.edu\/orientacions\/?page_id=53"},"modified":"2019-02-19T15:45:02","modified_gmt":"2019-02-19T13:45:02","slug":"2-1-introduccio","status":"publish","type":"page","link":"http:\/\/dinamitzacio-social-digital-test.recursos.uoc.edu\/orientacions\/2-1-introduccio\/","title":{"rendered":"2.1. Introducci\u00f3"},"content":{"rendered":"<div class=\"featured featured-blue\"><p>La <strong>implementaci\u00f3<\/strong> es refereix a la posada en pr\u00e0ctica de l\u2019acci\u00f3 formativa, a partir del disseny treballat. \u00c9s a dir, la tasca docent dins l\u2019espai de la formaci\u00f3.<\/p>\n<\/div>\n<p>Abans de comen\u00e7ar \u00e9s important tenir-ho tot preparat i lligat, sobretot els aspectes organitzatius com espais, materials i eines, infraestructures, formadors i formadores, etc., que ja s\u2019haurien d\u2019haver previst en l\u2019an\u00e0lisi per tal de tenir clar de qu\u00e8 es disposa per a desplegar el disseny de manera adequada.<\/p>\n<p>\u00c9s cert que en algunes ocasions poden fallar coses i hi pot haver imprevistos. En aquests casos, haurem d\u2019adaptar-nos i fer els canvis o ajustaments que estimem necessaris.<\/p>\n<p>Tanmateix, durant l\u2019execuci\u00f3 de la formaci\u00f3, \u00e9s bo poder disposar de diferents orientacions i estrat\u00e8gies, tenint en compte algunes de les especificitats que impliquen aquest tipus de formacions. Aix\u00f2 t\u00e9 una import\u00e0ncia cabdal per a les persones formadores. Vegem-ho a continuaci\u00f3.<\/p>\n","protected":false},"excerpt":{"rendered":"<p>Abans de comen\u00e7ar \u00e9s important tenir-ho tot preparat i lligat, sobretot els aspectes organitzatius com espais, materials i eines, infraestructures, formadors i formadores, etc., que ja s\u2019haurien d\u2019haver previst en l\u2019an\u00e0lisi per tal de tenir clar de qu\u00e8 es disposa per a desplegar el disseny de manera adequada. \u00c9s cert que en algunes ocasions poden [&hellip;]<\/p>\n","protected":false},"author":1,"featured_media":0,"parent":0,"menu_order":0,"comment_status":"closed","ping_status":"closed","template":"","meta":[],"_links":{"self":[{"href":"http:\/\/dinamitzacio-social-digital-test.recursos.uoc.edu\/orientacions\/wp-json\/wp\/v2\/pages\/53"}],"collection":[{"href":"http:\/\/dinamitzacio-social-digital-test.recursos.uoc.edu\/orientacions\/wp-json\/wp\/v2\/pages"}],"about":[{"href":"http:\/\/dinamitzacio-social-digital-test.recursos.uoc.edu\/orientacions\/wp-json\/wp\/v2\/types\/page"}],"author":[{"embeddable":true,"href":"http:\/\/dinamitzacio-social-digital-test.recursos.uoc.edu\/orientacions\/wp-json\/wp\/v2\/users\/1"}],"replies":[{"embeddable":true,"href":"http:\/\/dinamitzacio-social-digital-test.recursos.uoc.edu\/orientacions\/wp-json\/wp\/v2\/comments?post=53"}],"version-history":[{"count":3,"href":"http:\/\/dinamitzacio-social-digital-test.recursos.uoc.edu\/orientacions\/wp-json\/wp\/v2\/pages\/53\/revisions"}],"predecessor-version":[{"id":205,"href":"http:\/\/dinamitzacio-social-digital-test.recursos.uoc.edu\/orientacions\/wp-json\/wp\/v2\/pages\/53\/revisions\/205"}],"wp:attachment":[{"href":"http:\/\/dinamitzacio-social-digital-test.recursos.uoc.edu\/orientacions\/wp-json\/wp\/v2\/media?parent=53"}],"curies":[{"name":"wp","href":"https:\/\/api.w.org\/{rel}","templated":true}]}}