{"id":67,"date":"2019-01-11T13:57:45","date_gmt":"2019-01-11T11:57:45","guid":{"rendered":"http:\/\/dinamitzacio-social-digital-test.recursos.uoc.edu\/orientacions\/?page_id=67"},"modified":"2019-02-01T13:09:17","modified_gmt":"2019-02-01T11:09:17","slug":"2-3-4-atencio-a-la-diversitat","status":"publish","type":"page","link":"http:\/\/dinamitzacio-social-digital-test.recursos.uoc.edu\/orientacions\/2-3-4-atencio-a-la-diversitat\/","title":{"rendered":"2.3.4. Atenci\u00f3 a la diversitat"},"content":{"rendered":"<p>L\u2019atenci\u00f3 a la diversitat est\u00e0 estretament relacionada amb l\u2019acompanyament i el guiatge que desenvolupem durant les sessions. Cal tenir en compte que en aquest tipus d\u2019experi\u00e8ncies ens podem trobar que treballem amb un col\u00b7lectiu molt espec\u00edfic o b\u00e9 amb grups molt heterogenis.<\/p>\n<div class=\"featured featured-blue\"><p>Sigui com sigui, i segons els diferents perfils, situacions, caracter\u00edstiques i necessitats dels participants, \u00e9s cabdal vetllar per la inclusi\u00f3 de tothom i aconseguir, en la mesura que puguem, que tothom se senti c\u00f2mode i at\u00e8s.<\/p>\n<\/div>\n<p>Podem mirar aquesta diversitat des de diferents perspectives.<\/p>\n<p><strong>1. Diversitat d\u2019estils i ritmes d\u2019aprenentatge<\/strong><\/p>\n<p>Com ja hem comentat en l\u2019apartat \u00abAcompanyament i guiatge\u00bb, no tothom apr\u00e8n de la mateixa manera ni al mateix ritme, ni fa b\u00e9 les mateixes coses. En aquest sentit, la col\u00b7laboraci\u00f3 i la interacci\u00f3 entre els participants pot facilitar la complementarietat i fomentar que tots aprenguin de tots. Tanmateix, davant d\u2019aquesta diversitat \u00e9s important fomentar l\u2019autoregulaci\u00f3 en el proc\u00e9s d\u2019aprenentatge i facilitar que els participants puguin identificar les seves potencialitats i necessitats, per tal que puguin personalitzar el seu proc\u00e9s d\u2019aprenentatge.<\/p>\n<p><strong>2. Diversitat de nivells, usos i punts de partida en relaci\u00f3 amb la tecnologia<\/strong><\/p>\n<p>\u00c9s for\u00e7a habitual, en accions formatives de capacitaci\u00f3 digital obertes a tota la ciutadania, que trobem una diversitat de nivells i usos, tot i que es tracta de formacions inicials. Aix\u00f2 es deu al fet que cada vegada hi ha menys persones que no han tingut cap mena de contacte amb la tecnologia, tot i que encara podem trobar-ne algunes que n\u2019hagin tingut molt poc o cap. Aix\u00f2 fa que aquests coneixements estiguin una mica desorganitzats, dispersos o molt limitats en no disposar d\u2019una base. En aquest sentit, l\u2019expansi\u00f3 dels dispositius m\u00f2bils ha provocat que moltes persones que abans no estaven connectades a internet ara s\u00ed que ho estiguin i utilitzin diferents serveis amb el seu dispositiu m\u00f2bil, o b\u00e9 alguns de molt espec\u00edfics. En bona part dels casos, pot ser que aquestes persones mai no hagin tingut contacte amb un ordinador pr\u00e8viament. Per exemple, hi pot haver persones que utilitzin de manera habitual serveis com WhatsApp o Instagram per\u00f2, en canvi, que no hagin utilitzat mai, o molt poc, el correu electr\u00f2nic. O b\u00e9 persones que habitualment naveguin per internet cercant informacions a Google, per\u00f2 que no s\u00e0piguen que per a fer-ho utilitzen un navegador, etc. Aix\u00ed, doncs, \u00e9s habitual trobar destinataris amb nivells, coneixements, usos i experi\u00e8ncies desiguals dins d\u2019una mateixa sessi\u00f3, amb els conceptes una mica barrejats o confosos.<\/p>\n<p>En aquest sentit, pot anar molt b\u00e9 facilitar un vocabulari de terminologia digital, a tall de petita guia o glossari, amb els noms dels principals conceptes relacionats amb la tecnologia digital, ja que en moltes ocasions els sonen els mots o les sigles per\u00f2 no tenen clars els conceptes. Per exemple: maquinari, programari, <em>settings<\/em>, <em>boots<\/em>, <em>bluetooth<\/em>, <em>GPS<\/em>, <em>cloud<\/em>, <em>USB<\/em>, <em>NFC<\/em>, <em>password<\/em>, <em>sign in<\/em>, <em>sign out<\/em>, <em>log in<\/em>, <em>log out<\/em>, <em>net<\/em>, <em>wifi<\/em>, <em>hacker<\/em>, <em>big data<\/em>, <em>blockchain<\/em>\u2026 Aix\u00f2 els pot ajudar a anar interpretant, entenent i organitzant els conceptes amb els quals es relacionen.<\/p>\n<p>En relaci\u00f3 amb aix\u00f2, segons els pa\u00efsos d\u2019origen i el nivell educatiu de les persones participants podem trobar persones sense coneixements d\u2019angl\u00e8s o amb poc contacte amb la tecnologia. Els pot causar una certa angoixa o desmotivaci\u00f3 el fet de no entendre ni interpretar all\u00f2 que llegeixen o escolten en determinats llocs. Per aix\u00f2, es recomana proporcionar preferentment, en el cas que existeixi, la paraula en el nostre idioma.<\/p>\n<p>Tamb\u00e9 pot ser d\u2019ajuda facilitar amb antelaci\u00f3 als participants un test d\u2019autodiagnosi, que els permeti, d\u2019una banda, situar-se ells i, de l\u2019altra, situar els formadors. Si no s\u2019ha pogut fer amb antelaci\u00f3 es pot dur a terme durant la sessi\u00f3 d\u2019inici, per exemple. D\u2019aquesta manera podrem entreveure quins reajustaments i adaptacions haurem de portar a terme per tal que les sessions siguin \u00fatils per a tothom, independentment dels punts de partida i els usos de cadasc\u00fa.<\/p>\n<p><strong>3. Diversitat cultural<\/strong><\/p>\n<p>A l\u2019hora de portar a la pr\u00e0ctica un curs de capacitaci\u00f3 digital amb un grup de persones provinents de diferents cultures cal tenir en compte un seguit d\u2019aspectes que, sense pretendre ser exhaustius, indiquem a continuaci\u00f3:<\/p>\n<ul>\n<li><strong>Continguts que a nosaltres ens poden semblar atractius, \u00e8tics o perjudicials poden no ser-ho per a persones d\u2019altres cultures<\/strong>: Les visions del m\u00f3n que tenen les diferents cultures no han de coincidir necess\u00e0riament. El que per a una cultura pot resultar engrescador, per a una altra pot ser refutable. Aix\u00ed, cal anar en compte amb q\u00fcestions de caire religi\u00f3s, sexual, pol\u00edtic o relacionades amb l\u2019alimentaci\u00f3, l\u2019alcohol o les drogues&#8230; Cal tenir-ho present a l\u2019hora de proposar exemples durant les sessions.<\/li>\n<li><strong>S\u2019ha de fugir dels estereotips i establir contacte amb cada individu per a saber qu\u00e8 li resulta problem\u00e0tic i qu\u00e8 no<\/strong>: Cada persona \u00e9s diferent i t\u00e9 les seves conviccions.<\/li>\n<li><strong>El codi gr\u00e0fic d\u2019una interf\u00edcie, que a nosaltres ens pot resultar obvi, pot ser dif\u00edcil d\u2019entendre per a una persona d\u2019una altra cultura amb poca relaci\u00f3 amb la tecnologia<\/strong>. Per tant, no ens han d\u2019estranyar situacions en qu\u00e8 trobem aquesta incomprensi\u00f3. Val a dir tamb\u00e9 que bona part de la tecnologia que coneixem est\u00e0 dissenyada des d\u2019un punt de vista anglosax\u00f3 i unificat: per exemple, llegir d\u2019esquerra a dreta per a nosaltres \u00e9s natural, per\u00f2 no ho \u00e9s per a una persona de cultura sem\u00edtica. Igualment, s\u00edmbols, codis de colors que potser ens resulten obvis poden esdevenir incomprensibles per a una altra cultura, o encara pitjor, pot ser que signifiquin una cosa ben diferent.<\/li>\n<li><strong>Patrons culturals d\u2019exclusi\u00f3<\/strong>. Sens dubte, aquest \u00e9s un dels casos m\u00e9s complexos que podem trobar. Determinades cultures \u2014o, m\u00e9s ben dit, determinades branques fonamentalistes d\u2019algunes cultures\u2014 tendeixen a creure que una part de la societat, per una combinaci\u00f3 peculiar de religi\u00f3, tradici\u00f3, prejudicis, etc., est\u00e0 menys desenvolupada, \u00e9s menys intel\u00b7ligent o \u00e9s impura, i no hauria de fer coses com aprendre a utilitzar ordinadors. El cas m\u00e9s paradigm\u00e0tic \u00e9s el de les dones, menyspreades en diverses cultures. En aquest cas, a m\u00e9s de lluitar contra la resist\u00e8ncia externa de la comunitat, cal enfrontar-se amb la resist\u00e8ncia interna de les mateixes afectades que acostumen a tenir interioritzat el prejudici i poden arribar a pensar que, efectivament, no s\u00f3n capaces d\u2019utilitzar ordinadors ni res que tingui a veure amb la cultura digital.<\/li>\n<\/ul>\n<p><strong>4. Diversitat funcional<\/strong><\/p>\n<p>Molts serveis i programari que s\u2019utilitzen habitualment no preveuen l\u2019adaptabilitat ni la usabilitat de les persones amb diversitat funcional. Si en les sessions trobem aquesta diversitat, cal analitzar les eines, els serveis i els webs que farem servir en les sessions per tal d\u2019analitzar si compleixen criteris d\u2019adaptabilitat. En aquest sentit, recomanem la iniciativa <a href=\"https:\/\/www.w3.org\/WAI\/\" target=\"_blank\" rel=\"noopener\"><u>WAI<\/u><\/a>, on s\u2019expliquen aquests criteris i es faciliten eines per a poder-ho analitzar. Tamb\u00e9 s\u2019ha de valorar si cal instal\u00b7lar algun altre programari, com lectors de pantalla per a persones cegues o altres complements.<\/p>\n<p>Pel que fa al maquinari, tamb\u00e9 s\u2019ha d\u2019analitzar si disposem d\u2019eines i complements que facilitin aquesta adaptaci\u00f3, segons el tipus de diversitat funcional, com <em>joysticks<\/em>, commutadors, <em>trackballs<\/em>, teclats adaptats&#8230;<\/p>\n<p>Tamb\u00e9 caldr\u00e0 analitzar l\u2019espai de la formaci\u00f3, per tal que sigui adaptable i adaptat a aquestes necessitats.<\/p>\n<p>En la mesura que puguem \u00e9s important saber-ho amb la m\u00e0xima antelaci\u00f3 possible per a poder sol\u00b7licitar el programari i el maquinari necessaris.<\/p>\n<div class=\"featured featured-grey\"><\/p>\n<h3>Exemple<\/h3>\n<p>Les biblioteques de Barcelona van dur a terme una prova pilot el 2013 per a adaptar els seus espais multim\u00e8dia a les persones amb diversitat funcional. Podeu trobar m\u00e9s informaci\u00f3 sobre aquesta iniciativa en l\u2019enlla\u00e7<\/p>\n<p>seg\u00fcent: <a href=\"http:\/\/punttic.gencat.cat\/en\/biblioteques-de-barcelona-adapta-a-persones-amb-diversitat-funcional\" target=\"_blank\" rel=\"noopener\"><u>http:\/\/punttic.gencat.cat\/en\/biblioteques-de-barcelona-adapta-a-persones-amb-diversitat-funcional<\/u><\/a>.<\/p>\n<p>\n<\/div>\n<p>En relaci\u00f3 amb aix\u00f2, una idea important \u00e9s tenir en compte que no hi ha persones discapacitades, sin\u00f3 persones amb discapacitats. \u00c9s a dir, la discapacitat no \u00e9s quelcom intr\u00ednsec de la persona, sin\u00f3 resultat de la interacci\u00f3 de la persona amb una situaci\u00f3 espec\u00edfica. Passa el mateix amb les persones que s\u2019acostuma a classificar com a discapacitades: ells no tenen cap problema, simplement \u00e9s la situaci\u00f3 la que no est\u00e0 adaptada.<\/p>\n","protected":false},"excerpt":{"rendered":"<p>L\u2019atenci\u00f3 a la diversitat est\u00e0 estretament relacionada amb l\u2019acompanyament i el guiatge que desenvolupem durant les sessions. Cal tenir en compte que en aquest tipus d\u2019experi\u00e8ncies ens podem trobar que treballem amb un col\u00b7lectiu molt espec\u00edfic o b\u00e9 amb grups molt heterogenis. Podem mirar aquesta diversitat des de diferents perspectives. 1. Diversitat d\u2019estils i ritmes [&hellip;]<\/p>\n","protected":false},"author":1,"featured_media":0,"parent":0,"menu_order":0,"comment_status":"closed","ping_status":"closed","template":"","meta":[],"_links":{"self":[{"href":"http:\/\/dinamitzacio-social-digital-test.recursos.uoc.edu\/orientacions\/wp-json\/wp\/v2\/pages\/67"}],"collection":[{"href":"http:\/\/dinamitzacio-social-digital-test.recursos.uoc.edu\/orientacions\/wp-json\/wp\/v2\/pages"}],"about":[{"href":"http:\/\/dinamitzacio-social-digital-test.recursos.uoc.edu\/orientacions\/wp-json\/wp\/v2\/types\/page"}],"author":[{"embeddable":true,"href":"http:\/\/dinamitzacio-social-digital-test.recursos.uoc.edu\/orientacions\/wp-json\/wp\/v2\/users\/1"}],"replies":[{"embeddable":true,"href":"http:\/\/dinamitzacio-social-digital-test.recursos.uoc.edu\/orientacions\/wp-json\/wp\/v2\/comments?post=67"}],"version-history":[{"count":3,"href":"http:\/\/dinamitzacio-social-digital-test.recursos.uoc.edu\/orientacions\/wp-json\/wp\/v2\/pages\/67\/revisions"}],"predecessor-version":[{"id":188,"href":"http:\/\/dinamitzacio-social-digital-test.recursos.uoc.edu\/orientacions\/wp-json\/wp\/v2\/pages\/67\/revisions\/188"}],"wp:attachment":[{"href":"http:\/\/dinamitzacio-social-digital-test.recursos.uoc.edu\/orientacions\/wp-json\/wp\/v2\/media?parent=67"}],"curies":[{"name":"wp","href":"https:\/\/api.w.org\/{rel}","templated":true}]}}