{"id":108,"date":"2018-12-27T11:08:11","date_gmt":"2018-12-27T09:08:11","guid":{"rendered":"http:\/\/dinamitzacio-social-digital-test.recursos.uoc.edu\/praxis-politiques\/?page_id=108"},"modified":"2019-01-15T13:50:17","modified_gmt":"2019-01-15T11:50:17","slug":"1-1-la-declaracion-y-los-objetivos-de-lisboa-2000","status":"publish","type":"page","link":"http:\/\/dinamitzacio-social-digital-test.recursos.uoc.edu\/praxis-politiques\/es\/1-1-la-declaracion-y-los-objetivos-de-lisboa-2000\/","title":{"rendered":"1.1. La Declaraci\u00f3n y los objetivos de Lisboa (2000)"},"content":{"rendered":"<p>La Declaraci\u00f3n de Lisboa es un texto clave para entender una buena parte de las medidas recientes que ha tomado la Uni\u00f3n Europea, y tambi\u00e9n sobre otros temas diferentes.<\/p>\n<p>Este consejo ten\u00eda como misi\u00f3n central preparar a la Uni\u00f3n para la ampliaci\u00f3n que tuvo lugar en el 2004. Esto supuso discusiones sobre seguridad y defensa, as\u00ed como una estrategia general para el siglo <span class=\"roman\">xxi<\/span>, una de cuyas misiones clave era empujar a los pa\u00edses de la UE hacia una econom\u00eda de la sociedad de la informaci\u00f3n.<\/p>\n<p>Se trata de un texto que tiene como misi\u00f3n central establecer estrategias y objetivos. Algunos de estos son muy relevantes en cuanto a la inclusi\u00f3n electr\u00f3nica o digital. As\u00ed, por ejemplo, en el art\u00edculo 9 leemos lo siguiente:<\/p>\n<blockquote><p>\u00ab[&#8230;] Todo ciudadano debe poseer los conocimientos necesarios para vivir y trabajar en la nueva sociedad de la informaci\u00f3n. Las distintas formas de acceso deben evitar la exclusi\u00f3n en relaci\u00f3n con la informaci\u00f3n. Tiene que reforzarse la lucha contra el analfabetismo.\u00bb<\/p>\n<p>Art\u00edculo 9. Declaraci\u00f3n de Lisboa.<\/p><\/blockquote>\n<p>La estrategia global, planteada en el art\u00edculo 5, nos ayudar\u00e1 a entender las motivaciones que hay tras programas actuales como CAPS, <em>Digital Skills and Jobs<\/em>, Embajadores Digitales, etc., que trataremos m\u00e1s adelante.<\/p>\n<blockquote><p>\u00abLa Uni\u00f3n se ha fijado hoy un nuevo objetivo estrat\u00e9gico para la pr\u00f3xima d\u00e9cada: convertirse en la econom\u00eda basada en el conocimiento m\u00e1s competitiva y din\u00e1mica del mundo, capaz de crecer econ\u00f3micamente de manera sostenible con m\u00e1s y mejores empleos y con mayor cohesi\u00f3n social.\u00bb<\/p>\n<p>Art\u00edculo 5. Declaraci\u00f3n de Lisboa.<\/p><\/blockquote>\n<p>Es importante destacar que, adem\u00e1s de las motivaciones econ\u00f3micas \u2013llegar a ser la econom\u00eda del conocimiento \u00abm\u00e1s competitiva y din\u00e1mica del mundo\u00bb\u2013, tambi\u00e9n se mencionan objetivos sociales, como sostenibilidad del crecimiento y, sobre todo, asegurar la cantidad y la calidad de los trabajos y la cohesi\u00f3n social. Esta preocupaci\u00f3n social es una constante en las pol\u00edticas y proyectos de la UE en relaci\u00f3n con el tema de las TIC: <strong>crecimiento econ\u00f3mico y paz social a partes iguales<\/strong>.<\/p>\n<p>En el art\u00edculo 11 se hacen varias recomendaciones, entre las cuales est\u00e1 la de producir legislaci\u00f3n en relaci\u00f3n con temas espec\u00edficos relacionados con las TIC, como el comercio electr\u00f3nico, derechos de autor, problemas de jurisprudencia, etc.<\/p>\n","protected":false},"excerpt":{"rendered":"<p>La Declaraci\u00f3n de Lisboa es un texto clave para entender una buena parte de las medidas recientes que ha tomado la Uni\u00f3n Europea, y tambi\u00e9n sobre otros temas diferentes. Este consejo ten\u00eda como misi\u00f3n central preparar a la Uni\u00f3n para la ampliaci\u00f3n que tuvo lugar en el 2004. Esto supuso discusiones sobre seguridad y defensa, [&hellip;]<\/p>\n","protected":false},"author":1,"featured_media":0,"parent":0,"menu_order":0,"comment_status":"closed","ping_status":"closed","template":"","meta":[],"_links":{"self":[{"href":"http:\/\/dinamitzacio-social-digital-test.recursos.uoc.edu\/praxis-politiques\/es\/wp-json\/wp\/v2\/pages\/108"}],"collection":[{"href":"http:\/\/dinamitzacio-social-digital-test.recursos.uoc.edu\/praxis-politiques\/es\/wp-json\/wp\/v2\/pages"}],"about":[{"href":"http:\/\/dinamitzacio-social-digital-test.recursos.uoc.edu\/praxis-politiques\/es\/wp-json\/wp\/v2\/types\/page"}],"author":[{"embeddable":true,"href":"http:\/\/dinamitzacio-social-digital-test.recursos.uoc.edu\/praxis-politiques\/es\/wp-json\/wp\/v2\/users\/1"}],"replies":[{"embeddable":true,"href":"http:\/\/dinamitzacio-social-digital-test.recursos.uoc.edu\/praxis-politiques\/es\/wp-json\/wp\/v2\/comments?post=108"}],"version-history":[{"count":2,"href":"http:\/\/dinamitzacio-social-digital-test.recursos.uoc.edu\/praxis-politiques\/es\/wp-json\/wp\/v2\/pages\/108\/revisions"}],"predecessor-version":[{"id":189,"href":"http:\/\/dinamitzacio-social-digital-test.recursos.uoc.edu\/praxis-politiques\/es\/wp-json\/wp\/v2\/pages\/108\/revisions\/189"}],"wp:attachment":[{"href":"http:\/\/dinamitzacio-social-digital-test.recursos.uoc.edu\/praxis-politiques\/es\/wp-json\/wp\/v2\/media?parent=108"}],"curies":[{"name":"wp","href":"https:\/\/api.w.org\/{rel}","templated":true}]}}