{"id":122,"date":"2018-12-27T12:16:05","date_gmt":"2018-12-27T10:16:05","guid":{"rendered":"http:\/\/dinamitzacio-social-digital-test.recursos.uoc.edu\/praxis-politiques\/?page_id=122"},"modified":"2018-12-27T12:20:06","modified_gmt":"2018-12-27T10:20:06","slug":"1-4-3-programar-una-nueva-competencia-digital-basica","status":"publish","type":"page","link":"http:\/\/dinamitzacio-social-digital-test.recursos.uoc.edu\/praxis-politiques\/es\/1-4-3-programar-una-nueva-competencia-digital-basica\/","title":{"rendered":"1.4.3. Programar: una nueva competencia digital b\u00e1sica"},"content":{"rendered":"<p>Dentro de la pol\u00edtica general de capacitaciones digitales para encontrar trabajo, la tarea de ense\u00f1ar programaci\u00f3n ha llegado a ser en los \u00faltimos a\u00f1os central para la Agenda Digital de la UE, puesto que considera programar como una competencia b\u00e1sica para el siglo <span class=\"roman\">xxi<\/span>. M\u00e1s all\u00e1 de su utilidad a la hora de encontrar trabajo en el mercado de productos digitales, aprender a programar facilita la creatividad, ense\u00f1a a los estudiantes a cooperar, a trabajar juntos m\u00e1s all\u00e1 de los l\u00edmites espaciales y geogr\u00e1ficos y a comunicarse en un lenguaje universal. Aprender a programar tambi\u00e9n facilita conocer y entender c\u00f3mo funcionan las diferentes tecnolog\u00edas digitales que utilizamos en nuestro d\u00eda a d\u00eda, as\u00ed como poder reflexionar sobre ellas de manera m\u00e1s cr\u00edtica.<\/p>\n<p>Al mismo tiempo, tambi\u00e9n posibilita desarrollar otras competencias clave, como mejorar la capacidad de resolver problemas, trabajar en equipo o el pensamiento anal\u00edtico.<\/p>\n<p>Por eso, uno de los objetivos clave de la gran coalici\u00f3n de ocupaci\u00f3n digital es asegurar que todo el mundo tiene las competencias digitales necesarias que el mercado de trabajo actual demanda, entre ellas, saber programar. En este sentido, la acci\u00f3n 4 del programa de la gran coalici\u00f3n para ampliar la oferta educativa incluye la programaci\u00f3n como habilidad clave, dirigida especialmente a los estudiantes m\u00e1s j\u00f3venes.<\/p>\n<p>Tal y como argumenta el dise\u00f1ador y experto en tecnolog\u00edas digitales John Maeda, aprender programaci\u00f3n es una habilidad que cualquier persona que trabaja con software necesita conocer. En caso contrario, estamos en manos de aquello que los programadores han decidido que se puede hacer y no, y de qu\u00e9 manera, con el software.<\/p>\n<div class=\"featured featured-grey\"><\/p>\n<h3>Saber programar<\/h3>\n<p>Por ejemplo, una dise\u00f1adora que trabaja exclusivamente con programas comerciales como Photoshop o InDesign est\u00e1 limitada a hacer lo que los programadores de este software han considerado que se pod\u00eda hacer y para qu\u00e9. En cambio, si sabe programar, podr\u00e1 crear sus herramientas de dise\u00f1o, sin limitaciones impuestas por terceros.<\/p>\n<p>\n<\/div>\n<p>Una iniciativa especialmente interesante es la <strong><a href=\"javascript:void(0);\" class=\"tooltip\" data-toggle=\"popover\" data-placement=\"bottom\" data-content=\"En la web <a href='https:\/\/codeweek.eu\/events' target='_blank'>https:\/\/codeweek.eu\/events<\/a>, encontrar\u00e9is un mapa interactivo para localizar eventos cerca de vosotros.\" data-placement=\"top\" data-html=\"true\" >semana de la programaci\u00f3n<\/a><\/strong> (<em>coding week<\/em>), patrocinada por la UE. Se trata de una iniciativa organizada de manera popular o autoorganizada, que busca ofrecer la programaci\u00f3n y la capacitaci\u00f3n digital de una manera atractiva y divertida. Durante una semana, diferentes ciudades y poblaciones de la Uni\u00f3n Europea organizan, literalmente, centenares de concursos, <em>hackatons<\/em> y todo tipo de encuentros y actividades para acercar la programaci\u00f3n al p\u00fablico general, con patrocionadores como Apple, Google, Lego, SAP y los desarrolladores del lenguaje de programaci\u00f3n Scratch.<\/p>\n<p>En un \u00e1mbito m\u00e1s local, son muy relevantes tambi\u00e9n otras iniciativas como los <strong><a href=\"javascript:void(0);\" class=\"tooltip\" data-toggle=\"popover\" data-placement=\"bottom\" data-content=\"M\u00e1s informaci\u00f3n en <a href='https:\/\/ajuntament.barcelona.cat\/digital\/ca\/apoderament-digital\/educacio-i-capacitacio-digital\/ateneus-de-fabricacio' target='_blank'> https:\/\/ajuntament.barcelona.cat\/digital\/ca\/apoderament-digital\/educacio-i-capacitacio-digital\/ateneus-de-fabricacio<\/a>.\" data-placement=\"top\" data-html=\"true\" >ateneos de fabricaci\u00f3n digital<\/a><\/strong>, donde tanto j\u00f3venes como adultos pueden aprender habilidades b\u00e1sicas de programaci\u00f3n, utilizar cortadoras l\u00e1ser o impresoras 3D y llevar a cabo sus propios proyectos.<\/p>\n<p>En la misma l\u00ednea encontramos el <a href=\"https:\/\/www.citilab.eu\/\" target=\"_blank\" rel=\"noopener\"><strong>Citilab<\/strong><\/a>, en Cornell\u00e0, un espacio pionero y de referencia en la formaci\u00f3n y capacitaci\u00f3n digital de ciudadanos, desarrollando proyectos innovadores.<\/p>\n<p>Otra red descentralizada para aprender programaci\u00f3n muy relevante son los grupos de programaci\u00f3n en diferentes \u00e1mbitos y que se organizan v\u00eda <a href=\"https:\/\/www.meetup.com\/es-es\/find\/tech\/\" target=\"_blank\" rel=\"noopener\"><strong>Meetup<\/strong><\/a>. En esta web, encontrar\u00e9is todo tipo de grupos cerca de donde viv\u00eds para aprender programaci\u00f3n, entre otras cosas.<\/p>\n","protected":false},"excerpt":{"rendered":"<p>Dentro de la pol\u00edtica general de capacitaciones digitales para encontrar trabajo, la tarea de ense\u00f1ar programaci\u00f3n ha llegado a ser en los \u00faltimos a\u00f1os central para la Agenda Digital de la UE, puesto que considera programar como una competencia b\u00e1sica para el siglo . M\u00e1s all\u00e1 de su utilidad a la hora de encontrar trabajo [&hellip;]<\/p>\n","protected":false},"author":1,"featured_media":0,"parent":0,"menu_order":0,"comment_status":"closed","ping_status":"closed","template":"","meta":[],"_links":{"self":[{"href":"http:\/\/dinamitzacio-social-digital-test.recursos.uoc.edu\/praxis-politiques\/es\/wp-json\/wp\/v2\/pages\/122"}],"collection":[{"href":"http:\/\/dinamitzacio-social-digital-test.recursos.uoc.edu\/praxis-politiques\/es\/wp-json\/wp\/v2\/pages"}],"about":[{"href":"http:\/\/dinamitzacio-social-digital-test.recursos.uoc.edu\/praxis-politiques\/es\/wp-json\/wp\/v2\/types\/page"}],"author":[{"embeddable":true,"href":"http:\/\/dinamitzacio-social-digital-test.recursos.uoc.edu\/praxis-politiques\/es\/wp-json\/wp\/v2\/users\/1"}],"replies":[{"embeddable":true,"href":"http:\/\/dinamitzacio-social-digital-test.recursos.uoc.edu\/praxis-politiques\/es\/wp-json\/wp\/v2\/comments?post=122"}],"version-history":[{"count":3,"href":"http:\/\/dinamitzacio-social-digital-test.recursos.uoc.edu\/praxis-politiques\/es\/wp-json\/wp\/v2\/pages\/122\/revisions"}],"predecessor-version":[{"id":125,"href":"http:\/\/dinamitzacio-social-digital-test.recursos.uoc.edu\/praxis-politiques\/es\/wp-json\/wp\/v2\/pages\/122\/revisions\/125"}],"wp:attachment":[{"href":"http:\/\/dinamitzacio-social-digital-test.recursos.uoc.edu\/praxis-politiques\/es\/wp-json\/wp\/v2\/media?parent=122"}],"curies":[{"name":"wp","href":"https:\/\/api.w.org\/{rel}","templated":true}]}}