{"id":133,"date":"2018-12-27T12:28:52","date_gmt":"2018-12-27T10:28:52","guid":{"rendered":"http:\/\/dinamitzacio-social-digital-test.recursos.uoc.edu\/praxis-politiques\/?page_id=133"},"modified":"2018-12-27T12:28:52","modified_gmt":"2018-12-27T10:28:52","slug":"1-5-2-feder","status":"publish","type":"page","link":"http:\/\/dinamitzacio-social-digital-test.recursos.uoc.edu\/praxis-politiques\/es\/1-5-2-feder\/","title":{"rendered":"1.5.2. FEDER"},"content":{"rendered":"<p>El <strong>Fondo Europeo de Desarrollo Regional (FEDER)<\/strong> tiene como misi\u00f3n reducir los desequilibrios en infraestructura, mercado laboral, formaci\u00f3n, etc. entre las diferentes regiones de la Uni\u00f3n Europea, para as\u00ed facilitar la cohesi\u00f3n socioecon\u00f3mica en Europa.<\/p>\n<p>Bajo el nombre de <strong>concentraci\u00f3n<\/strong> <strong>tem\u00e1tica<\/strong>, el FEDER dirige sus inversiones a una serie de \u00e1reas prioritarias clave, que son:<\/p>\n<ul>\n<li>Innovaci\u00f3n e investigaci\u00f3n.<\/li>\n<li>Programa digital.<\/li>\n<li>Apoyo a las peque\u00f1as y medianas empresas (pymes).<\/li>\n<li>Econom\u00eda de bajas emisiones de carbono.<\/li>\n<\/ul>\n<p>En funci\u00f3n del grado de desarrollo de la regi\u00f3n, los participantes en los proyectos reciben m\u00e1s o menos financiaci\u00f3n.<\/p>\n<p>El FEDER es un programa de acci\u00f3n de alta capacidad y financia todo tipo de proyectos, pero como podemos ver en el listado, el mundo digital es un \u00e1rea prioritaria. As\u00ed, dentro del FEDER podemos encontrar proyectos cofinanciados de formaci\u00f3n en capacidades digitales en regiones empobrecidas, donde juventud y desempleados no disponen de suficientes programas para reciclarse en el mundo laboral.<\/p>\n<div class=\"featured featured-grey\"><\/p>\n<h3>Ejemplo<\/h3>\n<p>Un ejemplo de estos programas financiados por el FEDER es indio, un proyecto que busca utilizar las tecnolog\u00edas digitales para ayudar a las personas con diversidad funcional en la regi\u00f3n francesa del Nord-Pas-de-Calais, donde disponen de muchas menos oportunidades de formaci\u00f3n y empleo que en otras regiones de Francia.<\/p>\n<p>Web del proyecto: <a href=\"http:\/\/projet-indi.fr\/\" target=\"_blank\" rel=\"noopener\">http:\/\/projet-indi.fr\/<\/a>.<\/p>\n<p>\n<\/div>\n","protected":false},"excerpt":{"rendered":"<p>El Fondo Europeo de Desarrollo Regional (FEDER) tiene como misi\u00f3n reducir los desequilibrios en infraestructura, mercado laboral, formaci\u00f3n, etc. entre las diferentes regiones de la Uni\u00f3n Europea, para as\u00ed facilitar la cohesi\u00f3n socioecon\u00f3mica en Europa. Bajo el nombre de concentraci\u00f3n tem\u00e1tica, el FEDER dirige sus inversiones a una serie de \u00e1reas prioritarias clave, que son: [&hellip;]<\/p>\n","protected":false},"author":1,"featured_media":0,"parent":0,"menu_order":0,"comment_status":"closed","ping_status":"closed","template":"","meta":[],"_links":{"self":[{"href":"http:\/\/dinamitzacio-social-digital-test.recursos.uoc.edu\/praxis-politiques\/es\/wp-json\/wp\/v2\/pages\/133"}],"collection":[{"href":"http:\/\/dinamitzacio-social-digital-test.recursos.uoc.edu\/praxis-politiques\/es\/wp-json\/wp\/v2\/pages"}],"about":[{"href":"http:\/\/dinamitzacio-social-digital-test.recursos.uoc.edu\/praxis-politiques\/es\/wp-json\/wp\/v2\/types\/page"}],"author":[{"embeddable":true,"href":"http:\/\/dinamitzacio-social-digital-test.recursos.uoc.edu\/praxis-politiques\/es\/wp-json\/wp\/v2\/users\/1"}],"replies":[{"embeddable":true,"href":"http:\/\/dinamitzacio-social-digital-test.recursos.uoc.edu\/praxis-politiques\/es\/wp-json\/wp\/v2\/comments?post=133"}],"version-history":[{"count":1,"href":"http:\/\/dinamitzacio-social-digital-test.recursos.uoc.edu\/praxis-politiques\/es\/wp-json\/wp\/v2\/pages\/133\/revisions"}],"predecessor-version":[{"id":134,"href":"http:\/\/dinamitzacio-social-digital-test.recursos.uoc.edu\/praxis-politiques\/es\/wp-json\/wp\/v2\/pages\/133\/revisions\/134"}],"wp:attachment":[{"href":"http:\/\/dinamitzacio-social-digital-test.recursos.uoc.edu\/praxis-politiques\/es\/wp-json\/wp\/v2\/media?parent=133"}],"curies":[{"name":"wp","href":"https:\/\/api.w.org\/{rel}","templated":true}]}}