{"id":136,"date":"2018-12-27T12:30:08","date_gmt":"2018-12-27T10:30:08","guid":{"rendered":"http:\/\/dinamitzacio-social-digital-test.recursos.uoc.edu\/praxis-politiques\/?page_id=136"},"modified":"2018-12-27T12:30:08","modified_gmt":"2018-12-27T10:30:08","slug":"1-6-a-modo-de-resumen","status":"publish","type":"page","link":"http:\/\/dinamitzacio-social-digital-test.recursos.uoc.edu\/praxis-politiques\/es\/1-6-a-modo-de-resumen\/","title":{"rendered":"1.6. A modo de resumen"},"content":{"rendered":"<p>La Agenda Digital es la gu\u00eda para establecer proyectos y desarrollar directivas que ayuden a la tarea de desarrollar un mercado \u00fanico digital. Para hacerlo, hay que desarrollar programas concretos de alfabetizaci\u00f3n y capacitaci\u00f3n digitales para facilitar el acceso a los ciudadanos de la UE al mercado laboral, el uso de las administraciones digitales y en general, para mejorar su vida y sus capacidades.<\/p>\n<p>Esta Agenda Digital est\u00e1 basada en la Declaraci\u00f3n de Lisboa, que defini\u00f3 los objetivos para alcanzar al a\u00f1o durante esta d\u00e9cada. Estos objetivos, que incluyen tanto aspectos instrumentales como de contenidos en cuanto a la inclusi\u00f3n digital, se desarrollan en varios planos de acci\u00f3n y programas. Tambi\u00e9n existen una serie de directivas que ofrecen un marco legal para garantizar varios ciberderechos sin los cuales no puede haber verdadera inclusi\u00f3n.<\/p>\n","protected":false},"excerpt":{"rendered":"<p>La Agenda Digital es la gu\u00eda para establecer proyectos y desarrollar directivas que ayuden a la tarea de desarrollar un mercado \u00fanico digital. Para hacerlo, hay que desarrollar programas concretos de alfabetizaci\u00f3n y capacitaci\u00f3n digitales para facilitar el acceso a los ciudadanos de la UE al mercado laboral, el uso de las administraciones digitales y [&hellip;]<\/p>\n","protected":false},"author":1,"featured_media":0,"parent":0,"menu_order":0,"comment_status":"closed","ping_status":"closed","template":"","meta":[],"_links":{"self":[{"href":"http:\/\/dinamitzacio-social-digital-test.recursos.uoc.edu\/praxis-politiques\/es\/wp-json\/wp\/v2\/pages\/136"}],"collection":[{"href":"http:\/\/dinamitzacio-social-digital-test.recursos.uoc.edu\/praxis-politiques\/es\/wp-json\/wp\/v2\/pages"}],"about":[{"href":"http:\/\/dinamitzacio-social-digital-test.recursos.uoc.edu\/praxis-politiques\/es\/wp-json\/wp\/v2\/types\/page"}],"author":[{"embeddable":true,"href":"http:\/\/dinamitzacio-social-digital-test.recursos.uoc.edu\/praxis-politiques\/es\/wp-json\/wp\/v2\/users\/1"}],"replies":[{"embeddable":true,"href":"http:\/\/dinamitzacio-social-digital-test.recursos.uoc.edu\/praxis-politiques\/es\/wp-json\/wp\/v2\/comments?post=136"}],"version-history":[{"count":1,"href":"http:\/\/dinamitzacio-social-digital-test.recursos.uoc.edu\/praxis-politiques\/es\/wp-json\/wp\/v2\/pages\/136\/revisions"}],"predecessor-version":[{"id":137,"href":"http:\/\/dinamitzacio-social-digital-test.recursos.uoc.edu\/praxis-politiques\/es\/wp-json\/wp\/v2\/pages\/136\/revisions\/137"}],"wp:attachment":[{"href":"http:\/\/dinamitzacio-social-digital-test.recursos.uoc.edu\/praxis-politiques\/es\/wp-json\/wp\/v2\/media?parent=136"}],"curies":[{"name":"wp","href":"https:\/\/api.w.org\/{rel}","templated":true}]}}