{"id":144,"date":"2018-12-27T12:37:14","date_gmt":"2018-12-27T10:37:14","guid":{"rendered":"http:\/\/dinamitzacio-social-digital-test.recursos.uoc.edu\/praxis-politiques\/?page_id=144"},"modified":"2018-12-27T12:37:14","modified_gmt":"2018-12-27T10:37:14","slug":"2-3-a-modo-de-resumen","status":"publish","type":"page","link":"http:\/\/dinamitzacio-social-digital-test.recursos.uoc.edu\/praxis-politiques\/es\/2-3-a-modo-de-resumen\/","title":{"rendered":"2.3. A modo de resumen"},"content":{"rendered":"<p>La comunidad de pa\u00edses de Am\u00e9rica Latina y el Caribe ha tomado como base de sus pol\u00edticas digitales la Agenda Digital de la Uni\u00f3n Europea en la Quinta Conferencia Ministerial sobre la Sociedad de la Informaci\u00f3n. Este documento hace extensivas y remarca cuestiones clave de inclusi\u00f3n digital, insistiendo en la necesidad de proteger a los m\u00e1s desfavorecidos, d\u00e1ndoles herramientas y capacidades digitales para tener un mayor control de sus vidas. Hay toda una serie de programas e iniciativas para garantizar un di\u00e1logo y una colaboraci\u00f3n fluidos entre los pa\u00edses de Am\u00e9rica Latina y el Caribe y la Uni\u00f3n Europea.<\/p>\n<p>Espa\u00f1a est\u00e1 plenamente en sinton\u00eda con las dos agendas digitales, la latinoamericana y la europea, a pesar de que desde la Administraci\u00f3n no se d\u00e9 mucha visibilidad a estas iniciativas, ni haya un compromiso fuerte a la hora de participar.<\/p>\n","protected":false},"excerpt":{"rendered":"<p>La comunidad de pa\u00edses de Am\u00e9rica Latina y el Caribe ha tomado como base de sus pol\u00edticas digitales la Agenda Digital de la Uni\u00f3n Europea en la Quinta Conferencia Ministerial sobre la Sociedad de la Informaci\u00f3n. Este documento hace extensivas y remarca cuestiones clave de inclusi\u00f3n digital, insistiendo en la necesidad de proteger a los [&hellip;]<\/p>\n","protected":false},"author":1,"featured_media":0,"parent":0,"menu_order":0,"comment_status":"closed","ping_status":"closed","template":"","meta":[],"_links":{"self":[{"href":"http:\/\/dinamitzacio-social-digital-test.recursos.uoc.edu\/praxis-politiques\/es\/wp-json\/wp\/v2\/pages\/144"}],"collection":[{"href":"http:\/\/dinamitzacio-social-digital-test.recursos.uoc.edu\/praxis-politiques\/es\/wp-json\/wp\/v2\/pages"}],"about":[{"href":"http:\/\/dinamitzacio-social-digital-test.recursos.uoc.edu\/praxis-politiques\/es\/wp-json\/wp\/v2\/types\/page"}],"author":[{"embeddable":true,"href":"http:\/\/dinamitzacio-social-digital-test.recursos.uoc.edu\/praxis-politiques\/es\/wp-json\/wp\/v2\/users\/1"}],"replies":[{"embeddable":true,"href":"http:\/\/dinamitzacio-social-digital-test.recursos.uoc.edu\/praxis-politiques\/es\/wp-json\/wp\/v2\/comments?post=144"}],"version-history":[{"count":1,"href":"http:\/\/dinamitzacio-social-digital-test.recursos.uoc.edu\/praxis-politiques\/es\/wp-json\/wp\/v2\/pages\/144\/revisions"}],"predecessor-version":[{"id":145,"href":"http:\/\/dinamitzacio-social-digital-test.recursos.uoc.edu\/praxis-politiques\/es\/wp-json\/wp\/v2\/pages\/144\/revisions\/145"}],"wp:attachment":[{"href":"http:\/\/dinamitzacio-social-digital-test.recursos.uoc.edu\/praxis-politiques\/es\/wp-json\/wp\/v2\/media?parent=144"}],"curies":[{"name":"wp","href":"https:\/\/api.w.org\/{rel}","templated":true}]}}