{"id":149,"date":"2018-12-27T12:40:47","date_gmt":"2018-12-27T10:40:47","guid":{"rendered":"http:\/\/dinamitzacio-social-digital-test.recursos.uoc.edu\/praxis-politiques\/?page_id=149"},"modified":"2019-01-15T14:00:05","modified_gmt":"2019-01-15T12:00:05","slug":"conclusiones","status":"publish","type":"page","link":"http:\/\/dinamitzacio-social-digital-test.recursos.uoc.edu\/praxis-politiques\/es\/conclusiones\/","title":{"rendered":"Conclusiones"},"content":{"rendered":"<p>La capacitaci\u00f3n digital es una necesidad en un mundo cada vez m\u00e1s dependiente de la tecnolog\u00eda. Mucho nos costar\u00eda ahora mismo encontrar alguna actividad humana que no dependa, directa o indirectamente, del uso de tecnolog\u00edas digitales.<\/p>\n<p>Afortunadamente, la Uni\u00f3n Europea es muy consciente de esta necesidad y ha activado toda una serie de medidas, directivas y programas para facilitar la capacitaci\u00f3n digital de todos los ciudadanos de la UE.<\/p>\n<p>Es importante examinar con detalle estos programas y propuestas, tanto para conocer de qu\u00e9 forma se desarrolla actualmente un programa de capacitaci\u00f3n digital en un pa\u00eds de la UE, como para buscar futuras herramientas de financiaci\u00f3n para vuestros propios proyectos.<\/p>\n<p>Los planes de la UE son tambi\u00e9n muy relevantes para nosotros, porque marcan tambi\u00e9n los programas y acciones de capacitaci\u00f3n digital en un \u00e1mbito espa\u00f1ol y catal\u00e1n, y tambi\u00e9n son la inspiraci\u00f3n de las iniciativas que tienen lugar en Am\u00e9rica Latina.<\/p>\n<p>No hay que olvidar que no todos los pa\u00edses van a la misma velocidad, puesto que no todos disponen ni de la financiaci\u00f3n, ni de las infraestructuras ni de la capacidad de formaci\u00f3n de la UE o Estados Unidos. De aqu\u00ed la importancia de la Cumbre Mundial de las Naciones Unidas para asegurar un desarrollo global armonioso de las tecnolog\u00edas digitales en el mundo.<\/p>\n","protected":false},"excerpt":{"rendered":"<p>La capacitaci\u00f3n digital es una necesidad en un mundo cada vez m\u00e1s dependiente de la tecnolog\u00eda. Mucho nos costar\u00eda ahora mismo encontrar alguna actividad humana que no dependa, directa o indirectamente, del uso de tecnolog\u00edas digitales. Afortunadamente, la Uni\u00f3n Europea es muy consciente de esta necesidad y ha activado toda una serie de medidas, directivas [&hellip;]<\/p>\n","protected":false},"author":1,"featured_media":0,"parent":0,"menu_order":0,"comment_status":"closed","ping_status":"closed","template":"","meta":[],"_links":{"self":[{"href":"http:\/\/dinamitzacio-social-digital-test.recursos.uoc.edu\/praxis-politiques\/es\/wp-json\/wp\/v2\/pages\/149"}],"collection":[{"href":"http:\/\/dinamitzacio-social-digital-test.recursos.uoc.edu\/praxis-politiques\/es\/wp-json\/wp\/v2\/pages"}],"about":[{"href":"http:\/\/dinamitzacio-social-digital-test.recursos.uoc.edu\/praxis-politiques\/es\/wp-json\/wp\/v2\/types\/page"}],"author":[{"embeddable":true,"href":"http:\/\/dinamitzacio-social-digital-test.recursos.uoc.edu\/praxis-politiques\/es\/wp-json\/wp\/v2\/users\/1"}],"replies":[{"embeddable":true,"href":"http:\/\/dinamitzacio-social-digital-test.recursos.uoc.edu\/praxis-politiques\/es\/wp-json\/wp\/v2\/comments?post=149"}],"version-history":[{"count":2,"href":"http:\/\/dinamitzacio-social-digital-test.recursos.uoc.edu\/praxis-politiques\/es\/wp-json\/wp\/v2\/pages\/149\/revisions"}],"predecessor-version":[{"id":198,"href":"http:\/\/dinamitzacio-social-digital-test.recursos.uoc.edu\/praxis-politiques\/es\/wp-json\/wp\/v2\/pages\/149\/revisions\/198"}],"wp:attachment":[{"href":"http:\/\/dinamitzacio-social-digital-test.recursos.uoc.edu\/praxis-politiques\/es\/wp-json\/wp\/v2\/media?parent=149"}],"curies":[{"name":"wp","href":"https:\/\/api.w.org\/{rel}","templated":true}]}}