{"id":25,"date":"2018-12-18T15:38:01","date_gmt":"2018-12-18T13:38:01","guid":{"rendered":"http:\/\/dinamitzacio-social-digital-test.recursos.uoc.edu\/praxis-politiques\/?page_id=25"},"modified":"2019-02-01T12:12:08","modified_gmt":"2019-02-01T10:12:08","slug":"1-1-la-declaracio-i-els-objectius-de-lisboa-2000","status":"publish","type":"page","link":"http:\/\/dinamitzacio-social-digital-test.recursos.uoc.edu\/praxis-politiques\/1-1-la-declaracio-i-els-objectius-de-lisboa-2000\/","title":{"rendered":"1.1. La declaraci\u00f3 i els objectius de Lisboa (2000)"},"content":{"rendered":"<p>La declaraci\u00f3 de Lisboa \u00e9s un text clau per a entendre bona part de les mesures recents que ha pres la Uni\u00f3 Europea, i tamb\u00e9 altres temes.<\/p>\n<p>Aquest Consell tenia com a missi\u00f3 central preparar la Uni\u00f3 per a l\u2019ampliaci\u00f3 que va tenir lloc el 2004. Aix\u00f2 va comportar discussions sobre seguretat i defensa com tamb\u00e9 una estrat\u00e8gia general per al segle <span class=\"roman\">xxi<\/span>, una de les missions clau de la qual era emp\u00e8nyer els pa\u00efsos de la UE cap a una economia de la societat de la informaci\u00f3.<\/p>\n<p>Es tracta d\u2019un text que t\u00e9 com a missi\u00f3 central establir estrat\u00e8gies i objectius. Alguns d\u2019aquests s\u00f3n molt rellevants pel que fa a l\u2019e-inclusi\u00f3 o inclusi\u00f3 digital. Aix\u00ed, per exemple, en l\u2019article 9 llegim el seg\u00fcent:<\/p>\n<blockquote><p>\u00ab[&#8230;] Todo ciudadano debe poseer los conocimientos necesarios para vivir y trabajar en la nueva sociedad de la informaci\u00f3n. Las distintas formas de acceso deben evitar la exclusi\u00f3n en relaci\u00f3n con la informaci\u00f3n. Ha de reforzarse la lucha contra el analfabetismo.\u00bb<\/p>\n<p>Article 9. Declaraci\u00f3 de Lisboa<\/p><\/blockquote>\n<p>L\u2019estrat\u00e8gia global, plantejada en l\u2019article 5, ens ajudar\u00e0 a entendre les motivacions que hi ha al darrere de programes actuals com CAPS, <em>Digital Skills and Jobs<\/em> o Ambaixadors digitals, etc., que tractarem m\u00e9s endavant.<\/p>\n<blockquote><p>\u00abLa Uni\u00f3n se ha fijado hoy un nuevo objetivo estrat\u00e9gico para la pr\u00f3xima d\u00e9cada: convertirse en la econom\u00eda basada en el conocimiento m\u00e1s competitiva y din\u00e1mica del mundo, capaz de crecer econ\u00f3micamente de manera sostenible con m\u00e1s y mejores empleos y con mayor cohesi\u00f3n social.\u00bb<\/p>\n<p>Article 5. Declaraci\u00f3 de Lisboa<\/p><\/blockquote>\n<p>\u00c9s important destacar que, a banda de les motivacions econ\u00f2miques \u2014esdevenir l\u2019economia del coneixement \u00abm\u00e9s competitiva i din\u00e0mica del m\u00f3n\u00bb\u2014, tamb\u00e9 s\u2019hi esmenten objectius socials, com la sostenibilitat del creixement i, sobretot, assegurar la quantitat i la qualitat de les feines i la cohesi\u00f3 social. Aquesta preocupaci\u00f3 social \u00e9s una constant en les pol\u00edtiques i els projectes de la UE en relaci\u00f3 amb el tema de les TIC: <strong>creixement econ\u00f2mic i pau social a parts iguals<\/strong>.<\/p>\n<p>En l\u2019article 11 es fan diverses recomanacions, entre les quals hi ha la de produir legislaci\u00f3 en relaci\u00f3 amb temes espec\u00edfics associats amb les TIC, com el comer\u00e7 electr\u00f2nic, els drets d\u2019autor, els problemes de jurisprud\u00e8ncia, etc.<\/p>\n","protected":false},"excerpt":{"rendered":"<p>La declaraci\u00f3 de Lisboa \u00e9s un text clau per a entendre bona part de les mesures recents que ha pres la Uni\u00f3 Europea, i tamb\u00e9 altres temes. Aquest Consell tenia com a missi\u00f3 central preparar la Uni\u00f3 per a l\u2019ampliaci\u00f3 que va tenir lloc el 2004. Aix\u00f2 va comportar discussions sobre seguretat i defensa com [&hellip;]<\/p>\n","protected":false},"author":1,"featured_media":0,"parent":0,"menu_order":0,"comment_status":"closed","ping_status":"closed","template":"","meta":[],"_links":{"self":[{"href":"http:\/\/dinamitzacio-social-digital-test.recursos.uoc.edu\/praxis-politiques\/wp-json\/wp\/v2\/pages\/25"}],"collection":[{"href":"http:\/\/dinamitzacio-social-digital-test.recursos.uoc.edu\/praxis-politiques\/wp-json\/wp\/v2\/pages"}],"about":[{"href":"http:\/\/dinamitzacio-social-digital-test.recursos.uoc.edu\/praxis-politiques\/wp-json\/wp\/v2\/types\/page"}],"author":[{"embeddable":true,"href":"http:\/\/dinamitzacio-social-digital-test.recursos.uoc.edu\/praxis-politiques\/wp-json\/wp\/v2\/users\/1"}],"replies":[{"embeddable":true,"href":"http:\/\/dinamitzacio-social-digital-test.recursos.uoc.edu\/praxis-politiques\/wp-json\/wp\/v2\/comments?post=25"}],"version-history":[{"count":6,"href":"http:\/\/dinamitzacio-social-digital-test.recursos.uoc.edu\/praxis-politiques\/wp-json\/wp\/v2\/pages\/25\/revisions"}],"predecessor-version":[{"id":201,"href":"http:\/\/dinamitzacio-social-digital-test.recursos.uoc.edu\/praxis-politiques\/wp-json\/wp\/v2\/pages\/25\/revisions\/201"}],"wp:attachment":[{"href":"http:\/\/dinamitzacio-social-digital-test.recursos.uoc.edu\/praxis-politiques\/wp-json\/wp\/v2\/media?parent=25"}],"curies":[{"name":"wp","href":"https:\/\/api.w.org\/{rel}","templated":true}]}}