{"id":29,"date":"2018-12-18T15:42:55","date_gmt":"2018-12-18T13:42:55","guid":{"rendered":"http:\/\/dinamitzacio-social-digital-test.recursos.uoc.edu\/praxis-politiques\/?page_id=29"},"modified":"2021-01-26T11:46:49","modified_gmt":"2021-01-26T09:46:49","slug":"1-2-marc-juridic-algunes-directives-europees-generals","status":"publish","type":"page","link":"http:\/\/dinamitzacio-social-digital-test.recursos.uoc.edu\/praxis-politiques\/1-2-marc-juridic-algunes-directives-europees-generals\/","title":{"rendered":"1.2. Marc jur\u00eddic: algunes directives europees generals"},"content":{"rendered":"<p>La Declaraci\u00f3 de Lisboa convidava a accelerar el proc\u00e9s de creaci\u00f3 d\u2019un marc legal per al desenvolupament de l\u2019economia del coneixement a la UE. Aquesta part de la declaraci\u00f3 ha generat la redacci\u00f3 de <a href=\"javascript:void(0);\" class=\"tooltip\" data-toggle=\"popover\" data-placement=\"bottom\" data-content=\"Val a dir que una directiva no \u00e9s un text d\u2019aplicaci\u00f3 legal, sin\u00f3 un seguit de recomanacions sobre com cada estat membre ha de desenvolupar un codi legal sobre la q\u00fcesti\u00f3.<br>Podeu consultar la declaraci\u00f3 de Lisboa \u2014en castell\u00e0\u2014 en l\u2019adre\u00e7a seg\u00fcent: <a href='http:\/\/www.europarl.europa.eu\/summits\/lis1_es.htm' target='_blank'>http:\/\/www.europarl.europa.eu\/summits\/lis1_es.htm.<\/a>\" data-placement=\"top\" data-html=\"true\" >diverses directives<\/a> que regulen tota una s\u00e8rie de processos relacionats amb les TIC. El que encara no hi ha \u00e9s una directiva espec\u00edfica al voltant de la capacitaci\u00f3 digital, per\u00f2 s\u00ed que trobem altres directives que tenen una relaci\u00f3 important amb el que hem anomenat <strong>dimensi\u00f3 social i personal en la lluita contra l\u2019exclusi\u00f3<\/strong>. B\u00e0sicament, ens referim a les lleis que protegeixen els drets i les llibertats dels ciutadans de la UE en el m\u00f3n digital.<\/p>\n<div class=\"featured featured-grey\"><\/p>\n<h3>Exemples<\/h3>\n<ul>\n<li>La Directiva per a regular el comer\u00e7 electr\u00f2nic dicta normativa legal per a protegir els ciutadans del correu no sol\u00b7licitat (<em>spam<\/em>).<\/li>\n<li>La Directiva per a la protecci\u00f3 de dades GDPR (<em>General Data Protection Regulation<\/em>) posa limitacions a l\u2019emmagatzematge de dades personals per part d\u2019empreses i organismes oficials sense el consentiment expr\u00e9s de la persona interessada, l\u2019\u00fas de <em>cookies<\/em>, etc., i que \u00e9s d\u2019aplicaci\u00f3 obligat\u00f2ria des de maig de 2018. M\u00e9s informaci\u00f3 al web oficial <a href=\"https:\/\/gdpr.eu\/\" target=\"_blank\" rel=\"noopener\">https:\/\/www.gdpr.eu<\/a><br \/>\nEls codis penals dels diferents estats membres tamb\u00e9 regulen els aspectes de les TIC que poden derivar en conductes criminals, com ara el sabotatge inform\u00e0tic, l\u2019espionatge industrial amb mitjans digitals, etc. En aquests casos, tot i l\u2019exist\u00e8ncia d\u2019una directiva sobre ciberdelicte, les lleis varien m\u00e9s, ja que els estats tenen m\u00e9s llibertat a l\u2019hora de crear els seus codis penals. Podeu trobar el text d\u2019aquesta directiva en l\u2019enlla\u00e7: <a href=\"https:\/\/www.boe.es\/doue\/2013\/218\/L00008-00014.pdf\" target=\"_blank\" rel=\"noopener\">https:\/\/www.boe.es\/doue\/2013\/218\/L00008-00014.pdf.<\/a>\u00a0Tamb\u00e9 us recomanem la lectura d&#8217;aquesta comunicaci\u00f3 de la Comissi\u00f3 Europea sobre l&#8217;Estrat\u00e8gia de la UE en mat\u00e8ria de seguretat atenent al panorama actual: <a href=\"https:\/\/eur-lex.europa.eu\/legal-content\/ES\/TXT\/PDF\/?uri=CELEX:52020DC0605&amp;from=ES\" target=\"_blank\" rel=\"noopener\">https:\/\/eur-lex.europa.eu\/legal-content\/ES\/TXT\/PDF\/?uri=CELEX:52020DC0605&amp;from=ES<\/a><\/li>\n<\/ul>\n<p>\n<\/div>\n<div class=\"featured featured-blue\"><p>Aix\u00ed, quan parlem de <strong>capacitaci\u00f3 digital<\/strong>, \u00e9s important que no oblidem mai aquesta dimensi\u00f3 dels \u00abciberdrets\u00bb: no n\u2019hi ha prou a garantir l\u2019acc\u00e9s i l\u2019aprofitament de la societat de la informaci\u00f3: cal assegurar igualment que les llibertats i els drets b\u00e0sics estan garantits. Igualment hem d\u2019ensenyar als nouvinguts al m\u00f3n digital una s\u00e8rie de <a href=\"https:\/\/www.researchgate.net\/publication\/265426171_REGLAS_DE_ESTILO_Y_NETIQUETTE_REGLAS_DE_ESTILO_Y_NETIQUETTE\" target=\"_blank\" rel=\"noopener\">normes d\u2019etiqueta<\/a> (<em>netiquette<\/em>) explicant-los com s\u2019han de comportar correctament mentre es mouen pel ciberespai.<\/p>\n<\/div>\n","protected":false},"excerpt":{"rendered":"<p>La Declaraci\u00f3 de Lisboa convidava a accelerar el proc\u00e9s de creaci\u00f3 d\u2019un marc legal per al desenvolupament de l\u2019economia del coneixement a la UE. Aquesta part de la declaraci\u00f3 ha generat la redacci\u00f3 de que regulen tota una s\u00e8rie de processos relacionats amb les TIC. El que encara no hi ha \u00e9s una directiva espec\u00edfica [&hellip;]<\/p>\n","protected":false},"author":1,"featured_media":0,"parent":0,"menu_order":0,"comment_status":"closed","ping_status":"closed","template":"","meta":[],"_links":{"self":[{"href":"http:\/\/dinamitzacio-social-digital-test.recursos.uoc.edu\/praxis-politiques\/wp-json\/wp\/v2\/pages\/29"}],"collection":[{"href":"http:\/\/dinamitzacio-social-digital-test.recursos.uoc.edu\/praxis-politiques\/wp-json\/wp\/v2\/pages"}],"about":[{"href":"http:\/\/dinamitzacio-social-digital-test.recursos.uoc.edu\/praxis-politiques\/wp-json\/wp\/v2\/types\/page"}],"author":[{"embeddable":true,"href":"http:\/\/dinamitzacio-social-digital-test.recursos.uoc.edu\/praxis-politiques\/wp-json\/wp\/v2\/users\/1"}],"replies":[{"embeddable":true,"href":"http:\/\/dinamitzacio-social-digital-test.recursos.uoc.edu\/praxis-politiques\/wp-json\/wp\/v2\/comments?post=29"}],"version-history":[{"count":7,"href":"http:\/\/dinamitzacio-social-digital-test.recursos.uoc.edu\/praxis-politiques\/wp-json\/wp\/v2\/pages\/29\/revisions"}],"predecessor-version":[{"id":216,"href":"http:\/\/dinamitzacio-social-digital-test.recursos.uoc.edu\/praxis-politiques\/wp-json\/wp\/v2\/pages\/29\/revisions\/216"}],"wp:attachment":[{"href":"http:\/\/dinamitzacio-social-digital-test.recursos.uoc.edu\/praxis-politiques\/wp-json\/wp\/v2\/media?parent=29"}],"curies":[{"name":"wp","href":"https:\/\/api.w.org\/{rel}","templated":true}]}}