{"id":33,"date":"2018-12-18T15:49:29","date_gmt":"2018-12-18T13:49:29","guid":{"rendered":"http:\/\/dinamitzacio-social-digital-test.recursos.uoc.edu\/praxis-politiques\/?page_id=33"},"modified":"2022-01-17T14:54:41","modified_gmt":"2022-01-17T12:54:41","slug":"1-3-lagenda-digital-de-la-ue","status":"publish","type":"page","link":"http:\/\/dinamitzacio-social-digital-test.recursos.uoc.edu\/praxis-politiques\/1-3-lagenda-digital-de-la-ue\/","title":{"rendered":"1.3. L\u2019Agenda digital de la UE"},"content":{"rendered":"<p>Un dels objectius clau que es desprenen de la declaraci\u00f3 de Lisboa \u00e9s construir un mercat \u00fanic digital a la UE basat en aquests tres pilars:<\/p>\n<ol>\n<li>Refor\u00e7ar l\u2019acc\u00e9s dels consumidors i les empreses als b\u00e9ns i serveis digitals.<\/li>\n<li>Crear les condicions adequades perqu\u00e8 les xarxes i els serveis digitals prosperin.<\/li>\n<li>Aprofitar al m\u00e0xim el potencial de creixement de l\u2019economia digital.<\/li>\n<\/ol>\n<p><a href=\"https:\/\/eur-lex.europa.eu\/LexUriServ\/LexUriServ.do?uri=COM:2010:0245:FIN:ES:PDF\" target=\"_blank\" rel=\"noopener\">L\u2019Agenda Digital per a Europa<\/a> es va crear al maig de 2010 per a impulsar l\u2019economia europea aprofitant els avantatges econ\u00f2mics i socials sostenibles del mercat \u00fanic digital. Actualment, la Comissi\u00f3 Europea ha fet una proposta de Reglament del Parlament Europeu i del Consell pel que s&#8217;estableix el nou programa Europa Digital 2021-2027, i que podeu consultar en aquest enlla\u00e7: <a href=\"https:\/\/eur-lex.europa.eu\/legal-content\/ES\/TXT\/HTML\/?uri=CELEX:52018PC0434&amp;from=ES\" target=\"_blank\" rel=\"noopener\">https:\/\/eur-lex.europa.eu\/legal-content\/ES\/TXT\/HTML\/?uri=CELEX:52018PC0434&amp;from=ES<\/a><\/p>\n<p>Tamb\u00e9 s&#8217;ha establert un <a href=\"https:\/\/ec.europa.eu\/education\/education-in-the-eu\/digital-education-action-plan_es\" target=\"_blank\" rel=\"noopener\">Pla d&#8217;Acci\u00f3 d&#8217;Educaci\u00f3 Digital 2021-2027<\/a>, que t\u00e9 com a prioritats estrat\u00e8giques fomentar el desenvolupament d&#8217;un ecosistema educatiu digital d&#8217;alt rendiment, aix\u00ed com perfeccionar les compet\u00e8ncies digitals de tota la ciutadania per encarar aquesta transformaci\u00f3 digital.<\/p>\n<p>Per la seva banda, a Espanya s&#8217;ha publicat <a href=\"https:\/\/www.lamoncloa.gob.es\/presidente\/actividades\/Documents\/2020\/230720-Espa%C3%B1aDigital_2025.pdf\" target=\"_blank\" rel=\"noopener\">Espa\u00f1a Digital 2025<\/a>, un document on s&#8217;exposen alguns objectius rellevants per a l\u2019e-inclusi\u00f3 de tota la ciutadania, entre els quals destaquem:<\/p>\n<ul>\n<li>Garantir una connectivitat adequada al 100% de la poblaci\u00f3 per contribuir a la desaparici\u00f3 de la bretxa digital.<\/li>\n<li>Refor\u00e7ar les compet\u00e8ncies digitals de tota la ciutadania per arribar a l&#8217;objectiu del 80% de persones amb compet\u00e8ncies digitals b\u00e0siques. En aquest sentit, ja est\u00e0 en marxa el Plan Nacional de Competencias Digitales, que, en les seves pr\u00f2pies paraules, t\u00e9 com objectiu \u00abgarantizar la formaci\u00f3n e inclusi\u00f3n digital de la ciudadan\u00eda y los trabajadores, no dejando a nadie atr\u00e1s en el proceso de transformaci\u00f3n digital de la sociedad y la econom\u00eda\u00bb. El teniu disponible a: <a href=\"https:\/\/planderecuperacion.gob.es\/politicas-y-componentes\/componente-19-plan-nacional-de-competencias-digitales-digital-skills\" target=\"_blank\" rel=\"noopener\">https:\/\/planderecuperacion.gob.es\/politicas-y-componentes\/componente-19-plan-nacional-de-competencias-digitales-digital-skills<\/a>.<\/li>\n<li>Garantir els drets digitals de la ciutadania.<\/li>\n<li>Accelerar la digitalitzaci\u00f3 de les empreses.<\/li>\n<li>Impulsar la digitalitzaci\u00f3 de les administracions p\u00fabliques, per aconseguir que al 2025 hi hagi un 50% de serveis p\u00fablics disponibles al m\u00f2bil.<\/li>\n<\/ul>\n<p>La conclusi\u00f3 \u00e9s \u00f2bvia: per a viure i participar plenament en la societat actual, estar informats pol\u00edticament, estudiar, treballar etc. tots i totes necessitem ser competents digitals.<\/p>\n","protected":false},"excerpt":{"rendered":"<p>Un dels objectius clau que es desprenen de la declaraci\u00f3 de Lisboa \u00e9s construir un mercat \u00fanic digital a la UE basat en aquests tres pilars: Refor\u00e7ar l\u2019acc\u00e9s dels consumidors i les empreses als b\u00e9ns i serveis digitals. Crear les condicions adequades perqu\u00e8 les xarxes i els serveis digitals prosperin. Aprofitar al m\u00e0xim el potencial [&hellip;]<\/p>\n","protected":false},"author":1,"featured_media":0,"parent":0,"menu_order":0,"comment_status":"closed","ping_status":"closed","template":"","meta":[],"_links":{"self":[{"href":"http:\/\/dinamitzacio-social-digital-test.recursos.uoc.edu\/praxis-politiques\/wp-json\/wp\/v2\/pages\/33"}],"collection":[{"href":"http:\/\/dinamitzacio-social-digital-test.recursos.uoc.edu\/praxis-politiques\/wp-json\/wp\/v2\/pages"}],"about":[{"href":"http:\/\/dinamitzacio-social-digital-test.recursos.uoc.edu\/praxis-politiques\/wp-json\/wp\/v2\/types\/page"}],"author":[{"embeddable":true,"href":"http:\/\/dinamitzacio-social-digital-test.recursos.uoc.edu\/praxis-politiques\/wp-json\/wp\/v2\/users\/1"}],"replies":[{"embeddable":true,"href":"http:\/\/dinamitzacio-social-digital-test.recursos.uoc.edu\/praxis-politiques\/wp-json\/wp\/v2\/comments?post=33"}],"version-history":[{"count":19,"href":"http:\/\/dinamitzacio-social-digital-test.recursos.uoc.edu\/praxis-politiques\/wp-json\/wp\/v2\/pages\/33\/revisions"}],"predecessor-version":[{"id":232,"href":"http:\/\/dinamitzacio-social-digital-test.recursos.uoc.edu\/praxis-politiques\/wp-json\/wp\/v2\/pages\/33\/revisions\/232"}],"wp:attachment":[{"href":"http:\/\/dinamitzacio-social-digital-test.recursos.uoc.edu\/praxis-politiques\/wp-json\/wp\/v2\/media?parent=33"}],"curies":[{"name":"wp","href":"https:\/\/api.w.org\/{rel}","templated":true}]}}