{"id":35,"date":"2018-12-18T15:54:33","date_gmt":"2018-12-18T13:54:33","guid":{"rendered":"http:\/\/dinamitzacio-social-digital-test.recursos.uoc.edu\/praxis-politiques\/?page_id=35"},"modified":"2019-01-11T10:49:54","modified_gmt":"2019-01-11T08:49:54","slug":"1-4-1-caps","status":"publish","type":"page","link":"http:\/\/dinamitzacio-social-digital-test.recursos.uoc.edu\/praxis-politiques\/1-4-1-caps\/","title":{"rendered":"1.4.1. CAPS"},"content":{"rendered":"<div class=\"featured featured-blue\"><p><strong>CAPS<\/strong> s\u00f3n les sigles de <a href=\"https:\/\/ec.europa.eu\/digital-single-market\/en\/collective-awareness\" target=\"_blank\" rel=\"noopener\"><em>Collective Awareness Sensibilization Platfform<\/em><\/a> o plataformes de sensibilitzaci\u00f3 col\u00b7lectiva. \u00c9s la iniciativa associada a l\u2019Agenda digital europea m\u00e9s rellevant pel que fa a la inclusi\u00f3 i la capacitaci\u00f3 digitals.<\/p>\n<\/div>\n<p>Per la UE, la iniciativa CAPS, recolzada a trav\u00e9s del pressupost de recerca i innovaci\u00f3 de la UE, \u00e9s un dels mecanismes de canvi m\u00e9s potents per a la societat a Europa i al m\u00f3n.<\/p>\n<p>La idea de fons \u00e9s crear plataformes de creaci\u00f3 i discussi\u00f3 col\u00b7lectives, obertes, per a potenciar la innovaci\u00f3 social en processos horitzontals, no dirigits. Algunes de les \u00e0rees objectiu s\u00f3n l\u2019economia circular, el reciclatge intel\u00b7ligent, la producci\u00f3 col\u00b7laborativa, la democr\u00e0cia directa, els drets digitals i la preservaci\u00f3 de la privacitat.<\/p>\n<p>La iniciativa CAPS t\u00e9 com a objectiu dissenyar i dinamitzar plataformes en l\u00ednia per a conscienciar sobre problemes de sostenibilitat i posar en pr\u00e0ctica solucions col\u00b7lectives. En aquest sentit, promou solucions col\u00b7laboratives basades en xarxes (de persones, d\u2019idees, de sensors) que permetin noves formes d\u2019innovaci\u00f3 social digital.<\/p>\n<div class=\"featured featured-grey\"><\/p>\n<h4>Internet de les coses<\/h4>\n<p>El concepte d\u2019<strong>Internet de les coses<\/strong>, conegut normalment per les sigles IOT (<em>Internet of Things<\/em>) facilita per exemple la interconnexi\u00f3 de tota mena de dispositius captadors de dades, com ara sensors de temperatura, pressi\u00f3, radiaci\u00f3, etc. Aix\u00f2 ha portat, entre altres coses, a la creaci\u00f3 de xarxes descentralitzades on els usuaris pugen tota mena de sensors per a recopilar dades i aix\u00ed crear projectes de ci\u00e8ncia ciutadana en qu\u00e8 \u00e9s possible fer un seguiment prec\u00eds del temps atmosf\u00e8ric, la contaminaci\u00f3 en una ciutat, etc.<\/p>\n<p>\n<\/div>\n<p>Inspirada en xarxes col\u00b7lectives tipus wiki com la Wikipedia, la iniciativa CAPS cerca compartir coneixements i informaci\u00f3 per a facilitar que els consumidors prenguin decisions, com tamb\u00e9 sensibilitzar la ciutadania europea per a respectar el medi ambient i establir processos democr\u00e0tics m\u00e9s participatius.<\/p>\n<p>Per qu\u00e8 establir processos col\u00b7lectius horitzontals? D\u2019una banda, per a potenciar el pluralisme: ning\u00fa, ni els experts, tenen totes les respostes; per aix\u00f2 \u00e9s important crear plataformes per a la discussi\u00f3 oberta. De l\u2019altra, l\u2019usuari en l\u00ednia actual confia i es motiva veient les accions dels seus conciutadans a la xarxa, per la qual cosa \u00e9s important crear plataformes i xarxes de col\u00b7laboraci\u00f3.<\/p>\n<p>CAPS s\u2019organitza al voltant d\u2019aquests conceptes clau:<\/p>\n<ul>\n<li><strong>Sostenibilitat.<\/strong> \u00c9s el primer repte de la iniciativa CAPS, focalitzada en la sensibilitat cap als problemes del medi ambient. Per\u00f2 r\u00e0pidament aquesta idea de sostenibilitat es va ampliar per a incloure tamb\u00e9 les dimensions socials i econ\u00f2miques, per tal de garantir a les generacions futures una qualitat de vida com a m\u00ednim similar a l\u2019actual.<\/li>\n<li>Potenciar la <strong>confian\u00e7a col\u00b7lectiva<\/strong> que faciliti la creaci\u00f3 de pr\u00e0ctiques socials innovadores, sostenibles i contextualitzades en els diferents entorns locals.<\/li>\n<li>Activar la <strong>multidisciplinarietat<\/strong>, fent que cada consorci cofinan\u00e7at inclogui almenys dues entitats no associades directament amb les TIC, com per exemple relacionades amb l\u2019\u00e0mbit de les ci\u00e8ncies socials, l\u2019economia o les arts.<\/li>\n<li>Oferir plataformes web obertes com a eina central del programa, que s\u2019encarreguin de construir una <strong>consci\u00e8ncia col\u00b7lectiva<\/strong> i tradueixin els reptes de les nostres societats en llocs web, xarxes socials, wikis col\u00b7laboratius, f\u00f2rums i altres infraestructures d\u2019actuaci\u00f3.<\/li>\n<li>Desenvolupar la <strong>innovaci\u00f3 social<\/strong> generant nous serveis, m\u00e8todes i productes que encarin problemes socials urgents i emergents, per tal de crear un m\u00f3n m\u00e9s equitatiu, sostenible i just.<\/li>\n<\/ul>\n<div class=\"featured featured-grey\"><\/p>\n<h3>Alguns exemples<\/h3>\n<ul>\n<li><a href=\"https:\/\/dcentproject.eu\" target=\"_blank\" rel=\"noopener\"><strong>D-Cent<\/strong><\/a>: Proporcionar a la societat civil eines digitals per a la participaci\u00f3 democr\u00e0tica. Realitzaci\u00f3 de pol\u00edtiques obertes: millor presa de decisions basades en dades obertes.<\/li>\n<li><a href=\"http:\/\/www.webcosi.eu\" target=\"_blank\" rel=\"noopener\"><strong>WebCosi<\/strong><\/a>: Augmentar la confian\u00e7a en les estad\u00edstiques generades col\u00b7lectivament.<\/li>\n<li><a href=\"https:\/\/wikirate.org\" target=\"_blank\" rel=\"noopener\"><strong>Wikirate<\/strong><\/a>: Permetre als ciutadans valorar les empreses en relaci\u00f3 amb la responsabilitat social corporativa.<\/li>\n<li><a href=\"https:\/\/www.decarbonet.eu\" target=\"_blank\" rel=\"noopener\"><strong>DecarboNet<\/strong><\/a>: Fomentar el canvi de comportament per a reduir el consum d\u2019energia.<\/li>\n<li><a href=\"http:\/\/cap4access.eu\/intro.html\" target=\"_blank\" rel=\"noopener\"><strong>Cap4Access<\/strong><\/a>: Eliminar col\u00b7lectivament de barreres per a la inclusi\u00f3.<\/li>\n<li><a href=\"https:\/\/databait.hwcomms.com\" target=\"_blank\" rel=\"noopener\"><strong>Databait<\/strong><\/a>. Gr\u00e0cies a DataBait, els usuaris reben comentaris sobre qu\u00e8 es pot deduir autom\u00e0ticament de les dades que comparteixen en l\u00ednia.<\/li>\n<li><a href=\"https:\/\/digitalsocial.eu\" target=\"_blank\" rel=\"noopener\"><strong>Digital Social Innovation<\/strong><\/a>: Comunitat per a potenciar l\u2019\u00fas de tecnologies digitals per a tractar problemes socials.<\/li>\n<\/ul>\n<p>\n<\/div>\n","protected":false},"excerpt":{"rendered":"<p>Per la UE, la iniciativa CAPS, recolzada a trav\u00e9s del pressupost de recerca i innovaci\u00f3 de la UE, \u00e9s un dels mecanismes de canvi m\u00e9s potents per a la societat a Europa i al m\u00f3n. La idea de fons \u00e9s crear plataformes de creaci\u00f3 i discussi\u00f3 col\u00b7lectives, obertes, per a potenciar la innovaci\u00f3 social en [&hellip;]<\/p>\n","protected":false},"author":1,"featured_media":0,"parent":0,"menu_order":0,"comment_status":"closed","ping_status":"closed","template":"","meta":[],"_links":{"self":[{"href":"http:\/\/dinamitzacio-social-digital-test.recursos.uoc.edu\/praxis-politiques\/wp-json\/wp\/v2\/pages\/35"}],"collection":[{"href":"http:\/\/dinamitzacio-social-digital-test.recursos.uoc.edu\/praxis-politiques\/wp-json\/wp\/v2\/pages"}],"about":[{"href":"http:\/\/dinamitzacio-social-digital-test.recursos.uoc.edu\/praxis-politiques\/wp-json\/wp\/v2\/types\/page"}],"author":[{"embeddable":true,"href":"http:\/\/dinamitzacio-social-digital-test.recursos.uoc.edu\/praxis-politiques\/wp-json\/wp\/v2\/users\/1"}],"replies":[{"embeddable":true,"href":"http:\/\/dinamitzacio-social-digital-test.recursos.uoc.edu\/praxis-politiques\/wp-json\/wp\/v2\/comments?post=35"}],"version-history":[{"count":3,"href":"http:\/\/dinamitzacio-social-digital-test.recursos.uoc.edu\/praxis-politiques\/wp-json\/wp\/v2\/pages\/35\/revisions"}],"predecessor-version":[{"id":183,"href":"http:\/\/dinamitzacio-social-digital-test.recursos.uoc.edu\/praxis-politiques\/wp-json\/wp\/v2\/pages\/35\/revisions\/183"}],"wp:attachment":[{"href":"http:\/\/dinamitzacio-social-digital-test.recursos.uoc.edu\/praxis-politiques\/wp-json\/wp\/v2\/media?parent=35"}],"curies":[{"name":"wp","href":"https:\/\/api.w.org\/{rel}","templated":true}]}}