{"id":43,"date":"2018-12-18T16:16:48","date_gmt":"2018-12-18T14:16:48","guid":{"rendered":"http:\/\/dinamitzacio-social-digital-test.recursos.uoc.edu\/praxis-politiques\/?page_id=43"},"modified":"2019-01-11T10:51:13","modified_gmt":"2019-01-11T08:51:13","slug":"1-4-3-programar-una-nova-competencia-digital-basica","status":"publish","type":"page","link":"http:\/\/dinamitzacio-social-digital-test.recursos.uoc.edu\/praxis-politiques\/1-4-3-programar-una-nova-competencia-digital-basica\/","title":{"rendered":"1.4.3. Programar: una nova compet\u00e8ncia digital b\u00e0sica"},"content":{"rendered":"<p>Dins de la pol\u00edtica general de capacitacions digitals per a trobar feina, la tasca d\u2019ensenyar programaci\u00f3 ha esdevingut en els darrers anys central per a la Agenda digital de la UE, ja que consideren que programa \u00e9s una compet\u00e8ncia b\u00e0sica per al segle <span class=\"roman\">xxi<\/span>. M\u00e9s enll\u00e0 de la seva utilitat a l\u2019hora de trobar feina en el mercat de productes digitals, aprendre a programar facilita la creativitat, ensenya els estudiants a cooperar, a treballar junts m\u00e9s enll\u00e0 dels l\u00edmits espacials i geogr\u00e0fics i a comunicar-se en un llenguatge universal. Aprendre a programar tamb\u00e9 facilita con\u00e8ixer i entendre com funcionen les diferents tecnologies digitals que utilitzem en el dia a dia, i tamb\u00e9 poder-ne reflexionar de manera m\u00e9s cr\u00edtica.<\/p>\n<p>Al mateix temps, tamb\u00e9 possibilita desenvolupar altres compet\u00e8ncies clau, com millorar la capacitat de resoldre problemes, treballar en equip o el pensament anal\u00edtic.<\/p>\n<p>Per aix\u00f2, un dels objectius clau de la Gran Coalici\u00f3 d\u2019Ocupaci\u00f3 Digital \u00e9s assegurar que tothom t\u00e9 les compet\u00e8ncies digitals necess\u00e0ries que exigeix el mercat de treball actual, entre les quals hi ha saber programar. En aquest sentit, l\u2019acci\u00f3 4 del programa de la Gran Coalici\u00f3 per a ampliar l\u2019oferta educativa inclou la programaci\u00f3 com a habilitat clau, dirigida especialment als estudiants m\u00e9s joves.<\/p>\n<p>Tal com argumenta el dissenyador i expert en tecnologies digitals John Maeda, aprendre programaci\u00f3 \u00e9s una habilitat que qualsevol persona que treballa amb programari ha de con\u00e8ixer. En cas contrari, estem en mans d\u2019all\u00f2 que els programadors han decidit que es pot fer i que no, i de quina manera, amb el programari.<\/p>\n<div class=\"featured featured-grey\"><\/p>\n<h4>Saber programar<\/h4>\n<p>Per exemple, una dissenyadora que treballa exclusivament amb programes comercials com Photoshop o InDesign est\u00e0 limitada a fer all\u00f2 que els programadors d\u2019aquest programari han considerat que es podia fer i per qu\u00e8. En canvi, si sap programar podr\u00e0 crear les seves eines de disseny, sense limitacions imposades per terceres persones.<\/p>\n<p>\n<\/div>\n<p>Una iniciativa especialment interessant \u00e9s la <strong><a href=\"javascript:void(0);\" class=\"tooltip\" data-toggle=\"popover\" data-placement=\"bottom\" data-content=\"En el web <a href='https:\/\/codeweek.eu\/events' target='_blank'>https:\/\/codeweek.eu\/events<\/a> trobareu un mapa interactiu per a localitzar esdeveniments a prop vostre.\" data-placement=\"top\" data-html=\"true\" >setmana de la programaci\u00f3<\/a><\/strong> (<em>coding week<\/em>) patrocinada per la UE. \u00c9s una iniciativa organitzada de manera popular o autoorganitzada que cerca oferir la programaci\u00f3 i la capacitaci\u00f3 digital d\u2019una manera atractiva i divertida. Durant una setmana, diferents ciutats i poblacions de la Uni\u00f3 Europea organitzen, literalment, centenars de concursos, <em>hackatons<\/em> i tota mena de trobades i activitats per a apropar la programaci\u00f3 al p\u00fablic general, amb patrocinadors com Apple, Google, Lego, SAP i els desenvolupadors del llenguatge de programaci\u00f3 Scratch.<\/p>\n<p>En un \u00e0mbit m\u00e9s local, s\u00f3n molt rellevants tamb\u00e9 altres iniciatives com els <strong><a href=\"javascript:void(0);\" class=\"tooltip\" data-toggle=\"popover\" data-placement=\"bottom\" data-content=\"M\u00e9s informaci\u00f3 a <a href='https:\/\/ajuntament.barcelona.cat\/digital\/ca\/apoderament-digital\/educacio-i-capacitacio-digital\/ateneus-de-fabricacio' target='_blank'>https:\/\/ajuntament.barcelona.cat\/digital\/ca\/apoderament-digital\/educacio-i-capacitacio-digital\/ateneus-de-fabricacio<\/a>.\" data-placement=\"top\" data-html=\"true\" >ateneus de fabricaci\u00f3 digital<\/a><\/strong>, on tant joves com adults poden aprendre habilitats b\u00e0siques de programaci\u00f3, utilitzar talladores l\u00e0ser o impressores 3D i portar a terme els seus projectes.<\/p>\n<p>En la mateixa l\u00ednia trobem el <a href=\"https:\/\/www.citilab.eu\/\" target=\"_blank\" rel=\"noopener\"><strong>Citilab<\/strong><\/a>, a Cornell\u00e0, espai pioner i de refer\u00e8ncia en la formaci\u00f3 i capacitaci\u00f3 digital de ciutadans, on es desenvolupen projectes innovadors.<\/p>\n<p>Una altra xarxa descentralitzada per a aprendre programaci\u00f3 molt rellevant s\u00f3n els grups de programaci\u00f3 de diferents nivells que s\u2019organitzen a <a href=\"https:\/\/www.meetup.com\/es-ES\/find\/tech\/\" target=\"_blank\" rel=\"noopener\"><strong>Meetup<\/strong><\/a>. En aquest web trobareu tota mena de grups a prop d\u2019on viviu per a aprendre programaci\u00f3, entre altres coses.<\/p>\n","protected":false},"excerpt":{"rendered":"<p>Dins de la pol\u00edtica general de capacitacions digitals per a trobar feina, la tasca d\u2019ensenyar programaci\u00f3 ha esdevingut en els darrers anys central per a la Agenda digital de la UE, ja que consideren que programa \u00e9s una compet\u00e8ncia b\u00e0sica per al segle . M\u00e9s enll\u00e0 de la seva utilitat a l\u2019hora de trobar feina [&hellip;]<\/p>\n","protected":false},"author":1,"featured_media":0,"parent":0,"menu_order":0,"comment_status":"closed","ping_status":"closed","template":"","meta":[],"_links":{"self":[{"href":"http:\/\/dinamitzacio-social-digital-test.recursos.uoc.edu\/praxis-politiques\/wp-json\/wp\/v2\/pages\/43"}],"collection":[{"href":"http:\/\/dinamitzacio-social-digital-test.recursos.uoc.edu\/praxis-politiques\/wp-json\/wp\/v2\/pages"}],"about":[{"href":"http:\/\/dinamitzacio-social-digital-test.recursos.uoc.edu\/praxis-politiques\/wp-json\/wp\/v2\/types\/page"}],"author":[{"embeddable":true,"href":"http:\/\/dinamitzacio-social-digital-test.recursos.uoc.edu\/praxis-politiques\/wp-json\/wp\/v2\/users\/1"}],"replies":[{"embeddable":true,"href":"http:\/\/dinamitzacio-social-digital-test.recursos.uoc.edu\/praxis-politiques\/wp-json\/wp\/v2\/comments?post=43"}],"version-history":[{"count":6,"href":"http:\/\/dinamitzacio-social-digital-test.recursos.uoc.edu\/praxis-politiques\/wp-json\/wp\/v2\/pages\/43\/revisions"}],"predecessor-version":[{"id":184,"href":"http:\/\/dinamitzacio-social-digital-test.recursos.uoc.edu\/praxis-politiques\/wp-json\/wp\/v2\/pages\/43\/revisions\/184"}],"wp:attachment":[{"href":"http:\/\/dinamitzacio-social-digital-test.recursos.uoc.edu\/praxis-politiques\/wp-json\/wp\/v2\/media?parent=43"}],"curies":[{"name":"wp","href":"https:\/\/api.w.org\/{rel}","templated":true}]}}