{"id":55,"date":"2018-12-18T16:32:06","date_gmt":"2018-12-18T14:32:06","guid":{"rendered":"http:\/\/dinamitzacio-social-digital-test.recursos.uoc.edu\/praxis-politiques\/?page_id=55"},"modified":"2018-12-18T16:32:50","modified_gmt":"2018-12-18T14:32:50","slug":"1-5-1-erasmus","status":"publish","type":"page","link":"http:\/\/dinamitzacio-social-digital-test.recursos.uoc.edu\/praxis-politiques\/1-5-1-erasmus\/","title":{"rendered":"1.5.1. Erasmus+"},"content":{"rendered":"<div class=\"featured featured-blue\"><p><strong>Erasmus+<\/strong> \u00e9s l\u2019ampliaci\u00f3 del conegut programa Erasmus per als anys que van de 2014 a 2020. \u00c9s un programa ambici\u00f3s que cobreix els \u00e0mbits de l\u2019educaci\u00f3, la formaci\u00f3, la joventut i l\u2019esport.<\/p>\n<\/div>\n<p>Aquest programa ajuda els sistemes europeus d\u2019educaci\u00f3, formaci\u00f3 i joventut a oferir un ensenyament i un aprenentatge innovadors i de qualitat, impulsant noves perspectives en la inserci\u00f3 laboral i el desenvolupament personal, per a proporcionar al jovent les capacitats necess\u00e0ries per al mercat laboral i la societat actual i futura.<\/p>\n<p>Aquest programa va molt m\u00e9s enll\u00e0 del tema que ens ocupa i compr\u00e8n propostes educatives i de formaci\u00f3 en totes les seves caracter\u00edstiques, per\u00f2 dedica una part rellevant del pressupost a projectes que tenen com a objectiu la inclusi\u00f3 digital i l\u2019oferiment de capacitats, com tamb\u00e9 la cerca de mesures per a evitar la discriminaci\u00f3 en l\u00ednia.<\/p>\n<p>A l\u2019estil de CAPS, Erasmus+ cofinan\u00e7a molt projectes de formaci\u00f3 entre iguals, on estudiants de tallers internacionals aprenen i ensenyen conjuntament habilitats digitals, com la programaci\u00f3, de manera divertida. D\u2019aquesta manera es conjuminen els objectius dels programes Erasmus de facilitar el moviment dins de la Uni\u00f3 Europea d\u2019estudiants i professors, i de preparar al jovent per al futur mercat de treball desenvolupant habilitats i capacitats digitals.<\/p>\n<p>Aix\u00ed, des d\u2019Erasmus+ s\u2019han cofinan\u00e7at diversos projectes que cerquen conscienciar contra el <em>ciberbullying<\/em> i la discriminaci\u00f3 en l\u00ednia, donant eines tant als educadors com al jovent per a detectar aquest tipus d\u2019activitats i aturar-les.<\/p>\n<div class=\"featured featured-grey\"><\/p>\n<h3>Exemples<\/h3>\n<p>Un exemple d\u2019aquest tipus de programes \u00e9s el paquet educatiu contra la discriminaci\u00f3 digital que s\u2019ha desenvolupat des del projecte I-CUD. Podeu accedir a aquesta aplicaci\u00f3 web des de <a href=\"http:\/\/digitaldiscrimination.eu\/pack\/\" target=\"_blank\" rel=\"noopener\">http:\/\/digitaldiscrimination.eu\/pack\/<\/a>.<\/p>\n<p>Al <a href=\"http:\/\/digitaldiscrimination.eu\" target=\"_blank\" rel=\"noopener\">web del projecte<\/a> trobareu tamb\u00e9 un interessant repositori de materials per a lluitar contra la discriminaci\u00f3 en l\u00ednia.<\/p>\n<p>\n<\/div>\n","protected":false},"excerpt":{"rendered":"<p>Aquest programa ajuda els sistemes europeus d\u2019educaci\u00f3, formaci\u00f3 i joventut a oferir un ensenyament i un aprenentatge innovadors i de qualitat, impulsant noves perspectives en la inserci\u00f3 laboral i el desenvolupament personal, per a proporcionar al jovent les capacitats necess\u00e0ries per al mercat laboral i la societat actual i futura. Aquest programa va molt m\u00e9s [&hellip;]<\/p>\n","protected":false},"author":1,"featured_media":0,"parent":0,"menu_order":0,"comment_status":"closed","ping_status":"closed","template":"","meta":[],"_links":{"self":[{"href":"http:\/\/dinamitzacio-social-digital-test.recursos.uoc.edu\/praxis-politiques\/wp-json\/wp\/v2\/pages\/55"}],"collection":[{"href":"http:\/\/dinamitzacio-social-digital-test.recursos.uoc.edu\/praxis-politiques\/wp-json\/wp\/v2\/pages"}],"about":[{"href":"http:\/\/dinamitzacio-social-digital-test.recursos.uoc.edu\/praxis-politiques\/wp-json\/wp\/v2\/types\/page"}],"author":[{"embeddable":true,"href":"http:\/\/dinamitzacio-social-digital-test.recursos.uoc.edu\/praxis-politiques\/wp-json\/wp\/v2\/users\/1"}],"replies":[{"embeddable":true,"href":"http:\/\/dinamitzacio-social-digital-test.recursos.uoc.edu\/praxis-politiques\/wp-json\/wp\/v2\/comments?post=55"}],"version-history":[{"count":2,"href":"http:\/\/dinamitzacio-social-digital-test.recursos.uoc.edu\/praxis-politiques\/wp-json\/wp\/v2\/pages\/55\/revisions"}],"predecessor-version":[{"id":57,"href":"http:\/\/dinamitzacio-social-digital-test.recursos.uoc.edu\/praxis-politiques\/wp-json\/wp\/v2\/pages\/55\/revisions\/57"}],"wp:attachment":[{"href":"http:\/\/dinamitzacio-social-digital-test.recursos.uoc.edu\/praxis-politiques\/wp-json\/wp\/v2\/media?parent=55"}],"curies":[{"name":"wp","href":"https:\/\/api.w.org\/{rel}","templated":true}]}}