{"id":58,"date":"2018-12-18T16:34:04","date_gmt":"2018-12-18T14:34:04","guid":{"rendered":"http:\/\/dinamitzacio-social-digital-test.recursos.uoc.edu\/praxis-politiques\/?page_id=58"},"modified":"2018-12-18T16:57:55","modified_gmt":"2018-12-18T14:57:55","slug":"1-5-2-feder","status":"publish","type":"page","link":"http:\/\/dinamitzacio-social-digital-test.recursos.uoc.edu\/praxis-politiques\/1-5-2-feder\/","title":{"rendered":"1.5.2. FEDER"},"content":{"rendered":"<p>El <strong>Fons Europeu de Desenvolupament Regional (FEDER)<\/strong> t\u00e9 com a missi\u00f3 reduir els desequilibris en infraestructures, mercat laboral, formaci\u00f3\u2026 entre les diferents regions de la Uni\u00f3 Europea i facilitar la cohesi\u00f3 socioecon\u00f2mica a Europa.<\/p>\n<p>Sota el nom de <strong>concentraci\u00f3 tem\u00e0tica<\/strong> el FEDER dirigeix les seves inversions a una s\u00e8rie d\u2019\u00e0rees priorit\u00e0ries clau, que s\u00f3n les seg\u00fcents:<\/p>\n<ul>\n<li>Innovaci\u00f3 i investigaci\u00f3<\/li>\n<li>Programa digital<\/li>\n<li>Suport de les petites i mitjanes empreses (PYMES)<\/li>\n<li>Economia de baixes emissions de carboni<\/li>\n<\/ul>\n<p>Segons el grau de desenvolupament de la regi\u00f3, els participants en els projectes reben m\u00e9s o menys finan\u00e7ament.<\/p>\n<p>El FEDER \u00e9s un programa d\u2019acci\u00f3 d\u2019alta capacitat i finan\u00e7a tota mena de projectes, per\u00f2 com podem veure en el llistat, el m\u00f3n digital \u00e9s una \u00e0rea priorit\u00e0ria. Aix\u00ed, dins de FEDER podem trobar projectes cofinan\u00e7ats de formaci\u00f3 en capacitats digitals en regions empobrides, on el jovent i els aturats no disposen de programes suficients per a reciclar-se en el m\u00f3n laboral.<\/p>\n<div class=\"featured featured-grey\"><\/p>\n<h3>Exemple<\/h3>\n<p>Un exemple d\u2019aquests programes finan\u00e7ats pel FEDER \u00e9s \u00abindi\u00bb, un projecte que utilitza les tecnologies digitals per a ajudar les persones amb diversitat funcional de la regi\u00f3 francesa del Pas Nord de Calais, on disposen de moltes menys oportunitats de formaci\u00f3 i ocupaci\u00f3 que en altres regions de Fran\u00e7a.<\/p>\n<p>Web del projecte: <a href=\"http:\/\/projet-indi.fr\/\" target=\"_blank\" rel=\"noopener\">http:\/\/projet-indi.fr\/<\/a>.<\/p>\n<p>\n<\/div>\n","protected":false},"excerpt":{"rendered":"<p>El Fons Europeu de Desenvolupament Regional (FEDER) t\u00e9 com a missi\u00f3 reduir els desequilibris en infraestructures, mercat laboral, formaci\u00f3\u2026 entre les diferents regions de la Uni\u00f3 Europea i facilitar la cohesi\u00f3 socioecon\u00f2mica a Europa. Sota el nom de concentraci\u00f3 tem\u00e0tica el FEDER dirigeix les seves inversions a una s\u00e8rie d\u2019\u00e0rees priorit\u00e0ries clau, que s\u00f3n les [&hellip;]<\/p>\n","protected":false},"author":1,"featured_media":0,"parent":0,"menu_order":0,"comment_status":"closed","ping_status":"closed","template":"","meta":[],"_links":{"self":[{"href":"http:\/\/dinamitzacio-social-digital-test.recursos.uoc.edu\/praxis-politiques\/wp-json\/wp\/v2\/pages\/58"}],"collection":[{"href":"http:\/\/dinamitzacio-social-digital-test.recursos.uoc.edu\/praxis-politiques\/wp-json\/wp\/v2\/pages"}],"about":[{"href":"http:\/\/dinamitzacio-social-digital-test.recursos.uoc.edu\/praxis-politiques\/wp-json\/wp\/v2\/types\/page"}],"author":[{"embeddable":true,"href":"http:\/\/dinamitzacio-social-digital-test.recursos.uoc.edu\/praxis-politiques\/wp-json\/wp\/v2\/users\/1"}],"replies":[{"embeddable":true,"href":"http:\/\/dinamitzacio-social-digital-test.recursos.uoc.edu\/praxis-politiques\/wp-json\/wp\/v2\/comments?post=58"}],"version-history":[{"count":3,"href":"http:\/\/dinamitzacio-social-digital-test.recursos.uoc.edu\/praxis-politiques\/wp-json\/wp\/v2\/pages\/58\/revisions"}],"predecessor-version":[{"id":101,"href":"http:\/\/dinamitzacio-social-digital-test.recursos.uoc.edu\/praxis-politiques\/wp-json\/wp\/v2\/pages\/58\/revisions\/101"}],"wp:attachment":[{"href":"http:\/\/dinamitzacio-social-digital-test.recursos.uoc.edu\/praxis-politiques\/wp-json\/wp\/v2\/media?parent=58"}],"curies":[{"name":"wp","href":"https:\/\/api.w.org\/{rel}","templated":true}]}}