{"id":61,"date":"2018-12-18T16:35:07","date_gmt":"2018-12-18T14:35:07","guid":{"rendered":"http:\/\/dinamitzacio-social-digital-test.recursos.uoc.edu\/praxis-politiques\/?page_id=61"},"modified":"2018-12-18T16:35:07","modified_gmt":"2018-12-18T14:35:07","slug":"1-6-a-tall-de-resum","status":"publish","type":"page","link":"http:\/\/dinamitzacio-social-digital-test.recursos.uoc.edu\/praxis-politiques\/1-6-a-tall-de-resum\/","title":{"rendered":"1.6. A tall de resum"},"content":{"rendered":"<p>L\u2019Agenda Digital \u00e9s la guia per a establir projectes i desenvolupar directives que ajudin a desenvolupar un mercat \u00fanic digital. Per tal de fer-ho cal desenvolupar programes concrets d\u2019alfabetitzaci\u00f3 i capacitaci\u00f3 digitals per a facilitar l\u2019acc\u00e9s als ciutadans de la UE al mercat laboral, l\u2019\u00fas de les administracions digitals i en general, per a millorar la seva vida i les seves capacitats.<\/p>\n<p>Aquesta Agenda digital es basa en la Declaraci\u00f3 de Lisboa, que va definir els objectius que calia assolir aquesta d\u00e8cada. Aquests objectius, que inclouen tant aspectes instrumentals com de continguts pel que fa a la inclusi\u00f3 digital, es desenvolupen en diversos plans d\u2019acci\u00f3 i programes. Tamb\u00e9 hi ha una s\u00e8rie de directives que ofereixen un marc legal per a garantir diversos ciberdrets sense els quals no hi pot haver una veritable inclusi\u00f3.<\/p>\n","protected":false},"excerpt":{"rendered":"<p>L\u2019Agenda Digital \u00e9s la guia per a establir projectes i desenvolupar directives que ajudin a desenvolupar un mercat \u00fanic digital. Per tal de fer-ho cal desenvolupar programes concrets d\u2019alfabetitzaci\u00f3 i capacitaci\u00f3 digitals per a facilitar l\u2019acc\u00e9s als ciutadans de la UE al mercat laboral, l\u2019\u00fas de les administracions digitals i en general, per a millorar [&hellip;]<\/p>\n","protected":false},"author":1,"featured_media":0,"parent":0,"menu_order":0,"comment_status":"closed","ping_status":"closed","template":"","meta":[],"_links":{"self":[{"href":"http:\/\/dinamitzacio-social-digital-test.recursos.uoc.edu\/praxis-politiques\/wp-json\/wp\/v2\/pages\/61"}],"collection":[{"href":"http:\/\/dinamitzacio-social-digital-test.recursos.uoc.edu\/praxis-politiques\/wp-json\/wp\/v2\/pages"}],"about":[{"href":"http:\/\/dinamitzacio-social-digital-test.recursos.uoc.edu\/praxis-politiques\/wp-json\/wp\/v2\/types\/page"}],"author":[{"embeddable":true,"href":"http:\/\/dinamitzacio-social-digital-test.recursos.uoc.edu\/praxis-politiques\/wp-json\/wp\/v2\/users\/1"}],"replies":[{"embeddable":true,"href":"http:\/\/dinamitzacio-social-digital-test.recursos.uoc.edu\/praxis-politiques\/wp-json\/wp\/v2\/comments?post=61"}],"version-history":[{"count":1,"href":"http:\/\/dinamitzacio-social-digital-test.recursos.uoc.edu\/praxis-politiques\/wp-json\/wp\/v2\/pages\/61\/revisions"}],"predecessor-version":[{"id":62,"href":"http:\/\/dinamitzacio-social-digital-test.recursos.uoc.edu\/praxis-politiques\/wp-json\/wp\/v2\/pages\/61\/revisions\/62"}],"wp:attachment":[{"href":"http:\/\/dinamitzacio-social-digital-test.recursos.uoc.edu\/praxis-politiques\/wp-json\/wp\/v2\/media?parent=61"}],"curies":[{"name":"wp","href":"https:\/\/api.w.org\/{rel}","templated":true}]}}