{"id":70,"date":"2018-12-18T16:47:11","date_gmt":"2018-12-18T14:47:11","guid":{"rendered":"http:\/\/dinamitzacio-social-digital-test.recursos.uoc.edu\/praxis-politiques\/?page_id=70"},"modified":"2018-12-18T16:47:11","modified_gmt":"2018-12-18T14:47:11","slug":"2-3-a-tall-de-resum","status":"publish","type":"page","link":"http:\/\/dinamitzacio-social-digital-test.recursos.uoc.edu\/praxis-politiques\/2-3-a-tall-de-resum\/","title":{"rendered":"2.3. A tall de resum"},"content":{"rendered":"<p>La comunitat de pa\u00efsos de l\u2019Am\u00e8rica Llatina i el Carib ha pres com a base de les seves pol\u00edtiques digitals l\u2019Agenda digital de la Uni\u00f3 Europea en la Cinquena Confer\u00e8ncia Ministerial sobre la Societat de la Informaci\u00f3. Aquest document remarca i fa extensives q\u00fcestions clau d\u2019inclusi\u00f3 digital, i insisteix en la necessitat de protegir els m\u00e9s desfavorits, donant-los eines i capacitats digitals per tal que tinguin m\u00e9s control de les seves vides. Hi ha tota una s\u00e8rie de programes i iniciatives per tal de garantir un di\u00e0leg i una col\u00b7laboraci\u00f3 fluida entre els pa\u00efsos de l\u2019Am\u00e8rica Llatina i el Carib i la Uni\u00f3 Europea.<\/p>\n<p>Espanya est\u00e0 plenament en sintonia amb les dues agendes digitals, la llatinoamericana i l\u2019europea, malgrat que des de l\u2019Administraci\u00f3 no es dona gaire visibilitat a aquestes iniciatives, ni hi hagi un comprom\u00eds fort a l\u2019hora de participar.<\/p>\n","protected":false},"excerpt":{"rendered":"<p>La comunitat de pa\u00efsos de l\u2019Am\u00e8rica Llatina i el Carib ha pres com a base de les seves pol\u00edtiques digitals l\u2019Agenda digital de la Uni\u00f3 Europea en la Cinquena Confer\u00e8ncia Ministerial sobre la Societat de la Informaci\u00f3. Aquest document remarca i fa extensives q\u00fcestions clau d\u2019inclusi\u00f3 digital, i insisteix en la necessitat de protegir els [&hellip;]<\/p>\n","protected":false},"author":1,"featured_media":0,"parent":0,"menu_order":0,"comment_status":"closed","ping_status":"closed","template":"","meta":[],"_links":{"self":[{"href":"http:\/\/dinamitzacio-social-digital-test.recursos.uoc.edu\/praxis-politiques\/wp-json\/wp\/v2\/pages\/70"}],"collection":[{"href":"http:\/\/dinamitzacio-social-digital-test.recursos.uoc.edu\/praxis-politiques\/wp-json\/wp\/v2\/pages"}],"about":[{"href":"http:\/\/dinamitzacio-social-digital-test.recursos.uoc.edu\/praxis-politiques\/wp-json\/wp\/v2\/types\/page"}],"author":[{"embeddable":true,"href":"http:\/\/dinamitzacio-social-digital-test.recursos.uoc.edu\/praxis-politiques\/wp-json\/wp\/v2\/users\/1"}],"replies":[{"embeddable":true,"href":"http:\/\/dinamitzacio-social-digital-test.recursos.uoc.edu\/praxis-politiques\/wp-json\/wp\/v2\/comments?post=70"}],"version-history":[{"count":1,"href":"http:\/\/dinamitzacio-social-digital-test.recursos.uoc.edu\/praxis-politiques\/wp-json\/wp\/v2\/pages\/70\/revisions"}],"predecessor-version":[{"id":71,"href":"http:\/\/dinamitzacio-social-digital-test.recursos.uoc.edu\/praxis-politiques\/wp-json\/wp\/v2\/pages\/70\/revisions\/71"}],"wp:attachment":[{"href":"http:\/\/dinamitzacio-social-digital-test.recursos.uoc.edu\/praxis-politiques\/wp-json\/wp\/v2\/media?parent=70"}],"curies":[{"name":"wp","href":"https:\/\/api.w.org\/{rel}","templated":true}]}}