{"id":72,"date":"2018-12-18T16:49:09","date_gmt":"2018-12-18T14:49:09","guid":{"rendered":"http:\/\/dinamitzacio-social-digital-test.recursos.uoc.edu\/praxis-politiques\/?page_id=72"},"modified":"2018-12-18T16:49:09","modified_gmt":"2018-12-18T14:49:09","slug":"3-context-mundial-la-cimera-mundial-de-la-societat-de-la-informacio-wsis-de-nacions-unides","status":"publish","type":"page","link":"http:\/\/dinamitzacio-social-digital-test.recursos.uoc.edu\/praxis-politiques\/3-context-mundial-la-cimera-mundial-de-la-societat-de-la-informacio-wsis-de-nacions-unides\/","title":{"rendered":"3. Context mundial: la Cimera Mundial de la Societat de la Informaci\u00f3 (WSIS) de Nacions Unides"},"content":{"rendered":"<p>La Cimera Mundial de la Societat de la Informaci\u00f3 (WSIS) en realitat consisteix en una s\u00e8rie de confer\u00e8ncies mundials que van comen\u00e7ar a Par\u00eds i Ginebra el 2003 i que continuen fins a l\u2019actualitat. En el moment d\u2019escriure aquestes l\u00ednies l\u2019\u00faltima va tenir lloc a Ginebra el 2018.<\/p>\n<p>En aquestes trobades s\u2019intenta arribar a un consens sobre les necessitats i les mancances a l\u2019hora de desenvolupar una societat de la informaci\u00f3 que esdevingui realment inclusiva i respectuosa amb els drets humans, i que ajudi a reduir les desigualtats. La capacitaci\u00f3 digital t\u00e9 una import\u00e0ncia cabdal en aquestes discussions i, a m\u00e9s, cal destacar que es fa des d\u2019un context mundial: evidentment les necessitats del Senegal o l\u2019\u00cdndia quan es parla d\u2019inclusi\u00f3 digital s\u00f3n molt diferents de les que es plantegen des la Comissi\u00f3 Europea i la seva Agenda digital.<\/p>\n<p>Un dels aspectes m\u00e9s innovadors d\u2019aquestes trobades ha estat la participaci\u00f3 de la societat civil, que fins ara no havia estat present de manera significativa en cap f\u00f2rum sobre el tema, ja que, normalment, aquestes cimeres estan obertes nom\u00e9s als governs i al sector privat. No \u00e9s menys cert que aquesta participaci\u00f3 de la societat civil no \u00e9s tan satisfact\u00f2ria com moltes ONG haguessin volgut, per\u00f2 tanmateix \u00e9s un pas endavant.<\/p>\n<p>Les dues primeres cimeres, la del 2003 a Par\u00eds i Ginebra, i la del 2005 a Tunis, es consideren les m\u00e9s importants, ja que \u00e9s on es van consensuar els dos documents clau per a guiar el desenvolupament de la societat de la informaci\u00f3 a escala mundial: inclouen una declaraci\u00f3 de principis, en la qual es detalla com es vol que sigui aquesta nova societat, i un pla d\u2019acci\u00f3 que especifica com es podria aconseguir. Les altres confer\u00e8ncies s\u2019han orientat m\u00e9s a avaluar l\u2019aplicaci\u00f3 d\u2019aquests principis i aquestes accions, i tamb\u00e9 en les seves millora, continu\u00eftat i efectivitat.<\/p>\n<p>La Cimera Mundial de la Societat de la Informaci\u00f3 no ha estat, ni de bon tros, una iniciativa a\u00efllada, sin\u00f3 que est\u00e0 clarament connectada amb altres iniciatives anteriors, com les cimeres contra la fam o la cimera de la sostenibilitat ambiental. De fet, la cimera de 2018 connectava els principis i les accions dels documents clau amb les fites de desenvolupament sostenible de Nacions Unides.<\/p>\n<p>A continuaci\u00f3 recollim els articles que tenen m\u00e9s rellev\u00e0ncia en relaci\u00f3 amb la inclusi\u00f3 digital:<\/p>\n<ul>\n<li>L\u2019article 10 d\u2019aquesta declaraci\u00f3 adverteix del perill de la divis\u00f2ria digital, i m\u00e9s espec\u00edficament, els articles 13, 14 i 15 estableixen la necessitat de prestar una atenci\u00f3 especial als col\u00b7lectius en risc exclusi\u00f3, que s\u00f3n encara m\u00e9s vulnerables a patir la divis\u00f2ria digital.<\/li>\n<li>L\u2019article 17 defensa la necessitat d\u2019una solidaritat digital per a enfrontar-se al perill d\u2019analfabetisme digital, i insisteix que la soluci\u00f3 ha de sortir des de la responsabilitat i la participaci\u00f3 conjuntes de governs, sector privat i societat civil.<\/li>\n<li>L\u2019article 24, un dels m\u00e9s rellevants, defensa la necessitat de crear un repositori ric de continguts digitals educatius de car\u00e0cter p\u00fablic i obert.<\/li>\n<li>L\u2019article 29 argumenta a favor de la capacitaci\u00f3 digital, incloent-hi tamb\u00e9 bona part de les q\u00fcestions que hem analitzat des de la perspectiva del desenvolupament de compet\u00e8ncies digitals.<\/li>\n<li>Els articles 35 i 36 tracten sobre la seguretat inform\u00e0tica, per\u00f2 val a dir que la redacci\u00f3 \u00e9s for\u00e7a ambigua, ja que en el text es diu que es reserva el dret de retallar l\u2019acc\u00e9s universal i la llibertat d\u2019expressi\u00f3 en contextos \u00abinconsistents amb l\u2019objectiu de mantenir l\u2019estabilitat i la seguretat internacionals\u00bb.<\/li>\n<li>L\u2019article 37 parla del correu brossa i de la necessitat de crear lleis nacionals i internacionals per a regular-lo.<\/li>\n<li>L\u2019article 48 \u00e9s un dels articles clau. Demana una gesti\u00f3 internacional d\u2019internet que sigui \u00abmultilateral, transparent i democr\u00e0tica\u00bb. At\u00e8s que internet \u00e9s un fenomen global, t\u00e9 sentit que el seu control tamb\u00e9 sigui global i no nacional.<\/li>\n<li>Els articles 53 i 54 destaquen la necessitat de defensar la diversitat cultural i ling\u00fc\u00edstica tamb\u00e9 a la xarxa.<\/li>\n<li>L\u2019article 56 defensa la infusi\u00f3 de valors \u00e8tics com \u00abla llibertat, la igualtat, la solidaritat, la toler\u00e0ncia, la responsabilitat compartida i el respecte per la natura\u00bb.<\/li>\n<li>L\u2019article 61 defensa internet com un instrument clau de solidaritat per a fer m\u00e9s factibles els objectius de la Declaraci\u00f3 del mil\u00b7lenni.<\/li>\n<\/ul>\n<p>Alguns recursos de la Cimera Mundial de la Societat de la Informaci\u00f3:<\/p>\n<ul>\n<li><a href=\"http:\/\/www.itu.int\/net\/wsis\/\" target=\"_blank\" rel=\"noopener\">Web oficial de la Cimera<\/a> (en castell\u00e0)<\/li>\n<li><a href=\"http:\/\/www.itu.int\/net\/wsis\/documents\/doc_multi.asp?lang=en&amp;id=1161%7C0\" target=\"_blank\" rel=\"noopener\">Declaraci\u00f3 de principis de la Cimera de Ginebra<\/a><\/li>\n<li><a href=\"http:\/\/www.itu.int\/net\/wsis\/documents\/doc_multi.asp?lang=en&amp;id=1160%7C0\" target=\"_blank\" rel=\"noopener\">Pla d\u2019acci\u00f3 de la Cimera de Ginebra<\/a><\/li>\n<li><a href=\"http:\/\/www.itu.int\/net\/wsis\/documents\/doc_multi.asp?lang=en&amp;id=2266%7C0\" target=\"_blank\" rel=\"noopener\">Comprom\u00eds de Tunis<\/a><\/li>\n<li><a href=\"http:\/\/www.itu.int\/net\/wsis\/documents\/doc_multi.asp?lang=en&amp;id=2267%7C0\" target=\"_blank\" rel=\"noopener\">Agenda de Tunis per a la societat de la informaci\u00f3<\/a><\/li>\n<\/ul>\n<p>El pla d\u2019acci\u00f3 \u00e9s el document clau de la cimera. Vindria a ser com una mena de Declaraci\u00f3 de Lisboa per\u00f2 d\u2019abast mundial, que ha d\u2019establir els objectius que cal assolir en un futur proper per a assegurar una societat de la informaci\u00f3 realment inclusiva. Com a m\u00ednim, es tracta d\u2019un pla d\u2019acci\u00f3 ambici\u00f3s. Aix\u00ed, s\u2019espera \u00abassegurar que l\u2019acc\u00e9s a les TIC sigui a l\u2019abast de m\u00e9s de la meitat dels habitants del planeta\u00bb, amb una \u00abatenci\u00f3 especial per a les necessitats del pa\u00efsos en vies de desenvolupament\u00bb.<\/p>\n<p>Aquest pla d\u2019acci\u00f3 t\u00e9 diverses l\u00ednies d\u2019acci\u00f3 marcades des de C1 a C10, que es van revisant i adaptant a cada nova cimera:<\/p>\n<ul>\n<li><strong>C2<\/strong> s\u2019ocupa de les infraestructures; demana que es tingui sempre en compte els grups en perill d\u2019exclusi\u00f3 a l\u2019hora de desenvolupar les estructures.<\/li>\n<li><strong>C3<\/strong> manlleva les idees de l\u2019article 24 de la Declaraci\u00f3 de Principis per a crear un repositori lliure de continguts educatius, desenvolupant serveis p\u00fablics i oberts d\u2019arxius i biblioteques.<\/li>\n<li><strong>C4<\/strong> \u00e9s la l\u00ednia m\u00e9s rellevant, ja que parla precisament de la capacitaci\u00f3 digital. Recorda que, m\u00e9s enll\u00e0 de l\u2019acc\u00e9s a infraestructures i l\u2019alfabetitzaci\u00f3 funcional, cal construir capacitats, fer que les TIC siguin un instrument per a accedir a la informaci\u00f3 i poder-la utilitzar per a millorar la vida de les persones, assegurar que els joves disposin de la capacitat d\u2019analitzar i tractar la informaci\u00f3 de manera creativa i innovadora, i que puguin intercanviar les seves experi\u00e8ncies i participar plenament en la societat de la informaci\u00f3.<\/li>\n<\/ul>\n<p>El finan\u00e7ament d\u2019aquest programa \u00e9s, sens dubte, el punt clau per al seu desenvolupament. D\u2019una banda, aquest pla d\u2019acci\u00f3 apel\u00b7la a la mobilitzaci\u00f3 de recursos segons el Consens de Monterey; \u00e9s a dir, destinar el 0,7 % del producte interior brut als pa\u00efsos en vies de desenvolupament. En paral\u00b7lel, es demana que un Grup Especial de l\u2019ONU analitzi, precisament, la millor manera de desenvolupar i gestionar les inversions en TIC.<\/p>\n<p>Potser el plantejament de la Cimera Mundial de la Societat de la Informaci\u00f3 \u00e9s excessivament generalista, per\u00f2 hi ha bones idees i val la pena estudiar-les detingudament.<\/p>\n<p>Pot ser interessant visitar regularment el web de la Cimera Mundial de la Societat de la Informaci\u00f3 per seguir-ne el desenvolupament.<\/p>\n","protected":false},"excerpt":{"rendered":"<p>La Cimera Mundial de la Societat de la Informaci\u00f3 (WSIS) en realitat consisteix en una s\u00e8rie de confer\u00e8ncies mundials que van comen\u00e7ar a Par\u00eds i Ginebra el 2003 i que continuen fins a l\u2019actualitat. En el moment d\u2019escriure aquestes l\u00ednies l\u2019\u00faltima va tenir lloc a Ginebra el 2018. En aquestes trobades s\u2019intenta arribar a un [&hellip;]<\/p>\n","protected":false},"author":1,"featured_media":0,"parent":0,"menu_order":0,"comment_status":"closed","ping_status":"closed","template":"","meta":[],"_links":{"self":[{"href":"http:\/\/dinamitzacio-social-digital-test.recursos.uoc.edu\/praxis-politiques\/wp-json\/wp\/v2\/pages\/72"}],"collection":[{"href":"http:\/\/dinamitzacio-social-digital-test.recursos.uoc.edu\/praxis-politiques\/wp-json\/wp\/v2\/pages"}],"about":[{"href":"http:\/\/dinamitzacio-social-digital-test.recursos.uoc.edu\/praxis-politiques\/wp-json\/wp\/v2\/types\/page"}],"author":[{"embeddable":true,"href":"http:\/\/dinamitzacio-social-digital-test.recursos.uoc.edu\/praxis-politiques\/wp-json\/wp\/v2\/users\/1"}],"replies":[{"embeddable":true,"href":"http:\/\/dinamitzacio-social-digital-test.recursos.uoc.edu\/praxis-politiques\/wp-json\/wp\/v2\/comments?post=72"}],"version-history":[{"count":2,"href":"http:\/\/dinamitzacio-social-digital-test.recursos.uoc.edu\/praxis-politiques\/wp-json\/wp\/v2\/pages\/72\/revisions"}],"predecessor-version":[{"id":148,"href":"http:\/\/dinamitzacio-social-digital-test.recursos.uoc.edu\/praxis-politiques\/wp-json\/wp\/v2\/pages\/72\/revisions\/148"}],"wp:attachment":[{"href":"http:\/\/dinamitzacio-social-digital-test.recursos.uoc.edu\/praxis-politiques\/wp-json\/wp\/v2\/media?parent=72"}],"curies":[{"name":"wp","href":"https:\/\/api.w.org\/{rel}","templated":true}]}}