{"id":74,"date":"2018-12-18T16:49:35","date_gmt":"2018-12-18T14:49:35","guid":{"rendered":"http:\/\/dinamitzacio-social-digital-test.recursos.uoc.edu\/praxis-politiques\/?page_id=74"},"modified":"2018-12-18T16:49:35","modified_gmt":"2018-12-18T14:49:35","slug":"conclusions","status":"publish","type":"page","link":"http:\/\/dinamitzacio-social-digital-test.recursos.uoc.edu\/praxis-politiques\/conclusions\/","title":{"rendered":"Conclusions"},"content":{"rendered":"<p>La capacitaci\u00f3 digital \u00e9s una necessitat en un m\u00f3n cada cop m\u00e9s dependent de la tecnologia. Ens costaria molt ara mateix trobar alguna activitat humana que no depengui, directament o indirectament, de l\u2019\u00fas de tecnologies digitals.<\/p>\n<p>Afortunadament, la Uni\u00f3 Europea \u00e9s molt conscient d\u2019aquesta necessitat i ha activat tota una s\u00e8rie de mesures, directives i programes per a facilitar la capacitaci\u00f3 digital de les ciutadanes i els ciutadans de la UE.<\/p>\n<p>\u00c9s important examinar en detall aquests programes i propostes, tant per a con\u00e8ixer de quina manera es desenvolupa actualment un programa de capacitaci\u00f3 digital en un pa\u00eds de la UE, com per a cercar futures eines de finan\u00e7ament per als projectes.<\/p>\n<p>Els plans de la UE s\u00f3n tamb\u00e9 molt rellevants per a nosaltres, perqu\u00e8 marquen els programes i les accions de capacitaci\u00f3 digital en els \u00e0mbits espanyol i catal\u00e0, i s\u00f3n la inspiraci\u00f3 de les iniciatives que tenen lloc a l\u2019Am\u00e8rica Llatina.<\/p>\n<p>No es pot oblidar que no tots els pa\u00efsos van a la mateixa velocitat, ja que no tots disposen ni del finan\u00e7ament, ni de les infraestructures ni de la capacitat de formaci\u00f3 de la UE o els Estats Units. Per aix\u00f2 \u00e9s important la Cimera Mundial de Nacions Unides, perqu\u00e8 pot assegurar un desenvolupament global harmoni\u00f3s de les tecnologies digitals arreu del m\u00f3n.<\/p>\n","protected":false},"excerpt":{"rendered":"<p>La capacitaci\u00f3 digital \u00e9s una necessitat en un m\u00f3n cada cop m\u00e9s dependent de la tecnologia. Ens costaria molt ara mateix trobar alguna activitat humana que no depengui, directament o indirectament, de l\u2019\u00fas de tecnologies digitals. Afortunadament, la Uni\u00f3 Europea \u00e9s molt conscient d\u2019aquesta necessitat i ha activat tota una s\u00e8rie de mesures, directives i [&hellip;]<\/p>\n","protected":false},"author":1,"featured_media":0,"parent":0,"menu_order":0,"comment_status":"closed","ping_status":"closed","template":"","meta":[],"_links":{"self":[{"href":"http:\/\/dinamitzacio-social-digital-test.recursos.uoc.edu\/praxis-politiques\/wp-json\/wp\/v2\/pages\/74"}],"collection":[{"href":"http:\/\/dinamitzacio-social-digital-test.recursos.uoc.edu\/praxis-politiques\/wp-json\/wp\/v2\/pages"}],"about":[{"href":"http:\/\/dinamitzacio-social-digital-test.recursos.uoc.edu\/praxis-politiques\/wp-json\/wp\/v2\/types\/page"}],"author":[{"embeddable":true,"href":"http:\/\/dinamitzacio-social-digital-test.recursos.uoc.edu\/praxis-politiques\/wp-json\/wp\/v2\/users\/1"}],"replies":[{"embeddable":true,"href":"http:\/\/dinamitzacio-social-digital-test.recursos.uoc.edu\/praxis-politiques\/wp-json\/wp\/v2\/comments?post=74"}],"version-history":[{"count":1,"href":"http:\/\/dinamitzacio-social-digital-test.recursos.uoc.edu\/praxis-politiques\/wp-json\/wp\/v2\/pages\/74\/revisions"}],"predecessor-version":[{"id":75,"href":"http:\/\/dinamitzacio-social-digital-test.recursos.uoc.edu\/praxis-politiques\/wp-json\/wp\/v2\/pages\/74\/revisions\/75"}],"wp:attachment":[{"href":"http:\/\/dinamitzacio-social-digital-test.recursos.uoc.edu\/praxis-politiques\/wp-json\/wp\/v2\/media?parent=74"}],"curies":[{"name":"wp","href":"https:\/\/api.w.org\/{rel}","templated":true}]}}